{"id":874,"date":"2024-12-04T09:07:06","date_gmt":"2024-12-04T09:07:06","guid":{"rendered":"https:\/\/bio-vita.co.rs\/?page_id=874"},"modified":"2024-12-29T16:50:37","modified_gmt":"2024-12-29T16:50:37","slug":"contact-us","status":"publish","type":"page","link":"https:\/\/bio-vita.co.rs\/sr\/contact-us\/","title":{"rendered":"Kontaktirajte nas"},"content":{"rendered":"<div data-elementor-type=\"wp-page\" data-elementor-id=\"874\" class=\"elementor elementor-874\">\n\t\t\t\t<div class=\"elementor-element elementor-element-64a43a8 e-flex e-con-boxed e-con e-parent\" data-id=\"64a43a8\" data-element_type=\"container\" data-settings=\"{&quot;jet_parallax_layout_list&quot;:[]}\">\n\t\t\t\t\t<div class=\"e-con-inner\">\n\t\t\t\t<div class=\"elementor-element elementor-element-294e253 elementor-widget__width-initial elementor-widget-mobile__width-initial elementor-widget elementor-widget-heading\" data-id=\"294e253\" data-element_type=\"widget\" data-widget_type=\"heading.default\">\n\t\t\t\t<div class=\"elementor-widget-container\">\n\t\t\t\t\t<h2 class=\"elementor-heading-title elementor-size-default\">Kontaktirajte nas<\/h2>\t\t\t\t<\/div>\n\t\t\t\t<\/div>\n\t\t\t\t<div class=\"elementor-element elementor-element-1853dad elementor-widget__width-initial elementor-widget elementor-widget-text-editor\" data-id=\"1853dad\" data-element_type=\"widget\" data-widget_type=\"text-editor.default\">\n\t\t\t\t<div class=\"elementor-widget-container\">\n\t\t\t\t\t\t\t\t\t<p>Bilo da imate pitanja, trebate smernice ili jednostavno \u017eelite da saznate vi\u0161e o na\u0161em radu, na\u0161 tim je spreman da vam pomogne na svakom koraku.\u00a0<\/p>\t\t\t\t\t\t\t\t<\/div>\n\t\t\t\t<\/div>\n\t\t<div class=\"elementor-element elementor-element-4dab8a7 e-con-full fade-on-scroll e-flex e-con e-child\" data-id=\"4dab8a7\" data-element_type=\"container\" id=\"fade-on-scroll\" data-settings=\"{&quot;background_background&quot;:&quot;classic&quot;,&quot;jet_parallax_layout_list&quot;:[]}\">\n\t\t\t\t<\/div>\n\t\t<div class=\"elementor-element elementor-element-543522b e-con-full fade-on-scroll e-flex e-con e-child\" data-id=\"543522b\" data-element_type=\"container\" data-settings=\"{&quot;jet_parallax_layout_list&quot;:[]}\">\n\t\t<div class=\"elementor-element elementor-element-7aa9808 e-con-full e-flex e-con e-child\" data-id=\"7aa9808\" data-element_type=\"container\" data-settings=\"{&quot;jet_parallax_layout_list&quot;:[]}\">\n\t\t\t\t<div class=\"elementor-element elementor-element-70a8f28 elementor-widget__width-initial elementor-widget elementor-widget-heading\" data-id=\"70a8f28\" data-element_type=\"widget\" data-widget_type=\"heading.default\">\n\t\t\t\t<div class=\"elementor-widget-container\">\n\t\t\t\t\t<h2 class=\"elementor-heading-title elementor-size-default\">Kontaktirajte nas \u2013 Tu smo da pomognemo!<\/h2>\t\t\t\t<\/div>\n\t\t\t\t<\/div>\n\t\t\t\t<\/div>\n\t\t<div class=\"elementor-element elementor-element-870fa72 e-con-full e-flex e-con e-child\" data-id=\"870fa72\" data-element_type=\"container\" data-settings=\"{&quot;jet_parallax_layout_list&quot;:[]}\">\n\t\t\t\t<div class=\"elementor-element elementor-element-edf82da elementor-widget elementor-widget-html\" data-id=\"edf82da\" data-element_type=\"widget\" data-widget_type=\"html.default\">\n\t\t\t\t<div class=\"elementor-widget-container\">\n\t\t\t\t\t<form id=\"custom-form\" method=\"POST\" action=\"\">\r\n  <div class=\"form-row\">\r\n    <div class=\"form-group\">\r\n      <label for=\"name\">Ime:<\/label>\r\n      <input type=\"text\" id=\"name\" name=\"name\" required>\r\n    <\/div>\r\n\r\n    <div class=\"form-group\">\r\n      <label for=\"last_name\">Prezime:<\/label>\r\n      <input type=\"text\" id=\"last_name\" name=\"last_name\" required>\r\n    <\/div>\r\n\r\n    <div class=\"form-group\">\r\n      <label for=\"email\">Email:<\/label>\r\n      <input type=\"email\" id=\"email\" name=\"email\" required>\r\n    <\/div>\r\n  <\/div>\r\n\r\n  <div class=\"form-row\">\r\n    <label for=\"message\">Poruka:<\/label>\r\n    <textarea id=\"message\" name=\"message\" rows=\"8\" required><\/textarea>\r\n  <\/div>\r\n\r\n  <!-- Honeypot Field -->\r\n  <div style=\"display: none;\">\r\n    <label for=\"honeypot\">Do not fill this out:<\/label>\r\n    <input type=\"text\" id=\"honeypot\" name=\"honeypot\" autocomplete=\"off\">\r\n  <\/div>\r\n\r\n  <div class=\"form-row button-row\">\r\n    <button class=\"button-submit\" type=\"submit\">Po\u0161alji<\/button>\r\n  <\/div>\r\n<input type=\"hidden\" name=\"trp-form-language\" value=\"sr\"\/><\/form>\r\n\r\n<style>\r\n  \/* Style the form container *\/\r\n  #custom-form {\r\n    padding: 32px;\r\n    border: 1px solid #204F3D;\r\n    border-radius: 20px;\r\n    font-family: Outfit, sans-serif;\r\n  }\r\n\r\n  \/* Style the form rows *\/\r\n  .form-row {\r\n    display: flex;\r\n    flex-wrap: wrap;\r\n    margin-bottom: 20px;\r\n  }\r\n\r\n  .form-group {\r\n    flex: 1;\r\n    margin-right: 20px;\r\n  }\r\n\r\n  \/* Remove margin from the last input in the row *\/\r\n  .form-group:last-child {\r\n    margin-right: 0;\r\n  }\r\n\r\n  \/* Style labels *\/\r\n  label {\r\n    display: block;\r\n    margin-bottom: 8px;\r\n    font-weight: 500;\r\n    color: #204F3D;\r\n    font-size: 14px;\r\n  }\r\n\r\n  \/* Style inputs and textarea *\/\r\n  input,\r\n  textarea {\r\n    width: 100%;\r\n    padding: 10px;\r\n    border: 1px solid #204F3D !important;\r\n    border-radius: 7px !important;\r\n    font-size: 16px;\r\n    box-sizing: border-box;\r\n  }\r\n\r\n  input:focus, \r\n  textarea:focus {\r\n    border-color: #8FD34B !important;\r\n    outline: none;\r\n  }\r\n\r\n  .form-row.button-row {\r\n    justify-content: flex-end !important;\r\n  }\r\n\r\n  \/* Style the textarea row *\/\r\n  textarea {\r\n    width: 100%;\r\n    resize: vertical;\r\n  }\r\n\r\n  \/* Style the submit button *\/\r\n  .button-row {\r\n    text-align: right;\r\n  }\r\n\r\n  .button-submit {\r\n    margin-left: 0 auto !important;\r\n    padding: 6px 16px !important;\r\n    background-color: #8FD34B !important;\r\n    color: #204F3D !important;\r\n    border: 1px solid #8FD34B !important;\r\n    border-radius: 32px !important;\r\n    font-size: 16px;\r\n    font-weight: 500 !important;\r\n    cursor: pointer;\r\n    transition: background-color 0.3s ease !important;\r\n  }\r\n\r\n  .button-submit:hover {\r\n    background-color: #E3FFC8 !important;\r\n    border: 1px solid #204F3D !important;\r\n  }\r\n\r\n  \/* Adjust layout for small screens *\/\r\n  @media (max-width: 768px) {\r\n    .form-row {\r\n      flex-direction: column;\r\n    }\r\n\r\n    .form-group {\r\n      margin-right: 0;\r\n      margin-bottom: 10px;\r\n    }\r\n  }\r\n<\/style>\r\n\r\n<script>\r\n  document.getElementById('custom-form').addEventListener('submit', async function (event) {\r\n    event.preventDefault();\r\n\r\n    const webhookUrl = 'https:\/\/hook.eu2.make.com\/feyieqvaq62xq0g9pwhkues8wuhu26wf';\r\n\r\n    \/\/ Check the honeypot field\r\n    const honeypot = document.getElementById('honeypot').value;\r\n    if (honeypot) {\r\n      console.warn('Bot detected - submission blocked.');\r\n      return; \/\/ Do not proceed with submission\r\n    }\r\n\r\n    const formData = {\r\n      name: document.getElementById('name').value,\r\n      last_name: document.getElementById('last_name').value,\r\n      email: document.getElementById('email').value,\r\n      message: document.getElementById('message').value,\r\n    };\r\n\r\n    \/\/ Validate email to contain '@'\r\n    if (!formData.email.includes('@')) {\r\n      alert('Please enter a valid email address containing \"@\"');\r\n      return;\r\n    }\r\n\r\n    try {\r\n      const response = await fetch(webhookUrl, {\r\n        method: 'POST',\r\n        headers: {\r\n          'Content-Type': 'application\/json',\r\n        },\r\n        body: JSON.stringify(formData),\r\n      });\r\n\r\n      if (response.ok) {\r\n        alert('Form submitted successfully!');\r\n        document.getElementById('custom-form').reset(); \/\/ Reset the form\r\n      } else {\r\n        alert('Failed to submit the form. Please try again later.');\r\n      }\r\n    } catch (error) {\r\n      console.error('Error submitting the form:', error);\r\n      alert('An error occurred. Please try again later.');\r\n    }\r\n  });\r\n<\/script>\r\n\t\t\t\t<\/div>\n\t\t\t\t<\/div>\n\t\t\t\t<\/div>\n\t\t\t\t<\/div>\n\t\t<div class=\"elementor-element elementor-element-d2786a4 e-con-full e-flex e-con e-child\" data-id=\"d2786a4\" data-element_type=\"container\" id=\"fade-on-scroll\" data-settings=\"{&quot;jet_parallax_layout_list&quot;:[]}\">\n\t\t<div class=\"elementor-element elementor-element-46f397e e-con-full e-flex e-con e-child\" data-id=\"46f397e\" data-element_type=\"container\" data-settings=\"{&quot;jet_parallax_layout_list&quot;:[]}\">\n\t\t\t\t<div class=\"elementor-element elementor-element-6ade39f elementor-widget__width-initial elementor-widget elementor-widget-heading\" data-id=\"6ade39f\" data-element_type=\"widget\" data-widget_type=\"heading.default\">\n\t\t\t\t<div class=\"elementor-widget-container\">\n\t\t\t\t\t<h2 class=\"elementor-heading-title elementor-size-default\">Gde nas mo\u017eete prona\u0107i?<\/h2>\t\t\t\t<\/div>\n\t\t\t\t<\/div>\n\t\t<div class=\"elementor-element elementor-element-2ddcf89 e-con-full e-flex e-con e-child\" data-id=\"2ddcf89\" data-element_type=\"container\" data-settings=\"{&quot;background_background&quot;:&quot;classic&quot;,&quot;jet_parallax_layout_list&quot;:[]}\">\n\t\t<div class=\"elementor-element elementor-element-d1ec443 e-con-full e-flex e-con e-child\" data-id=\"d1ec443\" data-element_type=\"container\" data-settings=\"{&quot;jet_parallax_layout_list&quot;:[]}\">\n\t\t\t\t<div class=\"elementor-element elementor-element-d959de4 elementor-widget__width-initial elementor-widget elementor-widget-image\" data-id=\"d959de4\" data-element_type=\"widget\" data-widget_type=\"image.default\">\n\t\t\t\t<div class=\"elementor-widget-container\">\n\t\t\t\t\t\t\t\t\t\t\t\t\t\t\t<img fetchpriority=\"high\" decoding=\"async\" width=\"700\" height=\"340\" src=\"https:\/\/bio-vita.co.rs\/wp-content\/uploads\/2024\/12\/logobv.png\" class=\"attachment-large size-large wp-image-770\" alt=\"\" srcset=\"https:\/\/bio-vita.co.rs\/wp-content\/uploads\/2024\/12\/logobv.png 700w, https:\/\/bio-vita.co.rs\/wp-content\/uploads\/2024\/12\/logobv-300x146.png 300w\" sizes=\"(max-width: 700px) 100vw, 700px\" \/>\t\t\t\t\t\t\t\t\t\t\t\t\t\t\t<\/div>\n\t\t\t\t<\/div>\n\t\t\t\t<div class=\"elementor-element elementor-element-79c4d0e elementor-widget__width-initial elementor-widget-mobile__width-initial elementor-widget elementor-widget-heading\" data-id=\"79c4d0e\" data-element_type=\"widget\" data-widget_type=\"heading.default\">\n\t\t\t\t<div class=\"elementor-widget-container\">\n\t\t\t\t\t<h2 class=\"elementor-heading-title elementor-size-default\">Adresa posete<\/h2>\t\t\t\t<\/div>\n\t\t\t\t<\/div>\n\t\t\t\t<div class=\"elementor-element elementor-element-29c4a6b elementor-widget__width-initial elementor-widget-mobile__width-initial elementor-widget elementor-widget-heading\" data-id=\"29c4a6b\" data-element_type=\"widget\" data-widget_type=\"heading.default\">\n\t\t\t\t<div class=\"elementor-widget-container\">\n\t\t\t\t\t<h2 class=\"elementor-heading-title elementor-size-default\">Petefi \u0160andora 52, 21426 Vajska, Serbia<\/h2>\t\t\t\t<\/div>\n\t\t\t\t<\/div>\n\t\t\t\t<div class=\"elementor-element elementor-element-4a1e846 elementor-widget__width-initial elementor-widget-mobile__width-initial elementor-widget elementor-widget-heading\" data-id=\"4a1e846\" data-element_type=\"widget\" data-widget_type=\"heading.default\">\n\t\t\t\t<div class=\"elementor-widget-container\">\n\t\t\t\t\t<h2 class=\"elementor-heading-title elementor-size-default\">info@bio-vita.co.rs<\/h2>\t\t\t\t<\/div>\n\t\t\t\t<\/div>\n\t\t\t\t<div class=\"elementor-element elementor-element-831b7da elementor-widget__width-initial elementor-widget-mobile__width-initial elementor-widget elementor-widget-heading\" data-id=\"831b7da\" data-element_type=\"widget\" data-widget_type=\"heading.default\">\n\t\t\t\t<div class=\"elementor-widget-container\">\n\t\t\t\t\t<h2 class=\"elementor-heading-title elementor-size-default\">+381 21 775 669<\/h2>\t\t\t\t<\/div>\n\t\t\t\t<\/div>\n\t\t\t\t<div class=\"elementor-element elementor-element-90e26dc elementor-widget__width-initial elementor-widget-mobile__width-initial elementor-widget elementor-widget-heading\" data-id=\"90e26dc\" data-element_type=\"widget\" data-widget_type=\"heading.default\">\n\t\t\t\t<div class=\"elementor-widget-container\">\n\t\t\t\t\t<h2 class=\"elementor-heading-title elementor-size-default\">+381 21 775 837<\/h2>\t\t\t\t<\/div>\n\t\t\t\t<\/div>\n\t\t\t\t<\/div>\n\t\t\t\t<div class=\"elementor-element elementor-element-a0bdcff elementor-widget elementor-widget-html\" data-id=\"a0bdcff\" data-element_type=\"widget\" data-widget_type=\"html.default\">\n\t\t\t\t<div class=\"elementor-widget-container\">\n\t\t\t\t\t<a href=\"https:\/\/maps.app.goo.gl\/kXYfPhfppqB5g3yg6\" class=\"location-button\" target=\"_blank\" rel=\"noopener noreferrer\">\n    Lokacija <img decoding=\"async\" src=\"https:\/\/bio-vita.co.rs\/wp-content\/uploads\/2024\/12\/gps.png\" alt=\"Icon\" class=\"button-icon\">\n<\/a>\n<style>\n    .location-button {\n        \n        font-family: Outfit;\n        background-color: #8FD34B;\n        color: #204F3D;\n        align-items: center;\n        padding-top: 4px;\n        padding-right: 4px;\n        padding-bottom: 4px;\n        padding-left: 12px;\n        display: flex;\n        border-radius: 32px;\n        font-weight: 500;\n        font-size: 14px;\n        transition: background-color 0.5s ease;\n        text-decoration: none !important;\n        \n        \n    }\n    \n    .location-button img.button-icon {\n        height: 24px;\n        width: auto;\n        margin-left: 8px;\n        \n    }\n    .location-button:hover {\n        background-color: #C9EBA8;\n        color: #204F3D;\n    }\n    \n   \n<\/style>\t\t\t\t<\/div>\n\t\t\t\t<\/div>\n\t\t\t\t<\/div>\n\t\t\t\t<\/div>\n\t\t<div class=\"elementor-element elementor-element-5388bde e-con-full e-flex e-con e-child\" data-id=\"5388bde\" data-element_type=\"container\" data-settings=\"{&quot;background_background&quot;:&quot;classic&quot;,&quot;jet_parallax_layout_list&quot;:[]}\">\n\t\t\t\t<\/div>\n\t\t\t\t<\/div>\n\t\t\t\t\t<\/div>\n\t\t\t\t<\/div>\n\t\t\t\t<\/div>","protected":false},"excerpt":{"rendered":"<p>Contact us Whether you have questions, need guidance, or simply want to learn more about what we do, our team is ready to assist you every step of the way.\u00a0 Get in Touch with Us \u2013 We&#8217;re Here to Help! Name: Last Name: Email: Message: Do not fill this out: Submit Where to Find Us? [&hellip;]<\/p>","protected":false},"author":1,"featured_media":0,"parent":0,"menu_order":0,"comment_status":"closed","ping_status":"closed","template":"","meta":{"footnotes":""},"class_list":["post-874","page","type-page","status-publish","hentry"],"_links":{"self":[{"href":"https:\/\/bio-vita.co.rs\/sr\/wp-json\/wp\/v2\/pages\/874","targetHints":{"allow":["GET"]}}],"collection":[{"href":"https:\/\/bio-vita.co.rs\/sr\/wp-json\/wp\/v2\/pages"}],"about":[{"href":"https:\/\/bio-vita.co.rs\/sr\/wp-json\/wp\/v2\/types\/page"}],"author":[{"embeddable":true,"href":"https:\/\/bio-vita.co.rs\/sr\/wp-json\/wp\/v2\/users\/1"}],"replies":[{"embeddable":true,"href":"https:\/\/bio-vita.co.rs\/sr\/wp-json\/wp\/v2\/comments?post=874"}],"version-history":[{"count":227,"href":"https:\/\/bio-vita.co.rs\/sr\/wp-json\/wp\/v2\/pages\/874\/revisions"}],"predecessor-version":[{"id":3631,"href":"https:\/\/bio-vita.co.rs\/sr\/wp-json\/wp\/v2\/pages\/874\/revisions\/3631"}],"wp:attachment":[{"href":"https:\/\/bio-vita.co.rs\/sr\/wp-json\/wp\/v2\/media?parent=874"}],"curies":[{"name":"wp","href":"https:\/\/api.w.org\/{rel}","templated":true}]}}