{"id":774,"date":"2024-12-04T07:48:27","date_gmt":"2024-12-04T07:48:27","guid":{"rendered":"https:\/\/bio-vita.co.rs\/?page_id=774"},"modified":"2025-01-16T17:00:15","modified_gmt":"2025-01-16T17:00:15","slug":"about-us","status":"publish","type":"page","link":"https:\/\/bio-vita.co.rs\/sr\/about-us\/","title":{"rendered":"O nama"},"content":{"rendered":"<div data-elementor-type=\"wp-page\" data-elementor-id=\"774\" class=\"elementor elementor-774\">\n\t\t\t\t<div class=\"elementor-element elementor-element-02922e7 e-flex e-con-boxed e-con e-parent\" data-id=\"02922e7\" data-element_type=\"container\" data-settings=\"{&quot;jet_parallax_layout_list&quot;:[]}\">\n\t\t\t\t\t<div class=\"e-con-inner\">\n\t\t\t\t<div class=\"elementor-element elementor-element-752d94f elementor-widget__width-initial elementor-widget-mobile__width-initial elementor-widget elementor-widget-heading\" data-id=\"752d94f\" data-element_type=\"widget\" data-widget_type=\"heading.default\">\n\t\t\t\t<div class=\"elementor-widget-container\">\n\t\t\t\t\t<h2 class=\"elementor-heading-title elementor-size-default\">O nama<\/h2>\t\t\t\t<\/div>\n\t\t\t\t<\/div>\n\t\t\t\t<div class=\"elementor-element elementor-element-04d9847 elementor-widget__width-initial elementor-widget elementor-widget-text-editor\" data-id=\"04d9847\" data-element_type=\"widget\" data-widget_type=\"text-editor.default\">\n\t\t\t\t<div class=\"elementor-widget-container\">\n\t\t\t\t\t\t\t\t\t<p>Osnovani u aprilu 1997. godine, zapo\u010deli smo svoje poslovanje s jasnim ciljem \u2013 proizvodnju visokokvalitetne sto\u010dne hrane. Ve\u0107 decenijama smo pouzdan partner farmerima, poma\u017eu\u0107i im da obezbede zdrav rast i dobrobit svojih \u017eivotinja. Na\u0161a posve\u0107enost kvalitetu doprinosi efikasnijoj i odr\u017eivijoj poljoprivrednoj proizvodnji, pru\u017eaju\u0107i vrednost na svakom koraku.<\/p>\t\t\t\t\t\t\t\t<\/div>\n\t\t\t\t<\/div>\n\t\t<div class=\"elementor-element elementor-element-d90e591 e-con-full e-flex e-con e-child\" data-id=\"d90e591\" data-element_type=\"container\" id=\"fade-on-scroll\" data-settings=\"{&quot;background_background&quot;:&quot;classic&quot;,&quot;jet_parallax_layout_list&quot;:[]}\">\n\t\t\t\t<\/div>\n\t\t\t\t<div class=\"elementor-element elementor-element-7540228 fade-on-scroll elementor-widget elementor-widget-html\" data-id=\"7540228\" data-element_type=\"widget\" id=\"fade-on-scroll\" data-widget_type=\"html.default\">\n\t\t\t\t<div class=\"elementor-widget-container\">\n\t\t\t\t\t<div class=\"achievement-button\">\n    Na\u0161i sertifikati\n<\/div>\n<style>\n    .achievement-button {\n    font-family: Outfit;\n    background-color: #E3FFC8; \n    color: #204F3D; \n    font-size: 16px; \n    padding: 4px 16px;\n    border-radius: 50px; \n    display: inline-block; \n    font-weight: 500; \n    text-align: center; \n    font-weight: 400;\n   \n}\n<\/style>\t\t\t\t<\/div>\n\t\t\t\t<\/div>\n\t\t<div class=\"elementor-element elementor-element-6a6f5ac e-con-full fade-on-scroll e-flex e-con e-child\" data-id=\"6a6f5ac\" data-element_type=\"container\" id=\"fade-on-scroll\" data-settings=\"{&quot;jet_parallax_layout_list&quot;:[]}\">\n\t\t\t\t<div class=\"elementor-element elementor-element-39ad9fe elementor-widget__width-initial elementor-widget elementor-widget-image\" data-id=\"39ad9fe\" data-element_type=\"widget\" data-widget_type=\"image.default\">\n\t\t\t\t<div class=\"elementor-widget-container\">\n\t\t\t\t\t\t\t\t\t\t\t\t\t\t\t<img fetchpriority=\"high\" decoding=\"async\" width=\"498\" height=\"153\" src=\"https:\/\/bio-vita.co.rs\/wp-content\/uploads\/2024\/12\/Logo_of_CEFTA.png\" class=\"attachment-full size-full wp-image-779\" alt=\"\" srcset=\"https:\/\/bio-vita.co.rs\/wp-content\/uploads\/2024\/12\/Logo_of_CEFTA.png 498w, https:\/\/bio-vita.co.rs\/wp-content\/uploads\/2024\/12\/Logo_of_CEFTA-300x92.png 300w\" sizes=\"(max-width: 498px) 100vw, 498px\" \/>\t\t\t\t\t\t\t\t\t\t\t\t\t\t\t<\/div>\n\t\t\t\t<\/div>\n\t\t\t\t<div class=\"elementor-element elementor-element-5b649cb elementor-widget__width-initial elementor-widget elementor-widget-image\" data-id=\"5b649cb\" data-element_type=\"widget\" data-widget_type=\"image.default\">\n\t\t\t\t<div class=\"elementor-widget-container\">\n\t\t\t\t\t\t\t\t\t\t\t\t\t\t\t<img decoding=\"async\" width=\"5000\" height=\"5000\" src=\"https:\/\/bio-vita.co.rs\/wp-content\/uploads\/2024\/12\/72866979_StampHACCP01Grey.svg\" class=\"attachment-full size-full wp-image-780\" alt=\"\" \/>\t\t\t\t\t\t\t\t\t\t\t\t\t\t\t<\/div>\n\t\t\t\t<\/div>\n\t\t\t\t<div class=\"elementor-element elementor-element-900335c elementor-widget__width-initial elementor-widget elementor-widget-image\" data-id=\"900335c\" data-element_type=\"widget\" data-widget_type=\"image.default\">\n\t\t\t\t<div class=\"elementor-widget-container\">\n\t\t\t\t\t\t\t\t\t\t\t\t\t\t\t<img decoding=\"async\" width=\"334\" height=\"330\" src=\"https:\/\/bio-vita.co.rs\/wp-content\/uploads\/2024\/12\/ISO_9001_veliki_logo-copy.jpg\" class=\"attachment-full size-full wp-image-788\" alt=\"\" srcset=\"https:\/\/bio-vita.co.rs\/wp-content\/uploads\/2024\/12\/ISO_9001_veliki_logo-copy.jpg 334w, https:\/\/bio-vita.co.rs\/wp-content\/uploads\/2024\/12\/ISO_9001_veliki_logo-copy-300x296.jpg 300w\" sizes=\"(max-width: 334px) 100vw, 334px\" \/>\t\t\t\t\t\t\t\t\t\t\t\t\t\t\t<\/div>\n\t\t\t\t<\/div>\n\t\t\t\t<div class=\"elementor-element elementor-element-83220c5 elementor-widget__width-initial elementor-widget elementor-widget-image\" data-id=\"83220c5\" data-element_type=\"widget\" data-widget_type=\"image.default\">\n\t\t\t\t<div class=\"elementor-widget-container\">\n\t\t\t\t\t\t\t\t\t\t\t\t\t\t\t<img loading=\"lazy\" decoding=\"async\" width=\"345\" height=\"330\" src=\"https:\/\/bio-vita.co.rs\/wp-content\/uploads\/2024\/12\/ISO_22000_veliki_logo-copy.jpg\" class=\"attachment-full size-full wp-image-787\" alt=\"\" srcset=\"https:\/\/bio-vita.co.rs\/wp-content\/uploads\/2024\/12\/ISO_22000_veliki_logo-copy.jpg 345w, https:\/\/bio-vita.co.rs\/wp-content\/uploads\/2024\/12\/ISO_22000_veliki_logo-copy-300x287.jpg 300w\" sizes=\"(max-width: 345px) 100vw, 345px\" \/>\t\t\t\t\t\t\t\t\t\t\t\t\t\t\t<\/div>\n\t\t\t\t<\/div>\n\t\t\t\t<\/div>\n\t\t\t\t<div class=\"elementor-element elementor-element-c6af500 elementor-widget__width-initial fade-on-scroll elementor-widget elementor-widget-text-editor\" data-id=\"c6af500\" data-element_type=\"widget\" id=\"fade-on-scroll\" data-widget_type=\"text-editor.default\">\n\t\t\t\t<div class=\"elementor-widget-container\">\n\t\t\t\t\t\t\t\t\t<p>Na\u0161 put u proizvodnji sto\u010dne hrane zapo\u010deo je skromno, u prilago\u0111enim objektima koji su bili vi\u0161e zanatski i ru\u010dni nego industrijski. Vo\u0111eni sna\u017enom posve\u0107eno\u0161\u0107u kvalitetu, postepeno smo rasli i postali jedna od vode\u0107ih kompanija, uspe\u0161no pro\u0161iruju\u0107i svoje prisustvo na CEFTA tr\u017ei\u0161te i zemlje EU.<\/p><p>Godine 2004. napravili smo klju\u010dan iskorak preseljenjem proizvodnje u savremenu, potpuno automatizovanu fabriku. Ova nova proizvodna jedinica projektovana je s naglaskom na ekolo\u0161ku odr\u017eivost, sigurnost zaposlenih i uskla\u0111enost s najvi\u0161im arhitektonskim i gra\u0111evinskim standardima. Svaki segment fabrike ispunjava stroge tehni\u010dke i tehnolo\u0161ke zahteve za ovu vrstu proizvodnje, obezbe\u0111uju\u0107i ekolo\u0161ki prihvatljiv rad i vrhunsku efikasnost.<\/p><p>Predvode\u0107i inovacije u industriji, postali smo prva fabrika u Srbiji koja je 2006. godine implementirala HACCP i ISO 9001 standarde, postavljaju\u0107i nove standarde u bezbednosti hrane i upravljanju kvalitetom. Danas ponosno posedujemo sertifikat ISO 22000 i poslujemo u potpunoj uskla\u0111enosti sa njegovim strogim zahtevima, \u0161to potvr\u0111uje na\u0161u stalnu posve\u0107enost vrhunskom kvalitetu u svakom proizvodu koji kreiramo.<\/p><p>Na\u0161a pri\u010da je pri\u010da o napretku, istrajnosti i odgovornosti \u2013 dokaz na\u0161e posve\u0107enosti kvalitetu, odr\u017eivosti i dobrobiti na\u0161ih kupaca, zaposlenih i okoline.<\/p>\t\t\t\t\t\t\t\t<\/div>\n\t\t\t\t<\/div>\n\t\t<div class=\"elementor-element elementor-element-ae8aebc e-con-full e-flex e-con e-child\" data-id=\"ae8aebc\" data-element_type=\"container\" data-settings=\"{&quot;background_background&quot;:&quot;classic&quot;,&quot;jet_parallax_layout_list&quot;:[]}\">\n\t\t<div class=\"elementor-element elementor-element-1a63034 e-con-full fade-on-scroll e-flex e-con e-child\" data-id=\"1a63034\" data-element_type=\"container\" id=\"fade-on-scroll\" data-settings=\"{&quot;background_background&quot;:&quot;classic&quot;,&quot;jet_parallax_layout_list&quot;:[]}\">\n\t\t\t\t<\/div>\n\t\t\t\t<\/div>\n\t\t<div class=\"elementor-element elementor-element-af61752 e-con-full fade-on-scroll e-flex e-con e-child\" data-id=\"af61752\" data-element_type=\"container\" id=\"fade-on-scroll\" data-settings=\"{&quot;jet_parallax_layout_list&quot;:[]}\">\n\t\t\t\t<div class=\"elementor-element elementor-element-f2849d2 elementor-widget__width-initial elementor-widget elementor-widget-jet-carousel\" data-id=\"f2849d2\" data-element_type=\"widget\" data-settings=\"{&quot;slides_to_show_tablet&quot;:&quot;1&quot;,&quot;slides_to_show_mobile&quot;:&quot;2&quot;,&quot;slides_to_show&quot;:&quot;2&quot;,&quot;slides_to_scroll&quot;:&quot;1&quot;}\" data-widget_type=\"jet-carousel.default\">\n\t\t\t\t<div class=\"elementor-widget-container\">\n\t\t\t\t\t<div class=\"elementor-jet-carousel jet-elements\"><div class=\"jet-carousel-wrap jet-equal-cols\">\n\t<div class=\"jet-carousel\" data-slider_options=\"{&quot;autoplaySpeed&quot;:5000,&quot;autoplay&quot;:true,&quot;infinite&quot;:true,&quot;centerMode&quot;:false,&quot;centerPadding&quot;:&quot;50px&quot;,&quot;pauseOnHover&quot;:false,&quot;speed&quot;:1000,&quot;arrows&quot;:false,&quot;dots&quot;:true,&quot;variableWidth&quot;:false,&quot;prevArrow&quot;:&quot;.jet-carousel__prev-arrow-f2849d2&quot;,&quot;nextArrow&quot;:&quot;.jet-carousel__next-arrow-f2849d2&quot;,&quot;rtl&quot;:false,&quot;fractionNav&quot;:false}\" dir=\"ltr\">\n\t<div class=\"elementor-slick-slider\">\n\n<div class=\"jet-carousel__item\">\n\t<div class=\"jet-carousel__item-inner\"><div class=\"jet-carousel__content\">\t\t<div data-elementor-type=\"section\" data-elementor-id=\"630\" class=\"elementor elementor-630\">\n\t\t\t\t<div class=\"elementor-element elementor-element-e082fab e-flex e-con-boxed e-con e-parent\" data-id=\"e082fab\" data-element_type=\"container\" data-settings=\"{&quot;jet_parallax_layout_list&quot;:[]}\">\n\t\t\t\t\t<div class=\"e-con-inner\">\n\t\t\t\t<div class=\"elementor-element elementor-element-cfbab6f elementor-widget elementor-widget-html\" data-id=\"cfbab6f\" data-element_type=\"widget\" data-widget_type=\"html.default\">\n\t\t\t\t<div class=\"elementor-widget-container\">\n\t\t\t\t\t\n<div class=\"animal-slider-box\">\n        <h3>\u017divina<\/h3>\n        <img decoding=\"async\" src=\"https:\/\/bio-vita.co.rs\/wp-content\/uploads\/2024\/10\/icon-menu-1h.png\" alt=\"Poultry Icon\">\n        <a href=\"https:\/\/bio-vita.co.rs\/sr\/poultry\/\" class=\"animal-slider-details-button\">\n            Detaljnije \n            <img decoding=\"async\" src=\"https:\/\/bio-vita.co.rs\/wp-content\/uploads\/2024\/10\/icon-procurt-single.svg\" alt=\"Details Icon\">\n        <\/a>\n<\/div>\n\n\t\t\t\t<\/div>\n\t\t\t\t<\/div>\n\t\t\t\t\t<\/div>\n\t\t\t\t<\/div>\n\t\t\t\t<\/div>\n\t\t<\/div><\/div>\n<\/div>\n\n<div class=\"jet-carousel__item\">\n\t<div class=\"jet-carousel__item-inner\"><div class=\"jet-carousel__content\">\t\t<div data-elementor-type=\"section\" data-elementor-id=\"641\" class=\"elementor elementor-641\">\n\t\t\t\t<div class=\"elementor-element elementor-element-6204dfe7 e-flex e-con-boxed e-con e-parent\" data-id=\"6204dfe7\" data-element_type=\"container\" data-settings=\"{&quot;jet_parallax_layout_list&quot;:[]}\">\n\t\t\t\t\t<div class=\"e-con-inner\">\n\t\t\t\t<div class=\"elementor-element elementor-element-4fca66a elementor-widget elementor-widget-html\" data-id=\"4fca66a\" data-element_type=\"widget\" data-widget_type=\"html.default\">\n\t\t\t\t<div class=\"elementor-widget-container\">\n\t\t\t\t\t<div class=\"animal-slider-box\">\n    <h3>Svinje<\/h3>\n    <img decoding=\"async\" src=\"https:\/\/bio-vita.co.rs\/wp-content\/uploads\/2024\/10\/icon-menu-2h.png\" alt=\"Pig Icon\">\n    <a href=\"https:\/\/bio-vita.co.rs\/sr\/pig\/\" class=\"animal-slider-details-button\">\n        Detaljnije \n        <img decoding=\"async\" src=\"https:\/\/bio-vita.co.rs\/wp-content\/uploads\/2024\/10\/icon-procurt-single.svg\" alt=\"Details Icon\">\n    <\/a>\n<\/div>\n\t\t\t\t<\/div>\n\t\t\t\t<\/div>\n\t\t\t\t\t<\/div>\n\t\t\t\t<\/div>\n\t\t\t\t<\/div>\n\t\t<\/div><\/div>\n<\/div>\n\n<div class=\"jet-carousel__item\">\n\t<div class=\"jet-carousel__item-inner\"><div class=\"jet-carousel__content\">\t\t<div data-elementor-type=\"section\" data-elementor-id=\"645\" class=\"elementor elementor-645\">\n\t\t\t\t<div class=\"elementor-element elementor-element-77f7f093 e-flex e-con-boxed e-con e-parent\" data-id=\"77f7f093\" data-element_type=\"container\" data-settings=\"{&quot;jet_parallax_layout_list&quot;:[]}\">\n\t\t\t\t\t<div class=\"e-con-inner\">\n\t\t\t\t<div class=\"elementor-element elementor-element-61404822 elementor-widget elementor-widget-html\" data-id=\"61404822\" data-element_type=\"widget\" data-widget_type=\"html.default\">\n\t\t\t\t<div class=\"elementor-widget-container\">\n\t\t\t\t\t<div class=\"animal-slider-box\">\n    <h3>Pre\u017eivari<\/h3>\n    <img decoding=\"async\" src=\"https:\/\/bio-vita.co.rs\/wp-content\/uploads\/2024\/10\/icon-menu-3h.png\" alt=\"Ruminants Icon\">\n    <a href=\"https:\/\/bio-vita.co.rs\/sr\/ruminants\/\" class=\"animal-slider-details-button\">\n        Detaljnije \n        <img decoding=\"async\" src=\"https:\/\/bio-vita.co.rs\/wp-content\/uploads\/2024\/10\/icon-procurt-single.svg\" alt=\"Details Icon\">\n    <\/a>\n<\/div>\n\t\t\t\t<\/div>\n\t\t\t\t<\/div>\n\t\t\t\t\t<\/div>\n\t\t\t\t<\/div>\n\t\t\t\t<\/div>\n\t\t<\/div><\/div>\n<\/div>\n\n<div class=\"jet-carousel__item\">\n\t<div class=\"jet-carousel__item-inner\"><div class=\"jet-carousel__content\">\t\t<div data-elementor-type=\"section\" data-elementor-id=\"649\" class=\"elementor elementor-649\">\n\t\t\t\t<div class=\"elementor-element elementor-element-2482454d e-flex e-con-boxed e-con e-parent\" data-id=\"2482454d\" data-element_type=\"container\" data-settings=\"{&quot;jet_parallax_layout_list&quot;:[]}\">\n\t\t\t\t\t<div class=\"e-con-inner\">\n\t\t\t\t<div class=\"elementor-element elementor-element-214b40fe elementor-widget elementor-widget-html\" data-id=\"214b40fe\" data-element_type=\"widget\" data-widget_type=\"html.default\">\n\t\t\t\t<div class=\"elementor-widget-container\">\n\t\t\t\t\t<div class=\"animal-slider-box\">\n    <h3>Ovce<\/h3>\n    <img decoding=\"async\" src=\"https:\/\/bio-vita.co.rs\/wp-content\/uploads\/2024\/10\/icon-menu-4h.png\" alt=\"Sheep Icon\">\n    <a href=\"https:\/\/bio-vita.co.rs\/sr\/sheep\/\" class=\"animal-slider-details-button\">\n        Detaljnije \n        <img decoding=\"async\" src=\"https:\/\/bio-vita.co.rs\/wp-content\/uploads\/2024\/10\/icon-procurt-single.svg\" alt=\"Details Icon\">\n    <\/a>\n<\/div>\n\t\t\t\t<\/div>\n\t\t\t\t<\/div>\n\t\t\t\t\t<\/div>\n\t\t\t\t<\/div>\n\t\t\t\t<\/div>\n\t\t<\/div><\/div>\n<\/div>\n\n<div class=\"jet-carousel__item\">\n\t<div class=\"jet-carousel__item-inner\"><div class=\"jet-carousel__content\">\t\t<div data-elementor-type=\"section\" data-elementor-id=\"652\" class=\"elementor elementor-652\">\n\t\t\t\t<div class=\"elementor-element elementor-element-1c50ecff e-flex e-con-boxed e-con e-parent\" data-id=\"1c50ecff\" data-element_type=\"container\" data-settings=\"{&quot;jet_parallax_layout_list&quot;:[]}\">\n\t\t\t\t\t<div class=\"e-con-inner\">\n\t\t\t\t<div class=\"elementor-element elementor-element-57308608 elementor-widget elementor-widget-html\" data-id=\"57308608\" data-element_type=\"widget\" data-widget_type=\"html.default\">\n\t\t\t\t<div class=\"elementor-widget-container\">\n\t\t\t\t\t<div class=\"animal-slider-box\">\n    <h3>Koze<\/h3>\n    <img decoding=\"async\" src=\"https:\/\/bio-vita.co.rs\/wp-content\/uploads\/2024\/10\/icon-menu-5h.png\" alt=\"Goat Icon\">\n    <a href=\"https:\/\/bio-vita.co.rs\/sr\/goat\/\" class=\"animal-slider-details-button\">\n        Detaljnije \n        <img decoding=\"async\" src=\"https:\/\/bio-vita.co.rs\/wp-content\/uploads\/2024\/10\/icon-procurt-single.svg\" alt=\"Details Icon\">\n    <\/a>\n<\/div>\n\t\t\t\t<\/div>\n\t\t\t\t<\/div>\n\t\t\t\t\t<\/div>\n\t\t\t\t<\/div>\n\t\t\t\t<\/div>\n\t\t<\/div><\/div>\n<\/div>\n\n<div class=\"jet-carousel__item\">\n\t<div class=\"jet-carousel__item-inner\"><div class=\"jet-carousel__content\">\t\t<div data-elementor-type=\"section\" data-elementor-id=\"655\" class=\"elementor elementor-655\">\n\t\t\t\t<div class=\"elementor-element elementor-element-4a480f48 e-flex e-con-boxed e-con e-parent\" data-id=\"4a480f48\" data-element_type=\"container\" data-settings=\"{&quot;jet_parallax_layout_list&quot;:[]}\">\n\t\t\t\t\t<div class=\"e-con-inner\">\n\t\t\t\t<div class=\"elementor-element elementor-element-1039cada elementor-widget elementor-widget-html\" data-id=\"1039cada\" data-element_type=\"widget\" data-widget_type=\"html.default\">\n\t\t\t\t<div class=\"elementor-widget-container\">\n\t\t\t\t\t<div class=\"animal-slider-box\">\n    <h3>Ribe<\/h3>\n    <img decoding=\"async\" src=\"https:\/\/bio-vita.co.rs\/wp-content\/uploads\/2024\/10\/icon-menu-6h.png\" alt=\"Fish Icon\">\n    <a href=\"https:\/\/bio-vita.co.rs\/sr\/fish\/\" class=\"animal-slider-details-button\">\n        Detaljnije \n        <img decoding=\"async\" src=\"https:\/\/bio-vita.co.rs\/wp-content\/uploads\/2024\/10\/icon-procurt-single.svg\" alt=\"Details Icon\">\n    <\/a>\n<\/div>\n\t\t\t\t<\/div>\n\t\t\t\t<\/div>\n\t\t\t\t\t<\/div>\n\t\t\t\t<\/div>\n\t\t\t\t<\/div>\n\t\t<\/div><\/div>\n<\/div>\n<\/div><\/div>\n<\/div>\n<\/div>\t\t\t\t<\/div>\n\t\t\t\t<\/div>\n\t\t\t\t<div class=\"elementor-element elementor-element-52ef22e elementor-widget__width-initial elementor-widget elementor-widget-text-editor\" data-id=\"52ef22e\" data-element_type=\"widget\" data-widget_type=\"text-editor.default\">\n\t\t\t\t<div class=\"elementor-widget-container\">\n\t\t\t\t\t\t\t\t\t<p>Na\u0161 \u0161irok asortiman proizvoda odra\u017eava na\u0161u posve\u0107enost inovacijama, koju podr\u017eavaju sopstvena proizvodnja, napredna istra\u017eivanja i izuzetan odnos prema kupcima. Ova sinergija \u010dini temelj na\u0161ih dugoro\u010dnih i pouzdanih partnerstava sa farmerima, sto\u010darima i veterinarima.<\/p><p>Razumemo da dobrobit \u017eivotinja nije va\u017ena samo za poljoprivrednu industriju, ve\u0107 i za \u0161iri ekosistem. Zato smo posve\u0107eni odgovornim i odr\u017eivim re\u0161enjima koja podr\u017eavaju zdravlje i rast svih \u017eivotinjskih vrsta. Na\u0161i proizvodi su pa\u017eljivo formulisani kako bi zadovoljili razli\u010dite potrebe \u017eivotinja, bilo da se uzgajaju u poljoprivredne svrhe ili kao voljeni saputnici.<\/p><p>Na\u0161 pristup prevazilazi puko pru\u017eanje sto\u010dne hrane \u2013 cilj nam je da osna\u017eimo poljoprivrednu zajednicu proizvodima koji pove\u0107avaju produktivnost, unapre\u0111uju zdravlje \u017eivotinja i optimizuju kori\u0161\u0107enje resursa. Kroz integraciju najsavremenijih tehnologija i nau\u010dnih dostignu\u0107a u na\u0161e proizvodne procese, obezbe\u0111ujemo re\u0161enja koja su ne samo efikasna, ve\u0107 i ekolo\u0161ki odgovorna.<\/p>\t\t\t\t\t\t\t\t<\/div>\n\t\t\t\t<\/div>\n\t\t\t\t<\/div>\n\t\t<div class=\"elementor-element elementor-element-c536954 e-con-full fade-on-scroll e-flex e-con e-child\" data-id=\"c536954\" data-element_type=\"container\" id=\"fade-on-scroll\" data-settings=\"{&quot;jet_parallax_layout_list&quot;:[]}\">\n\t\t\t\t<div class=\"elementor-element elementor-element-c6cdd9a elementor-widget__width-initial elementor-widget elementor-widget-text-editor\" data-id=\"c6cdd9a\" data-element_type=\"widget\" data-widget_type=\"text-editor.default\">\n\t\t\t\t<div class=\"elementor-widget-container\">\n\t\t\t\t\t\t\t\t\t<p>U srcu svega \u0161to radimo nalazi se na\u0161a nepokolebljiva posve\u0107enost stvaranju<br \/>pozitivnog uticaja na \u017eivotinje i ljude koji brinu o njima.<\/p>\t\t\t\t\t\t\t\t<\/div>\n\t\t\t\t<\/div>\n\t\t\t\t<div class=\"elementor-element elementor-element-b135583 elementor-widget elementor-widget-html\" data-id=\"b135583\" data-element_type=\"widget\" data-widget_type=\"html.default\">\n\t\t\t\t<div class=\"elementor-widget-container\">\n\t\t\t\t\t<a href=\"https:\/\/bio-vita.co.rs\/sr\/contact-us\/\" class=\"contact-button\">\n    Kontaktirajte nas! <img decoding=\"async\" src=\"https:\/\/bio-vita.co.rs\/wp-content\/uploads\/2024\/10\/arrow-icon.svg\" alt=\"Icon\" class=\"button-icon\">\n<\/a>\n<style>\n    .contact-button {\n        font-family: Outfit;\n        background-color: #8FD34B;\n        color: #204F3D;\n        align-items: center;\n        padding-top: 4px;\n        padding-right: 4px;\n        padding-bottom: 4px;\n        padding-left: 12px;\n        display: flex;\n        border-radius: 32px;\n        font-weight: 500;\n        font-size: 14px;\n        transition: background-color 0.5s ease;\n        text-decoration: none !important;\n        \n    }\n    \n    .contact-button img.button-icon {\n        height: 24px;\n        width: auto;\n        margin-left: 8px;\n        \n    }\n    .contact-button:hover {\n        background-color: #C9EBA8;\n        color: #204F3D;\n    }\n    \n   \n<\/style>\t\t\t\t<\/div>\n\t\t\t\t<\/div>\n\t\t\t\t<\/div>\n\t\t\t\t\t<\/div>\n\t\t\t\t<\/div>\n\t\t\t\t<\/div>","protected":false},"excerpt":{"rendered":"<p>About us Founded in April 1997, our journey began with a clear mission: to produce high-quality animal feed. For decades, we have proudly supported farmers in nurturing their animals, ensuring optimal growth and well-being. Through our unwavering dedication, we contribute to healthier, more economical, and premium-quality agricultural production, making a positive impact every step of [&hellip;]<\/p>","protected":false},"author":1,"featured_media":0,"parent":0,"menu_order":0,"comment_status":"closed","ping_status":"closed","template":"","meta":{"footnotes":""},"class_list":["post-774","page","type-page","status-publish","hentry"],"_links":{"self":[{"href":"https:\/\/bio-vita.co.rs\/sr\/wp-json\/wp\/v2\/pages\/774","targetHints":{"allow":["GET"]}}],"collection":[{"href":"https:\/\/bio-vita.co.rs\/sr\/wp-json\/wp\/v2\/pages"}],"about":[{"href":"https:\/\/bio-vita.co.rs\/sr\/wp-json\/wp\/v2\/types\/page"}],"author":[{"embeddable":true,"href":"https:\/\/bio-vita.co.rs\/sr\/wp-json\/wp\/v2\/users\/1"}],"replies":[{"embeddable":true,"href":"https:\/\/bio-vita.co.rs\/sr\/wp-json\/wp\/v2\/comments?post=774"}],"version-history":[{"count":136,"href":"https:\/\/bio-vita.co.rs\/sr\/wp-json\/wp\/v2\/pages\/774\/revisions"}],"predecessor-version":[{"id":3819,"href":"https:\/\/bio-vita.co.rs\/sr\/wp-json\/wp\/v2\/pages\/774\/revisions\/3819"}],"wp:attachment":[{"href":"https:\/\/bio-vita.co.rs\/sr\/wp-json\/wp\/v2\/media?parent=774"}],"curies":[{"name":"wp","href":"https:\/\/api.w.org\/{rel}","templated":true}]}}