{"id":2119,"date":"2024-12-11T07:38:35","date_gmt":"2024-12-11T07:38:35","guid":{"rendered":"https:\/\/bio-vita.co.rs\/?page_id=2119"},"modified":"2024-12-29T16:41:14","modified_gmt":"2024-12-29T16:41:14","slug":"cooperation","status":"publish","type":"page","link":"https:\/\/bio-vita.co.rs\/sr\/cooperation\/","title":{"rendered":"Kooperacija"},"content":{"rendered":"<div data-elementor-type=\"wp-page\" data-elementor-id=\"2119\" class=\"elementor elementor-2119\">\n\t\t\t\t<div class=\"elementor-element elementor-element-a982f0a e-flex e-con-boxed e-con e-parent\" data-id=\"a982f0a\" data-element_type=\"container\" data-settings=\"{&quot;jet_parallax_layout_list&quot;:[]}\">\n\t\t\t\t\t<div class=\"e-con-inner\">\n\t\t\t\t<div class=\"elementor-element elementor-element-b4944bd elementor-widget__width-initial elementor-widget elementor-widget-heading\" data-id=\"b4944bd\" data-element_type=\"widget\" data-widget_type=\"heading.default\">\n\t\t\t\t<div class=\"elementor-widget-container\">\n\t\t\t\t\t<h2 class=\"elementor-heading-title elementor-size-default\">Osna\u017eujemo poljoprivredu, pokre\u0107emo rast<\/h2>\t\t\t\t<\/div>\n\t\t\t\t<\/div>\n\t\t\t\t<div class=\"elementor-element elementor-element-92a7731 elementor-widget__width-initial elementor-widget elementor-widget-text-editor\" data-id=\"92a7731\" data-element_type=\"widget\" data-widget_type=\"text-editor.default\">\n\t\t\t\t<div class=\"elementor-widget-container\">\n\t\t\t\t\t\t\t\t\t<p>Izgra\u0111ujemo dugoro\u010dna partnerstva kroz saradnju, zajedni\u010dke resurse i prilago\u0111enu podr\u0161ku za odr\u017eiv rast i uspeh.<\/p>\t\t\t\t\t\t\t\t<\/div>\n\t\t\t\t<\/div>\n\t\t\t\t<div class=\"elementor-element elementor-element-92ca32e elementor-widget elementor-widget-html\" data-id=\"92ca32e\" data-element_type=\"widget\" data-widget_type=\"html.default\">\n\t\t\t\t<div class=\"elementor-widget-container\">\n\t\t\t\t\t<a href=\"https:\/\/bio-vita.co.rs\/sr\/contact-us\/\" class=\"contact-button\">\n    Kontakt <img decoding=\"async\" src=\"https:\/\/bio-vita.co.rs\/wp-content\/uploads\/2024\/10\/arrow-icon.svg\" alt=\"Icon\" class=\"button-icon\">\n<\/a>\n<style>\n    .contact-button {\n        font-family: Outfit;\n        background-color: #8FD34B;\n        color: #204F3D;\n        align-items: center;\n        padding-top: 4px;\n        padding-right: 4px;\n        padding-bottom: 4px;\n        padding-left: 12px;\n        display: flex;\n        border-radius: 32px;\n        font-weight: 500;\n        font-size: 14px;\n        transition: background-color 0.5s ease;\n        \n    }\n    \n    .contact-button img.button-icon {\n        height: 24px;\n        width: auto;\n        margin-left: 8px;\n        \n    }\n    .contact-button:hover {\n        background-color: #C9EBA8;\n        color: #204F3D;\n    }\n    \n   \n<\/style>\t\t\t\t<\/div>\n\t\t\t\t<\/div>\n\t\t<div class=\"elementor-element elementor-element-d039033 e-con-full e-flex e-con e-child\" data-id=\"d039033\" data-element_type=\"container\" data-settings=\"{&quot;background_background&quot;:&quot;classic&quot;,&quot;jet_parallax_layout_list&quot;:[]}\">\n\t\t<div class=\"elementor-element elementor-element-ce0dbab e-con-full fade-on-scroll e-flex e-con e-child\" data-id=\"ce0dbab\" data-element_type=\"container\" id=\"fade-on-scroll\" data-settings=\"{&quot;background_background&quot;:&quot;classic&quot;,&quot;jet_parallax_layout_list&quot;:[]}\">\n\t\t\t\t<\/div>\n\t\t\t\t<\/div>\n\t\t\t\t\t<\/div>\n\t\t\t\t<\/div>\n\t\t<div class=\"elementor-element elementor-element-5d347b9 fade-on-scroll e-flex e-con-boxed e-con e-parent\" data-id=\"5d347b9\" data-element_type=\"container\" id=\"fade-on-scroll\" data-settings=\"{&quot;jet_parallax_layout_list&quot;:[]}\">\n\t\t\t\t\t<div class=\"e-con-inner\">\n\t\t\t\t<div class=\"elementor-element elementor-element-96d02f5 elementor-widget elementor-widget-image\" data-id=\"96d02f5\" data-element_type=\"widget\" data-widget_type=\"image.default\">\n\t\t\t\t<div class=\"elementor-widget-container\">\n\t\t\t\t\t\t\t\t\t\t\t\t\t\t\t<img fetchpriority=\"high\" decoding=\"async\" width=\"698\" height=\"340\" src=\"https:\/\/bio-vita.co.rs\/wp-content\/uploads\/2024\/10\/Group.png\" class=\"attachment-large size-large wp-image-18\" alt=\"\" srcset=\"https:\/\/bio-vita.co.rs\/wp-content\/uploads\/2024\/10\/Group.png 698w, https:\/\/bio-vita.co.rs\/wp-content\/uploads\/2024\/10\/Group-300x146.png 300w\" sizes=\"(max-width: 698px) 100vw, 698px\" \/>\t\t\t\t\t\t\t\t\t\t\t\t\t\t\t<\/div>\n\t\t\t\t<\/div>\n\t\t\t\t<div class=\"elementor-element elementor-element-dd47a96 elementor-widget__width-initial elementor-widget elementor-widget-text-editor\" data-id=\"dd47a96\" data-element_type=\"widget\" data-widget_type=\"text-editor.default\">\n\t\t\t\t<div class=\"elementor-widget-container\">\n\t\t\t\t\t\t\t\t\t<p>Sa sna\u017enim temeljem zasnovanim na geografskim prednostima, anga\u017eujemo se u celogodi\u0161njem ugovaranju i otkupu klju\u010dnih poljoprivrednih kultura, uklju\u010duju\u0107i soju, kukuruz i p\u0161enicu. Na\u0161e poslovanje je strate\u0161ki usmereno na dve klju\u010dne lokacije, Vajska i Selen\u010da, \u0161to omogu\u0107ava efikasnost i dostupnost u procesu nabavke. Kako bismo dodatno podr\u017eali na\u0161u mre\u017eu kooperanata, obezbe\u0111ujemo \u0161irok spektar poljoprivrednih inputa, uklju\u010duju\u0107i visokokvalitetno seme, \u0111ubriva i druge klju\u010dne resurse, podsti\u010du\u0107i odr\u017eiv rast i pove\u0107anje produktivnosti.<\/p><p>Posve\u0107eni smo zajedni\u010dkom uspehu na\u0161eg poslovanja i poljoprivredne zajednice koju podr\u017eavamo. Na\u0161a misija je da stvaramo prilike koje osna\u017euju proizvo\u0111a\u010de da postignu optimalne rezultate. Pru\u017eamo fleksibilne i konkurentne uslove, omogu\u0107avaju\u0107i proizvo\u0111a\u010dima da prodaju svoju robu u vrhuncu sezone \u017eetve ili tokom skladi\u0161tenja, \u010dime im poma\u017eemo da iskoriste tr\u017ei\u0161ne prilike i obezbede najbolje mogu\u0107e prihode. Ovaj prilagodljiv pristup ne samo da podr\u017eava proizvo\u0111a\u010de, ve\u0107 i ja\u010da dugoro\u010dna partnerstva koja su temelj na\u0161eg poslovanja.<\/p><p>Na\u0161a posve\u0107enost prevazilazi same transakcije \u2013 ona je ugra\u0111ena u usluge koje pru\u017eamo. Stavljaju\u0107i potrebe na\u0161ih dobavlja\u010da na prvo mesto, gradimo poverenje, sigurnost i zajedni\u010dki rast. Vo\u0111eni vizijom u\u0161tede vremena, smanjenja tro\u0161kova i maksimizacije vrednosti, neprestano tragamo za najboljim uslovima saradnje. Ova vizija nas inspiri\u0161e da unapre\u0111ujemo procese i razvijamo inovativna re\u0161enja, osiguravaju\u0107i da svi partneri imaju koristi od na\u0161e efikasnosti i dugoro\u010dnog pristupa poslovanju.<\/p><p>Kroz na\u0161 rad te\u017eimo da odigramo klju\u010dnu ulogu u unapre\u0111enju poljoprivrednog sektora, stvaraju\u0107i budu\u0107nost u kojoj proizvo\u0111a\u010di i poslovni partneri zajedno napreduju. Ulaganjem u sna\u017ena partnerstva i kori\u0161\u0107enjem na\u0161eg stru\u010dnog znanja, Bio-Vita ostaje dosledna svojoj posve\u0107enosti kvalitetu, pouzdanosti i razvoju. Zajedno mo\u017eemo posti\u0107i vi\u0161e i ostaviti trajan trag u poljoprivredi.<\/p>\t\t\t\t\t\t\t\t<\/div>\n\t\t\t\t<\/div>\n\t\t\t\t\t<\/div>\n\t\t\t\t<\/div>\n\t\t\t\t<\/div>","protected":false},"excerpt":{"rendered":"<p>Empowering Agriculture, Driving Growth Building long-lasting partnerships through cooperation, shared resources, and tailored support for sustainable growth and success. Contact With a strong foundation rooted in our geographical advantage, Bio-Vita engages in the year-round contracting and purchasing of key agricultural crops, including soybeans, corn, and wheat. Our operations are strategically centered in two pivotal locations, [&hellip;]<\/p>","protected":false},"author":1,"featured_media":0,"parent":0,"menu_order":0,"comment_status":"closed","ping_status":"closed","template":"","meta":{"footnotes":""},"class_list":["post-2119","page","type-page","status-publish","hentry"],"_links":{"self":[{"href":"https:\/\/bio-vita.co.rs\/sr\/wp-json\/wp\/v2\/pages\/2119","targetHints":{"allow":["GET"]}}],"collection":[{"href":"https:\/\/bio-vita.co.rs\/sr\/wp-json\/wp\/v2\/pages"}],"about":[{"href":"https:\/\/bio-vita.co.rs\/sr\/wp-json\/wp\/v2\/types\/page"}],"author":[{"embeddable":true,"href":"https:\/\/bio-vita.co.rs\/sr\/wp-json\/wp\/v2\/users\/1"}],"replies":[{"embeddable":true,"href":"https:\/\/bio-vita.co.rs\/sr\/wp-json\/wp\/v2\/comments?post=2119"}],"version-history":[{"count":34,"href":"https:\/\/bio-vita.co.rs\/sr\/wp-json\/wp\/v2\/pages\/2119\/revisions"}],"predecessor-version":[{"id":3603,"href":"https:\/\/bio-vita.co.rs\/sr\/wp-json\/wp\/v2\/pages\/2119\/revisions\/3603"}],"wp:attachment":[{"href":"https:\/\/bio-vita.co.rs\/sr\/wp-json\/wp\/v2\/media?parent=2119"}],"curies":[{"name":"wp","href":"https:\/\/api.w.org\/{rel}","templated":true}]}}