{"id":1991,"date":"2024-12-09T20:04:39","date_gmt":"2024-12-09T20:04:39","guid":{"rendered":"https:\/\/bio-vita.co.rs\/?page_id=1991"},"modified":"2025-03-12T06:40:47","modified_gmt":"2025-03-12T06:40:47","slug":"wheat","status":"publish","type":"page","link":"https:\/\/bio-vita.co.rs\/sr\/wheat\/","title":{"rendered":"P\u0161enica"},"content":{"rendered":"<div data-elementor-type=\"wp-page\" data-elementor-id=\"1991\" class=\"elementor elementor-1991\">\n\t\t\t\t<div class=\"elementor-element elementor-element-64cfd07d e-flex e-con-boxed e-con e-parent\" data-id=\"64cfd07d\" data-element_type=\"container\" data-settings=\"{&quot;jet_parallax_layout_list&quot;:[]}\">\n\t\t\t\t\t<div class=\"e-con-inner\">\n\t\t<div class=\"elementor-element elementor-element-13d776a0 e-con-full e-flex e-con e-child\" data-id=\"13d776a0\" data-element_type=\"container\" data-settings=\"{&quot;jet_parallax_layout_list&quot;:[]}\">\n\t\t<div class=\"elementor-element elementor-element-5721cd4c e-con-full elementor-hidden-mobile e-flex e-con e-child\" data-id=\"5721cd4c\" data-element_type=\"container\" data-settings=\"{&quot;background_background&quot;:&quot;classic&quot;,&quot;jet_parallax_layout_list&quot;:[]}\">\n\t\t\t\t<div class=\"elementor-element elementor-element-22b513a7 elementor-widget elementor-widget-html\" data-id=\"22b513a7\" data-element_type=\"widget\" data-widget_type=\"html.default\">\n\t\t\t\t<div class=\"elementor-widget-container\">\n\t\t\t\t\t<a href=\"https:\/\/bio-vita.co.rs\/sr\/mercantile-products\/\" class=\"category-button\">\n    <img decoding=\"async\" class=\"back-arrow\" src=\"https:\/\/bio-vita.co.rs\/wp-content\/uploads\/2024\/12\/arrow-left.svg\" alt=\"Arrow\" >\n   \n    Merkantila\n<\/a>\n<style>\n    .category-button {\n        display: flex;\n        align-content: center;\n        flex-direction: row;\n        justify-content: center;\n    font-family: Outfit;\n    background-color: #E3FFC8; \n    color: #204F3D; \n    font-size: 14px; \n    padding: 4px 16px 4px 12px;\n    border-radius: 50px; \n    font-weight: 400; \n    text-align: center; \n   \n}\n    img.back-arrow {\n        width: 18px !important;\n        margin-right: 6px;\n    }\n\n<\/style>\t\t\t\t<\/div>\n\t\t\t\t<\/div>\n\t\t\t\t<\/div>\n\t\t<div class=\"elementor-element elementor-element-5fc4779f e-con-full e-flex e-con e-child\" data-id=\"5fc4779f\" data-element_type=\"container\" data-settings=\"{&quot;jet_parallax_layout_list&quot;:[],&quot;background_background&quot;:&quot;classic&quot;}\">\n\t\t<div class=\"elementor-element elementor-element-526d009 e-con-full e-flex e-con e-child\" data-id=\"526d009\" data-element_type=\"container\" data-settings=\"{&quot;jet_parallax_layout_list&quot;:[]}\">\n\t\t\t\t<div class=\"elementor-element elementor-element-6a87b0f3 elementor-widget__width-initial elementor-widget-mobile__width-auto elementor-widget elementor-widget-heading\" data-id=\"6a87b0f3\" data-element_type=\"widget\" data-widget_type=\"heading.default\">\n\t\t\t\t<div class=\"elementor-widget-container\">\n\t\t\t\t\t<h2 class=\"elementor-heading-title elementor-size-default\">P\u0161enica<\/h2>\t\t\t\t<\/div>\n\t\t\t\t<\/div>\n\t\t\t\t<div class=\"elementor-element elementor-element-ecbb464 elementor-widget-mobile__width-initial elementor-widget elementor-widget-image\" data-id=\"ecbb464\" data-element_type=\"widget\" data-widget_type=\"image.default\">\n\t\t\t\t<div class=\"elementor-widget-container\">\n\t\t\t\t\t\t\t\t\t\t\t\t\t\t\t<img fetchpriority=\"high\" decoding=\"async\" width=\"684\" height=\"683\" src=\"https:\/\/bio-vita.co.rs\/wp-content\/uploads\/2024\/12\/wheat-bag2.png\" class=\"attachment-large size-large wp-image-2013\" alt=\"\" srcset=\"https:\/\/bio-vita.co.rs\/wp-content\/uploads\/2024\/12\/wheat-bag2.png 684w, https:\/\/bio-vita.co.rs\/wp-content\/uploads\/2024\/12\/wheat-bag2-300x300.png 300w, https:\/\/bio-vita.co.rs\/wp-content\/uploads\/2024\/12\/wheat-bag2-150x150.png 150w\" sizes=\"(max-width: 684px) 100vw, 684px\" \/>\t\t\t\t\t\t\t\t\t\t\t\t\t\t\t<\/div>\n\t\t\t\t<\/div>\n\t\t\t\t<\/div>\n\t\t\t\t<div class=\"elementor-element elementor-element-4b003924 elementor-widget__width-initial elementor-widget elementor-widget-text-editor\" data-id=\"4b003924\" data-element_type=\"widget\" data-widget_type=\"text-editor.default\">\n\t\t\t\t<div class=\"elementor-widget-container\">\n\t\t\t\t\t\t\t\t\t<p>Bio-Vita tokom cele godine obezbe\u0111uje vrhunsku p\u0161enicu, garantuju\u0107i dosledan kvalitet za sve va\u0161e poljoprivredne i industrijske potrebe. P\u0161enica se skladi\u0161ti uz primenu naprednih tehnologija pre\u010di\u0161\u0107avanja i transporta, \u010dime se minimizuju ne\u010disto\u0107e i kontaminanti, osiguravaju\u0107i visok kvalitet i sigurnost proizvoda. Uz stru\u010dni tim posve\u0107en odr\u017eavanju najvi\u0161ih standarda, mo\u017eete se osloniti na Bio-Vitu za efikasnu i pouzdanu isporuku p\u0161enice koja u potpunosti odgovara va\u0161im zahtevima.<\/p>\t\t\t\t\t\t\t\t<\/div>\n\t\t\t\t<\/div>\n\t\t\t\t<\/div>\n\t\t<div class=\"elementor-element elementor-element-3df1be57 e-con-full e-flex e-con e-child\" data-id=\"3df1be57\" data-element_type=\"container\" data-settings=\"{&quot;background_background&quot;:&quot;classic&quot;,&quot;jet_parallax_layout_list&quot;:[]}\">\n\t\t\t\t<\/div>\n\t\t\t\t<\/div>\n\t\t\t\t\t<\/div>\n\t\t\t\t<\/div>\n\t\t<div class=\"elementor-element elementor-element-ee58ae5 e-flex e-con-boxed e-con e-parent\" data-id=\"ee58ae5\" data-element_type=\"container\" id=\"fade-on-scroll\" data-settings=\"{&quot;jet_parallax_layout_list&quot;:[]}\">\n\t\t\t\t\t<div class=\"e-con-inner\">\n\t\t<div class=\"elementor-element elementor-element-6846a8d e-con-full e-flex e-con e-child\" data-id=\"6846a8d\" data-element_type=\"container\" data-settings=\"{&quot;background_background&quot;:&quot;classic&quot;,&quot;jet_parallax_layout_list&quot;:[]}\">\n\t\t\t\t<\/div>\n\t\t<div class=\"elementor-element elementor-element-2a09683 e-con-full e-flex e-con e-child\" data-id=\"2a09683\" data-element_type=\"container\" data-settings=\"{&quot;jet_parallax_layout_list&quot;:[]}\">\n\t\t\t\t<div class=\"elementor-element elementor-element-2cfd309 elementor-widget__width-initial elementor-widget elementor-widget-text-editor\" data-id=\"2cfd309\" data-element_type=\"widget\" data-widget_type=\"text-editor.default\">\n\t\t\t\t<div class=\"elementor-widget-container\">\n\t\t\t\t\t\t\t\t\t<p>Ne isporu\u010dujemo samo proizvod \u2013 na\u0161 cilj je izgradnja poverenja i dugoro\u010dnih partnerstava. Nabavljamo p\u0161enicu od odgovornih proizvo\u0111a\u010da i sprovodimo rigorozne kontrole kvaliteta u svakoj fazi, osiguravaju\u0107i da svaka serija ispunjava stroge industrijske standarde. Bilo da vam je potrebna p\u0161enica za mlinarsku preradu, sto\u010dnu ishranu ili industrijsku upotrebu, Bio-Vita kombinuje stru\u010dnost, pouzdanost i inovacije kako bi vam ponudila re\u0161enje prilago\u0111eno va\u0161im potrebama, uz izuzetnu korisni\u010dku podr\u0161ku.<\/p>\t\t\t\t\t\t\t\t<\/div>\n\t\t\t\t<\/div>\n\t\t\t\t<\/div>\n\t\t\t\t\t<\/div>\n\t\t\t\t<\/div>\n\t\t<div class=\"elementor-element elementor-element-ed7491c fade-on-scroll e-flex e-con-boxed e-con e-parent\" data-id=\"ed7491c\" data-element_type=\"container\" id=\"fade-on-scroll\" data-settings=\"{&quot;jet_parallax_layout_list&quot;:[]}\">\n\t\t\t\t\t<div class=\"e-con-inner\">\n\t\t<div class=\"elementor-element elementor-element-85c7804 e-con-full e-flex e-con e-child\" data-id=\"85c7804\" data-element_type=\"container\" data-settings=\"{&quot;jet_parallax_layout_list&quot;:[]}\">\n\t\t\t\t<div class=\"elementor-element elementor-element-d1e4d97 elementor-widget__width-initial elementor-widget elementor-widget-text-editor\" data-id=\"d1e4d97\" data-element_type=\"widget\" data-widget_type=\"text-editor.default\">\n\t\t\t\t<div class=\"elementor-widget-container\">\n\t\t\t\t\t\t\t\t\t<p>Isporu\u010dujemo vrhunsku p\u0161enicu, soju i kukuruz prema va\u0161im potrebama \u2013 kontaktirajte nas za pouzdana re\u0161enja.<\/p>\t\t\t\t\t\t\t\t<\/div>\n\t\t\t\t<\/div>\n\t\t\t\t<div class=\"elementor-element elementor-element-9bc4659 elementor-widget elementor-widget-html\" data-id=\"9bc4659\" data-element_type=\"widget\" data-widget_type=\"html.default\">\n\t\t\t\t<div class=\"elementor-widget-container\">\n\t\t\t\t\t<a href=\"https:\/\/bio-vita.co.rs\/sr\/contact-us\/\" class=\"contact-button\">\n    Kontaktirajte nas! <img decoding=\"async\" src=\"https:\/\/bio-vita.co.rs\/wp-content\/uploads\/2024\/10\/arrow-icon.svg\" alt=\"Icon\" class=\"button-icon\">\n<\/a>\n<style>\n    .contact-button {\n        font-family: Outfit;\n        background-color: #8FD34B;\n        color: #204F3D;\n        align-items: center;\n        padding-top: 4px;\n        padding-right: 4px;\n        padding-bottom: 4px;\n        padding-left: 12px;\n        display: flex;\n        border-radius: 32px;\n        font-weight: 500;\n        font-size: 14px;\n        transition: background-color 0.5s ease;\n        text-decoration: none !important;\n        \n    }\n    \n    .contact-button img.button-icon {\n        height: 24px;\n        width: auto;\n        margin-left: 8px;\n        \n    }\n    .contact-button:hover {\n        background-color: #C9EBA8;\n        color: #204F3D;\n    }\n    \n   \n<\/style>\t\t\t\t<\/div>\n\t\t\t\t<\/div>\n\t\t\t\t<\/div>\n\t\t\t\t\t<\/div>\n\t\t\t\t<\/div>\n\t\t\t\t<\/div>","protected":false},"excerpt":{"rendered":"<p>Mercantile Wheat Bio-Vita provides premium wheat year-round, ensuring consistent quality for all your agricultural and industrial needs. Our wheat is carefully processed using advanced purification, storage, and shipping technologies, minimizing contaminants and impurities. With our expert team dedicated to maintaining the highest standards, you can rely on Bio-Vita to deliver wheat that meets your exact [&hellip;]<\/p>","protected":false},"author":1,"featured_media":0,"parent":0,"menu_order":0,"comment_status":"closed","ping_status":"closed","template":"","meta":{"footnotes":""},"class_list":["post-1991","page","type-page","status-publish","hentry"],"_links":{"self":[{"href":"https:\/\/bio-vita.co.rs\/sr\/wp-json\/wp\/v2\/pages\/1991","targetHints":{"allow":["GET"]}}],"collection":[{"href":"https:\/\/bio-vita.co.rs\/sr\/wp-json\/wp\/v2\/pages"}],"about":[{"href":"https:\/\/bio-vita.co.rs\/sr\/wp-json\/wp\/v2\/types\/page"}],"author":[{"embeddable":true,"href":"https:\/\/bio-vita.co.rs\/sr\/wp-json\/wp\/v2\/users\/1"}],"replies":[{"embeddable":true,"href":"https:\/\/bio-vita.co.rs\/sr\/wp-json\/wp\/v2\/comments?post=1991"}],"version-history":[{"count":43,"href":"https:\/\/bio-vita.co.rs\/sr\/wp-json\/wp\/v2\/pages\/1991\/revisions"}],"predecessor-version":[{"id":4163,"href":"https:\/\/bio-vita.co.rs\/sr\/wp-json\/wp\/v2\/pages\/1991\/revisions\/4163"}],"wp:attachment":[{"href":"https:\/\/bio-vita.co.rs\/sr\/wp-json\/wp\/v2\/media?parent=1991"}],"curies":[{"name":"wp","href":"https:\/\/api.w.org\/{rel}","templated":true}]}}