{"id":1977,"date":"2024-12-09T19:55:32","date_gmt":"2024-12-09T19:55:32","guid":{"rendered":"https:\/\/bio-vita.co.rs\/?page_id=1977"},"modified":"2025-03-12T06:40:09","modified_gmt":"2025-03-12T06:40:09","slug":"corn","status":"publish","type":"page","link":"https:\/\/bio-vita.co.rs\/sr\/corn\/","title":{"rendered":"Kukuruz"},"content":{"rendered":"<div data-elementor-type=\"wp-page\" data-elementor-id=\"1977\" class=\"elementor elementor-1977\">\n\t\t\t\t<div class=\"elementor-element elementor-element-b72c295 e-flex e-con-boxed e-con e-parent\" data-id=\"b72c295\" data-element_type=\"container\" data-settings=\"{&quot;jet_parallax_layout_list&quot;:[]}\">\n\t\t\t\t\t<div class=\"e-con-inner\">\n\t\t<div class=\"elementor-element elementor-element-6775a8c9 e-con-full e-flex e-con e-child\" data-id=\"6775a8c9\" data-element_type=\"container\" data-settings=\"{&quot;jet_parallax_layout_list&quot;:[]}\">\n\t\t<div class=\"elementor-element elementor-element-74cafaa1 e-con-full elementor-hidden-mobile e-flex e-con e-child\" data-id=\"74cafaa1\" data-element_type=\"container\" data-settings=\"{&quot;background_background&quot;:&quot;classic&quot;,&quot;jet_parallax_layout_list&quot;:[]}\">\n\t\t\t\t<div class=\"elementor-element elementor-element-8783161 elementor-widget elementor-widget-html\" data-id=\"8783161\" data-element_type=\"widget\" data-widget_type=\"html.default\">\n\t\t\t\t<div class=\"elementor-widget-container\">\n\t\t\t\t\t<a href=\"https:\/\/bio-vita.co.rs\/sr\/mercantile-products\/\" class=\"category-button\">\n    <img decoding=\"async\" class=\"back-arrow\" src=\"https:\/\/bio-vita.co.rs\/wp-content\/uploads\/2024\/12\/arrow-left.svg\" alt=\"Arrow\" >\n   \n    Merkantila\n<\/a>\n<style>\n    .category-button {\n        display: flex;\n        align-content: center;\n        flex-direction: row;\n        justify-content: center;\n    font-family: Outfit;\n    background-color: #E3FFC8; \n    color: #204F3D; \n    font-size: 14px; \n    padding: 4px 16px 4px 12px;\n    border-radius: 50px; \n    font-weight: 400; \n    text-align: center; \n   \n}\n    img.back-arrow {\n        width: 18px !important;\n        margin-right: 6px;\n    }\n\n<\/style>\t\t\t\t<\/div>\n\t\t\t\t<\/div>\n\t\t\t\t<\/div>\n\t\t<div class=\"elementor-element elementor-element-15269a57 e-con-full e-flex e-con e-child\" data-id=\"15269a57\" data-element_type=\"container\" data-settings=\"{&quot;jet_parallax_layout_list&quot;:[],&quot;background_background&quot;:&quot;classic&quot;}\">\n\t\t<div class=\"elementor-element elementor-element-e366b26 e-con-full e-flex e-con e-child\" data-id=\"e366b26\" data-element_type=\"container\" data-settings=\"{&quot;jet_parallax_layout_list&quot;:[]}\">\n\t\t\t\t<div class=\"elementor-element elementor-element-99cf1dd elementor-widget__width-initial elementor-widget-mobile__width-auto elementor-widget elementor-widget-heading\" data-id=\"99cf1dd\" data-element_type=\"widget\" data-widget_type=\"heading.default\">\n\t\t\t\t<div class=\"elementor-widget-container\">\n\t\t\t\t\t<h2 class=\"elementor-heading-title elementor-size-default\">Kukuruz<\/h2>\t\t\t\t<\/div>\n\t\t\t\t<\/div>\n\t\t\t\t<div class=\"elementor-element elementor-element-db14594 elementor-widget-mobile__width-initial elementor-widget elementor-widget-image\" data-id=\"db14594\" data-element_type=\"widget\" data-widget_type=\"image.default\">\n\t\t\t\t<div class=\"elementor-widget-container\">\n\t\t\t\t\t\t\t\t\t\t\t\t\t\t\t<img fetchpriority=\"high\" decoding=\"async\" width=\"684\" height=\"683\" src=\"https:\/\/bio-vita.co.rs\/wp-content\/uploads\/2024\/12\/cornbag.png\" class=\"attachment-large size-large wp-image-2020\" alt=\"\" srcset=\"https:\/\/bio-vita.co.rs\/wp-content\/uploads\/2024\/12\/cornbag.png 684w, https:\/\/bio-vita.co.rs\/wp-content\/uploads\/2024\/12\/cornbag-300x300.png 300w, https:\/\/bio-vita.co.rs\/wp-content\/uploads\/2024\/12\/cornbag-150x150.png 150w\" sizes=\"(max-width: 684px) 100vw, 684px\" \/>\t\t\t\t\t\t\t\t\t\t\t\t\t\t\t<\/div>\n\t\t\t\t<\/div>\n\t\t\t\t<\/div>\n\t\t\t\t<div class=\"elementor-element elementor-element-714bcecd elementor-widget__width-initial elementor-widget elementor-widget-text-editor\" data-id=\"714bcecd\" data-element_type=\"widget\" data-widget_type=\"text-editor.default\">\n\t\t\t\t<div class=\"elementor-widget-container\">\n\t\t\t\t\t\t\t\t\t<p>Proizvodi se i isporu\u010duje uz posebnu pa\u017enju kako bi se obezbedio vrhunski kvalitet i minimalan nivo ne\u010disto\u0107a. Zahvaljuju\u0107i najsavremenijim tehnologijama pre\u010di\u0161\u0107avanja, skladi\u0161tenja i transporta, Bio-Vita garantuje da svaka isporuka ispunjava najstro\u017ee standarde. Bilo da se koristi za sto\u010dnu ishranu, industrijsku preradu ili druge namene, na\u0161 merkantilni kukuruz predstavlja siguran i pouzdan izbor.<\/p>\t\t\t\t\t\t\t\t<\/div>\n\t\t\t\t<\/div>\n\t\t\t\t<\/div>\n\t\t<div class=\"elementor-element elementor-element-4a700bd3 e-con-full e-flex e-con e-child\" data-id=\"4a700bd3\" data-element_type=\"container\" data-settings=\"{&quot;background_background&quot;:&quot;classic&quot;,&quot;jet_parallax_layout_list&quot;:[]}\">\n\t\t\t\t<\/div>\n\t\t\t\t<\/div>\n\t\t\t\t\t<\/div>\n\t\t\t\t<\/div>\n\t\t<div class=\"elementor-element elementor-element-b4fbf7f fade-on-scroll e-flex e-con-boxed e-con e-parent\" data-id=\"b4fbf7f\" data-element_type=\"container\" id=\"fade-on-scroll\" data-settings=\"{&quot;jet_parallax_layout_list&quot;:[]}\">\n\t\t\t\t\t<div class=\"e-con-inner\">\n\t\t<div class=\"elementor-element elementor-element-e467676 e-con-full e-flex e-con e-child\" data-id=\"e467676\" data-element_type=\"container\" data-settings=\"{&quot;background_background&quot;:&quot;classic&quot;,&quot;jet_parallax_layout_list&quot;:[]}\">\n\t\t\t\t<\/div>\n\t\t<div class=\"elementor-element elementor-element-c84955d e-con-full e-flex e-con e-child\" data-id=\"c84955d\" data-element_type=\"container\" data-settings=\"{&quot;jet_parallax_layout_list&quot;:[]}\">\n\t\t\t\t<div class=\"elementor-element elementor-element-1fcdc3b elementor-widget__width-initial elementor-widget elementor-widget-text-editor\" data-id=\"1fcdc3b\" data-element_type=\"widget\" data-widget_type=\"text-editor.default\">\n\t\t\t\t<div class=\"elementor-widget-container\">\n\t\t\t\t\t\t\t\t\t<p>Na\u0161a predanost kvalitetu ne zavr\u0161ava se samo na proizvodnji. Sara\u0111ujemo s proverenim poljoprivrednicima i dobavlja\u010dima kako bismo osigurali da se kukuruz uzgaja u optimalnim uslovima. Redovne kontrole i uskla\u0111enost s me\u0111unarodnim standardima potvr\u0111uju na\u0161u posve\u0107enost isporuci proizvoda koji dosledno prema\u0161uje o\u010dekivanja. Od njive do va\u0161eg pogona, garantujemo transparentnost, pouzdanost i odr\u017eivost, \u010dine\u0107i na\u0161 merkantilni kukuruz sinonimom za vrhunski kvalitet u industriji.<\/p>\t\t\t\t\t\t\t\t<\/div>\n\t\t\t\t<\/div>\n\t\t\t\t<\/div>\n\t\t\t\t\t<\/div>\n\t\t\t\t<\/div>\n\t\t<div class=\"elementor-element elementor-element-11c90dc fade-on-scroll e-flex e-con-boxed e-con e-parent\" data-id=\"11c90dc\" data-element_type=\"container\" id=\"fade-on-scroll\" data-settings=\"{&quot;jet_parallax_layout_list&quot;:[]}\">\n\t\t\t\t\t<div class=\"e-con-inner\">\n\t\t<div class=\"elementor-element elementor-element-c5d5aec e-con-full e-flex e-con e-child\" data-id=\"c5d5aec\" data-element_type=\"container\" data-settings=\"{&quot;jet_parallax_layout_list&quot;:[]}\">\n\t\t\t\t<div class=\"elementor-element elementor-element-032982e elementor-widget__width-initial elementor-widget elementor-widget-text-editor\" data-id=\"032982e\" data-element_type=\"widget\" data-widget_type=\"text-editor.default\">\n\t\t\t\t<div class=\"elementor-widget-container\">\n\t\t\t\t\t\t\t\t\t<p>Isporu\u010dujemo vrhunsku p\u0161enicu, soju i kukuruz prema va\u0161im potrebama \u2013 kontaktirajte nas za pouzdana re\u0161enja.<\/p>\t\t\t\t\t\t\t\t<\/div>\n\t\t\t\t<\/div>\n\t\t\t\t<div class=\"elementor-element elementor-element-ba830cf elementor-widget elementor-widget-html\" data-id=\"ba830cf\" data-element_type=\"widget\" data-widget_type=\"html.default\">\n\t\t\t\t<div class=\"elementor-widget-container\">\n\t\t\t\t\t<a href=\"https:\/\/bio-vita.co.rs\/sr\/contact-us\/\" class=\"contact-button\">\n    Kontaktirajte nas! <img decoding=\"async\" src=\"https:\/\/bio-vita.co.rs\/wp-content\/uploads\/2024\/10\/arrow-icon.svg\" alt=\"Icon\" class=\"button-icon\">\n<\/a>\n<style>\n    .contact-button {\n        font-family: Outfit;\n        background-color: #8FD34B;\n        color: #204F3D;\n        align-items: center;\n        padding-top: 4px;\n        padding-right: 4px;\n        padding-bottom: 4px;\n        padding-left: 12px;\n        display: flex;\n        border-radius: 32px;\n        font-weight: 500;\n        font-size: 14px;\n        transition: background-color 0.5s ease;\n        text-decoration: none !important;\n        \n    }\n    \n    .contact-button img.button-icon {\n        height: 24px;\n        width: auto;\n        margin-left: 8px;\n        \n    }\n    .contact-button:hover {\n        background-color: #C9EBA8;\n        color: #204F3D;\n    }\n    \n   \n<\/style>\t\t\t\t<\/div>\n\t\t\t\t<\/div>\n\t\t\t\t<\/div>\n\t\t\t\t\t<\/div>\n\t\t\t\t<\/div>\n\t\t\t\t<\/div>","protected":false},"excerpt":{"rendered":"<p>Mercantile Corn Our corn is produced and delivered with the utmost care to guarantee high quality and minimal impurity levels. Using state-of-the-art technology for purification, storage, and transport, Bio-Vita ensures that every batch meets rigorous standards. Whether for animal feed, industrial use, or other applications, our mercantile corn is a dependable choice that you can [&hellip;]<\/p>","protected":false},"author":1,"featured_media":0,"parent":0,"menu_order":0,"comment_status":"closed","ping_status":"closed","template":"","meta":{"footnotes":""},"class_list":["post-1977","page","type-page","status-publish","hentry"],"_links":{"self":[{"href":"https:\/\/bio-vita.co.rs\/sr\/wp-json\/wp\/v2\/pages\/1977","targetHints":{"allow":["GET"]}}],"collection":[{"href":"https:\/\/bio-vita.co.rs\/sr\/wp-json\/wp\/v2\/pages"}],"about":[{"href":"https:\/\/bio-vita.co.rs\/sr\/wp-json\/wp\/v2\/types\/page"}],"author":[{"embeddable":true,"href":"https:\/\/bio-vita.co.rs\/sr\/wp-json\/wp\/v2\/users\/1"}],"replies":[{"embeddable":true,"href":"https:\/\/bio-vita.co.rs\/sr\/wp-json\/wp\/v2\/comments?post=1977"}],"version-history":[{"count":85,"href":"https:\/\/bio-vita.co.rs\/sr\/wp-json\/wp\/v2\/pages\/1977\/revisions"}],"predecessor-version":[{"id":4160,"href":"https:\/\/bio-vita.co.rs\/sr\/wp-json\/wp\/v2\/pages\/1977\/revisions\/4160"}],"wp:attachment":[{"href":"https:\/\/bio-vita.co.rs\/sr\/wp-json\/wp\/v2\/media?parent=1977"}],"curies":[{"name":"wp","href":"https:\/\/api.w.org\/{rel}","templated":true}]}}