{"id":1910,"date":"2024-12-09T19:18:48","date_gmt":"2024-12-09T19:18:48","guid":{"rendered":"https:\/\/bio-vita.co.rs\/?page_id=1910"},"modified":"2025-03-05T22:25:40","modified_gmt":"2025-03-05T22:25:40","slug":"calves","status":"publish","type":"page","link":"https:\/\/bio-vita.co.rs\/sr\/calves\/","title":{"rendered":"Telad"},"content":{"rendered":"<div data-elementor-type=\"wp-page\" data-elementor-id=\"1910\" class=\"elementor elementor-1910\">\n\t\t\t\t<div class=\"elementor-element elementor-element-75dab91c e-flex e-con-boxed e-con e-parent\" data-id=\"75dab91c\" data-element_type=\"container\" data-settings=\"{&quot;jet_parallax_layout_list&quot;:[]}\">\n\t\t\t\t\t<div class=\"e-con-inner\">\n\t\t\t\t<div class=\"elementor-element elementor-element-509f4beb elementor-widget elementor-widget-html\" data-id=\"509f4beb\" data-element_type=\"widget\" data-widget_type=\"html.default\">\n\t\t\t\t<div class=\"elementor-widget-container\">\n\t\t\t\t\t<div class=\"scrollable-boxes\">\r\n    <a href=\"https:\/\/bio-vita.co.rs\/sr\/poultry\/\" class=\"box\">\r\n        <div class=\"icon\">\r\n            <img decoding=\"async\" src=\"https:\/\/bio-vita.co.rs\/wp-content\/uploads\/2024\/12\/Group-42.png\" alt=\"Icon 1\">\r\n        <\/div>\r\n        <h4 class=\"box-header\">\u017divina<\/h4>\r\n    <\/a>\r\n    <a href=\"https:\/\/bio-vita.co.rs\/sr\/pig\/\" class=\"box\">\r\n        <div class=\"icon\">\r\n            <img decoding=\"async\" src=\"https:\/\/bio-vita.co.rs\/wp-content\/uploads\/2024\/12\/Group-43.png\" alt=\"Icon 2\">\r\n        <\/div>\r\n        <h4 class=\"box-header\">Svinje<\/h4>\r\n    <\/a>\r\n    <a href=\"https:\/\/bio-vita.co.rs\/sr\/ruminants\/\" class=\"box\">\r\n        <div class=\"icon\">\r\n            <img decoding=\"async\" src=\"https:\/\/bio-vita.co.rs\/wp-content\/uploads\/2024\/12\/Group-44.png\" alt=\"Icon 3\">\r\n        <\/div>\r\n        <h4 class=\"box-header\">Pre\u017eivari<\/h4>\r\n    <\/a>\r\n    <a href=\"https:\/\/bio-vita.co.rs\/sr\/sheep\/\" class=\"box\">\r\n        <div class=\"icon\">\r\n            <img decoding=\"async\" src=\"https:\/\/bio-vita.co.rs\/wp-content\/uploads\/2024\/12\/Group-45.png\" alt=\"Icon 4\">\r\n        <\/div>\r\n        <h4 class=\"box-header\">Ovce<\/h4>\r\n    <\/a>\r\n    <a href=\"https:\/\/bio-vita.co.rs\/sr\/goat\/\" class=\"box\">\r\n        <div class=\"icon\">\r\n            <img decoding=\"async\" src=\"https:\/\/bio-vita.co.rs\/wp-content\/uploads\/2024\/12\/Group-46.png\" alt=\"Icon 5\">\r\n        <\/div>\r\n        <h4 class=\"box-header\">Koze<\/h4>\r\n    <\/a>\r\n    <a href=\"https:\/\/bio-vita.co.rs\/sr\/fish\/\" class=\"box\">\r\n        <div class=\"icon\">\r\n            <img decoding=\"async\" src=\"https:\/\/bio-vita.co.rs\/wp-content\/uploads\/2024\/12\/Group-47.png\" alt=\"Icon 6\">\r\n        <\/div>\r\n        <h4 class=\"box-header\">Ribe<\/h4>\r\n    <\/a>\r\n<\/div>\r\n\r\n\t\t\t\t<\/div>\n\t\t\t\t<\/div>\n\t\t\t\t\t<\/div>\n\t\t\t\t<\/div>\n\t\t<div class=\"elementor-element elementor-element-3cb4d664 e-flex e-con-boxed e-con e-parent\" data-id=\"3cb4d664\" data-element_type=\"container\" data-settings=\"{&quot;jet_parallax_layout_list&quot;:[]}\">\n\t\t\t\t\t<div class=\"e-con-inner\">\n\t\t<div class=\"elementor-element elementor-element-6461b8b8 e-con-full e-flex e-con e-child\" data-id=\"6461b8b8\" data-element_type=\"container\" data-settings=\"{&quot;jet_parallax_layout_list&quot;:[]}\">\n\t\t<div class=\"elementor-element elementor-element-be41eee e-con-full elementor-hidden-mobile e-flex e-con e-child\" data-id=\"be41eee\" data-element_type=\"container\" data-settings=\"{&quot;background_background&quot;:&quot;classic&quot;,&quot;jet_parallax_layout_list&quot;:[]}\">\n\t\t\t\t<div class=\"elementor-element elementor-element-6e3bda06 elementor-widget elementor-widget-html\" data-id=\"6e3bda06\" data-element_type=\"widget\" data-widget_type=\"html.default\">\n\t\t\t\t<div class=\"elementor-widget-container\">\n\t\t\t\t\t<a href=\"https:\/\/bio-vita.co.rs\/sr\/ruminants\/\" class=\"category-button\">\n    <img decoding=\"async\" class=\"back-arrow\" src=\"https:\/\/bio-vita.co.rs\/wp-content\/uploads\/2024\/12\/arrow-left.svg\" alt=\"Arrow\" >\n   \n    Pre\u017eivari\n<\/a>\n<style>\n    .category-button {\n        display: flex;\n        align-content: center;\n        flex-direction: row;\n        justify-content: center;\n    font-family: Outfit;\n    background-color: #E3FFC8; \n    color: #204F3D; \n    font-size: 14px; \n    padding: 4px 16px 4px 12px;\n    border-radius: 50px; \n    font-weight: 400; \n    text-align: center; \n   \n}\n    img.back-arrow {\n        width: 18px !important;\n        margin-right: 6px;\n    }\n\n<\/style>\t\t\t\t<\/div>\n\t\t\t\t<\/div>\n\t\t\t\t<\/div>\n\t\t<div class=\"elementor-element elementor-element-5145d35e e-con-full e-flex e-con e-child\" data-id=\"5145d35e\" data-element_type=\"container\" data-settings=\"{&quot;jet_parallax_layout_list&quot;:[],&quot;background_background&quot;:&quot;classic&quot;}\">\n\t\t\t\t<div class=\"elementor-element elementor-element-39d97666 elementor-widget__width-initial elementor-widget elementor-widget-heading\" data-id=\"39d97666\" data-element_type=\"widget\" data-widget_type=\"heading.default\">\n\t\t\t\t<div class=\"elementor-widget-container\">\n\t\t\t\t\t<h2 class=\"elementor-heading-title elementor-size-default\">Telad<\/h2>\t\t\t\t<\/div>\n\t\t\t\t<\/div>\n\t\t\t\t<div class=\"elementor-element elementor-element-4f03d305 elementor-widget__width-initial elementor-widget elementor-widget-text-editor\" data-id=\"4f03d305\" data-element_type=\"widget\" data-widget_type=\"text-editor.default\">\n\t\t\t\t<div class=\"elementor-widget-container\">\n\t\t\t\t\t\t\t\t\t<p>Bio-Vita nudi \u0161irok asortiman proizvoda koji zadovoljavaju razli\u010dite nutritivne potrebe va\u0161e stoke, bilo da hranite telad, junad ili odrasle krave. Svaki proizvod je pa\u017eljivo dizajniran da obezbedi optimalnu ishranu, osiguravaju\u0107i da svaki paket sadr\u017ei hranu koja nije samo zdrava, ve\u0107 i izuzetnog kvaliteta. Bez obzira koji proizvod odaberete, mo\u017eete se osloniti na Bio-Vitu da podr\u017ei rast, zdravlje i produktivnost va\u0161ih \u017eivotinja.<\/p><p>Pa\u017eljivo biramo sirovine, uzimaju\u0107i u obzir regionalne i sezonske varijacije kako bismo osigurali dosledan kvalitet u svakoj \u0161ar\u017ei. Na\u0161e formulacije prilago\u0111avamo specifi\u010dnim zahtevima razli\u010ditih vrsta \u017eivotinja i njihovim fazama razvoja, pru\u017eaju\u0107i optimalnu ishranu u svakom trenutku. Ovaj posve\u0107en pristup garantuje pouzdanu, visokokvalitetnu hranu koja kontinuirano zadovoljava potrebe va\u0161e farme. Uz Bio-Vitu, mo\u017eete biti sigurni da va\u0161e \u017eivotinje dobijaju ishranu neophodnu za zdrav rast i napredak, bez obzira na sezonu ili uslove.<\/p>\t\t\t\t\t\t\t\t<\/div>\n\t\t\t\t<\/div>\n\t\t\t\t<\/div>\n\t\t<div class=\"elementor-element elementor-element-1d1fe24c e-con-full e-flex e-con e-child\" data-id=\"1d1fe24c\" data-element_type=\"container\" data-settings=\"{&quot;background_background&quot;:&quot;classic&quot;,&quot;jet_parallax_layout_list&quot;:[]}\">\n\t\t\t\t<\/div>\n\t\t\t\t<\/div>\n\t\t<div class=\"elementor-element elementor-element-2cb897af e-con-full e-flex e-con e-child\" data-id=\"2cb897af\" data-element_type=\"container\" data-settings=\"{&quot;jet_parallax_layout_list&quot;:[]}\">\n\t\t\t\t<div class=\"elementor-element elementor-element-1670eaf8 elementor-widget__width-initial elementor-widget-divider--view-line elementor-widget elementor-widget-divider\" data-id=\"1670eaf8\" data-element_type=\"widget\" data-widget_type=\"divider.default\">\n\t\t\t\t<div class=\"elementor-widget-container\">\n\t\t\t\t\t\t\t<div class=\"elementor-divider\">\n\t\t\t<span class=\"elementor-divider-separator\">\n\t\t\t\t\t\t<\/span>\n\t\t<\/div>\n\t\t\t\t\t\t<\/div>\n\t\t\t\t<\/div>\n\t\t\t\t<div class=\"elementor-element elementor-element-50a24cdf elementor-widget elementor-widget-heading\" data-id=\"50a24cdf\" data-element_type=\"widget\" data-widget_type=\"heading.default\">\n\t\t\t\t<div class=\"elementor-widget-container\">\n\t\t\t\t\t<h2 class=\"elementor-heading-title elementor-size-default\">Proizvodi<\/h2>\t\t\t\t<\/div>\n\t\t\t\t<\/div>\n\t\t\t\t<div class=\"elementor-element elementor-element-4991410c elementor-widget-divider--view-line elementor-widget elementor-widget-divider\" data-id=\"4991410c\" data-element_type=\"widget\" data-widget_type=\"divider.default\">\n\t\t\t\t<div class=\"elementor-widget-container\">\n\t\t\t\t\t\t\t<div class=\"elementor-divider\">\n\t\t\t<span class=\"elementor-divider-separator\">\n\t\t\t\t\t\t<\/span>\n\t\t<\/div>\n\t\t\t\t\t\t<\/div>\n\t\t\t\t<\/div>\n\t\t\t\t<\/div>\n\t\t\t\t\t<\/div>\n\t\t\t\t<\/div>\n\t\t<div class=\"elementor-element elementor-element-16bf15ff e-flex e-con-boxed e-con e-parent\" data-id=\"16bf15ff\" data-element_type=\"container\" data-settings=\"{&quot;jet_parallax_layout_list&quot;:[]}\">\n\t\t\t\t\t<div class=\"e-con-inner\">\n\t\t\t\t<div class=\"elementor-element elementor-element-2b4d8015 elementor-widget elementor-widget-jet-listing-grid\" data-id=\"2b4d8015\" data-element_type=\"widget\" data-settings=\"{&quot;columns&quot;:&quot;4&quot;,&quot;columns_laptop&quot;:&quot;3&quot;,&quot;columns_tablet&quot;:&quot;2&quot;,&quot;columns_mobile&quot;:&quot;1&quot;}\" data-widget_type=\"jet-listing-grid.default\">\n\t\t\t\t<div class=\"elementor-widget-container\">\n\t\t\t\t\t<div class=\"jet-listing-grid jet-listing\"><div class=\"jet-listing-grid__items grid-col-desk-4 grid-col-tablet-2 grid-col-mobile-1 jet-listing-grid--3942 jet-equal-columns__wrapper grid-collapse-gap\" data-queried-id=\"1910|WP_Post\" data-nav=\"{&quot;enabled&quot;:false,&quot;type&quot;:null,&quot;more_el&quot;:null,&quot;query&quot;:[],&quot;widget_settings&quot;:{&quot;lisitng_id&quot;:3942,&quot;posts_num&quot;:6,&quot;columns&quot;:4,&quot;columns_tablet&quot;:2,&quot;columns_mobile&quot;:1,&quot;is_archive_template&quot;:&quot;&quot;,&quot;post_status&quot;:[&quot;publish&quot;],&quot;use_random_posts_num&quot;:&quot;&quot;,&quot;max_posts_num&quot;:9,&quot;not_found_message&quot;:&quot;No data was found&quot;,&quot;is_masonry&quot;:false,&quot;equal_columns_height&quot;:&quot;yes&quot;,&quot;use_load_more&quot;:&quot;&quot;,&quot;load_more_id&quot;:&quot;&quot;,&quot;load_more_type&quot;:&quot;click&quot;,&quot;load_more_offset&quot;:{&quot;unit&quot;:&quot;px&quot;,&quot;size&quot;:0,&quot;sizes&quot;:[]},&quot;use_custom_post_types&quot;:&quot;&quot;,&quot;custom_post_types&quot;:[],&quot;hide_widget_if&quot;:&quot;&quot;,&quot;carousel_enabled&quot;:&quot;&quot;,&quot;slides_to_scroll&quot;:&quot;1&quot;,&quot;arrows&quot;:&quot;true&quot;,&quot;arrow_icon&quot;:&quot;fa fa-angle-left&quot;,&quot;dots&quot;:&quot;&quot;,&quot;autoplay&quot;:&quot;true&quot;,&quot;pause_on_hover&quot;:&quot;true&quot;,&quot;autoplay_speed&quot;:5000,&quot;infinite&quot;:&quot;true&quot;,&quot;center_mode&quot;:&quot;&quot;,&quot;effect&quot;:&quot;slide&quot;,&quot;speed&quot;:500,&quot;inject_alternative_items&quot;:&quot;&quot;,&quot;injection_items&quot;:[],&quot;scroll_slider_enabled&quot;:&quot;&quot;,&quot;scroll_slider_on&quot;:[&quot;desktop&quot;,&quot;tablet&quot;,&quot;mobile&quot;],&quot;custom_query&quot;:false,&quot;custom_query_id&quot;:&quot;&quot;,&quot;_element_id&quot;:&quot;&quot;}}\" data-page=\"1\" data-pages=\"1\" data-listing-source=\"posts\" data-listing-id=\"3942\" data-query-id=\"\"><div class=\"jet-listing-grid__item jet-listing-dynamic-post-3757 jet-equal-columns\" data-post-id=\"3757\" ><div class=\"jet-engine-listing-overlay-wrap\" data-url=\"https:\/\/bio-vita.co.rs\/sr\/food\/tp-18\/\">\t\t<div data-elementor-type=\"jet-listing-items\" data-elementor-id=\"3942\" class=\"elementor elementor-3942\">\n\t\t\t\t<div class=\"elementor-element elementor-element-75973b8c e-con-full e-flex e-con e-child\" data-id=\"75973b8c\" data-element_type=\"container\" data-settings=\"{&quot;background_background&quot;:&quot;classic&quot;,&quot;jet_parallax_layout_list&quot;:[]}\">\n\t\t<div class=\"elementor-element elementor-element-6f711fa3 e-con-full e-flex e-con e-child\" data-id=\"6f711fa3\" data-element_type=\"container\" data-settings=\"{&quot;jet_parallax_layout_list&quot;:[]}\">\n\t\t\t\t<div class=\"elementor-element elementor-element-7cb3dd0d elementor-widget elementor-widget-image\" data-id=\"7cb3dd0d\" data-element_type=\"widget\" data-widget_type=\"image.default\">\n\t\t\t\t<div class=\"elementor-widget-container\">\n\t\t\t\t\t\t\t\t\t\t\t\t\t\t\t<img decoding=\"async\" width=\"111\" height=\"127\" src=\"https:\/\/bio-vita.co.rs\/wp-content\/uploads\/2024\/12\/\u0431\u0430\u0433.svg\" class=\"attachment-large size-large wp-image-1498\" alt=\"\" \/>\t\t\t\t\t\t\t\t\t\t\t\t\t\t\t<\/div>\n\t\t\t\t<\/div>\n\t\t\t\t<div class=\"elementor-element elementor-element-43c4624 elementor-widget elementor-widget-jet-listing-dynamic-field\" data-id=\"43c4624\" data-element_type=\"widget\" data-widget_type=\"jet-listing-dynamic-field.default\">\n\t\t\t\t<div class=\"elementor-widget-container\">\n\t\t\t\t\t<div class=\"jet-listing jet-listing-dynamic-field display-inline\"><div class=\"jet-listing-dynamic-field__inline-wrap\"><div class=\"jet-listing-dynamic-field__content\">TP-18%<\/div><\/div><\/div>\t\t\t\t<\/div>\n\t\t\t\t<\/div>\n\t\t\t\t<\/div>\n\t\t\t\t<div class=\"elementor-element elementor-element-6402ba14 elementor-widget-divider--view-line elementor-widget elementor-widget-divider\" data-id=\"6402ba14\" data-element_type=\"widget\" data-widget_type=\"divider.default\">\n\t\t\t\t<div class=\"elementor-widget-container\">\n\t\t\t\t\t\t\t<div class=\"elementor-divider\">\n\t\t\t<span class=\"elementor-divider-separator\">\n\t\t\t\t\t\t<\/span>\n\t\t<\/div>\n\t\t\t\t\t\t<\/div>\n\t\t\t\t<\/div>\n\t\t<div class=\"elementor-element elementor-element-103cc3a1 e-con-full jedv-enabled--yes e-flex e-con e-child\" data-id=\"103cc3a1\" data-element_type=\"container\" data-settings=\"{&quot;jet_parallax_layout_list&quot;:[]}\">\n\t\t\t\t<div class=\"elementor-element elementor-element-1555107c elementor-widget elementor-widget-heading\" data-id=\"1555107c\" data-element_type=\"widget\" data-widget_type=\"heading.default\">\n\t\t\t\t<div class=\"elementor-widget-container\">\n\t\t\t\t\t<h2 class=\"elementor-heading-title elementor-size-default\">Formulacija:<\/h2>\t\t\t\t<\/div>\n\t\t\t\t<\/div>\n\t\t\t\t<div class=\"elementor-element elementor-element-97b430c elementor-widget elementor-widget-jet-listing-dynamic-field\" data-id=\"97b430c\" data-element_type=\"widget\" data-widget_type=\"jet-listing-dynamic-field.default\">\n\t\t\t\t<div class=\"elementor-widget-container\">\n\t\t\t\t\t<div class=\"jet-listing jet-listing-dynamic-field display-inline\"><div class=\"jet-listing-dynamic-field__inline-wrap\"><div class=\"jet-listing-dynamic-field__content\">Rasuto<\/div><\/div><\/div>\t\t\t\t<\/div>\n\t\t\t\t<\/div>\n\t\t\t\t<\/div>\n\t\t<div class=\"elementor-element elementor-element-5ba2748b e-con-full jedv-enabled--yes e-flex e-con e-child\" data-id=\"5ba2748b\" data-element_type=\"container\" data-settings=\"{&quot;jet_parallax_layout_list&quot;:[]}\">\n\t\t\t\t<div class=\"elementor-element elementor-element-47ac8e60 elementor-widget elementor-widget-heading\" data-id=\"47ac8e60\" data-element_type=\"widget\" data-widget_type=\"heading.default\">\n\t\t\t\t<div class=\"elementor-widget-container\">\n\t\t\t\t\t<h2 class=\"elementor-heading-title elementor-size-default\">Tip:<\/h2>\t\t\t\t<\/div>\n\t\t\t\t<\/div>\n\t\t\t\t<div class=\"elementor-element elementor-element-1640e5b elementor-widget elementor-widget-jet-listing-dynamic-field\" data-id=\"1640e5b\" data-element_type=\"widget\" data-widget_type=\"jet-listing-dynamic-field.default\">\n\t\t\t\t<div class=\"elementor-widget-container\">\n\t\t\t\t\t<div class=\"jet-listing jet-listing-dynamic-field display-inline\"><div class=\"jet-listing-dynamic-field__inline-wrap\"><div class=\"jet-listing-dynamic-field__content\">Potpuna sme\u0161a<\/div><\/div><\/div>\t\t\t\t<\/div>\n\t\t\t\t<\/div>\n\t\t\t\t<\/div>\n\t\t\t\t<div class=\"elementor-element elementor-element-3ec37d85 jedv-enabled--yes elementor-widget-divider--view-line elementor-widget elementor-widget-divider\" data-id=\"3ec37d85\" data-element_type=\"widget\" data-widget_type=\"divider.default\">\n\t\t\t\t<div class=\"elementor-widget-container\">\n\t\t\t\t\t\t\t<div class=\"elementor-divider\">\n\t\t\t<span class=\"elementor-divider-separator\">\n\t\t\t\t\t\t<\/span>\n\t\t<\/div>\n\t\t\t\t\t\t<\/div>\n\t\t\t\t<\/div>\n\t\t\t\t<div class=\"elementor-element elementor-element-a14566f elementor-widget elementor-widget-jet-listing-dynamic-field\" data-id=\"a14566f\" data-element_type=\"widget\" data-widget_type=\"jet-listing-dynamic-field.default\">\n\t\t\t\t<div class=\"elementor-widget-container\">\n\t\t\t\t\t<div class=\"jet-listing jet-listing-dynamic-field display-inline\"><div class=\"jet-listing-dynamic-field__inline-wrap\"><div class=\"jet-listing-dynamic-field__content\"><p><span style=\"font-weight: 400\">TP-18% je vrhunska hrana sa 18% sadr\u017eaja proteina, posebno prilago\u0111ena teladi tokom klju\u010dnih faza rasta koje zahtevaju poja\u010danu nutritivnu podr\u0161ku. <\/span><\/p>\n<\/div><\/div><\/div>\t\t\t\t<\/div>\n\t\t\t\t<\/div>\n\t\t\t\t<\/div>\n\t\t\t\t<\/div>\n\t\t<a href=\"https:\/\/bio-vita.co.rs\/sr\/food\/tp-18\/\" class=\"jet-engine-listing-overlay-link\"><\/a><\/div><\/div><div class=\"jet-listing-grid__item jet-listing-dynamic-post-3762 jet-equal-columns\" data-post-id=\"3762\" ><div class=\"jet-engine-listing-overlay-wrap\" data-url=\"https:\/\/bio-vita.co.rs\/sr\/food\/tp-16\/\">\t\t<div data-elementor-type=\"jet-listing-items\" data-elementor-id=\"3942\" class=\"elementor elementor-3942\">\n\t\t\t\t<div class=\"elementor-element elementor-element-75973b8c e-con-full e-flex e-con e-child\" data-id=\"75973b8c\" data-element_type=\"container\" data-settings=\"{&quot;background_background&quot;:&quot;classic&quot;,&quot;jet_parallax_layout_list&quot;:[]}\">\n\t\t<div class=\"elementor-element elementor-element-6f711fa3 e-con-full e-flex e-con e-child\" data-id=\"6f711fa3\" data-element_type=\"container\" data-settings=\"{&quot;jet_parallax_layout_list&quot;:[]}\">\n\t\t\t\t<div class=\"elementor-element elementor-element-7cb3dd0d elementor-widget elementor-widget-image\" data-id=\"7cb3dd0d\" data-element_type=\"widget\" data-widget_type=\"image.default\">\n\t\t\t\t<div class=\"elementor-widget-container\">\n\t\t\t\t\t\t\t\t\t\t\t\t\t\t\t<img decoding=\"async\" width=\"111\" height=\"127\" src=\"https:\/\/bio-vita.co.rs\/wp-content\/uploads\/2024\/12\/\u0431\u0430\u0433.svg\" class=\"attachment-large size-large wp-image-1498\" alt=\"\" \/>\t\t\t\t\t\t\t\t\t\t\t\t\t\t\t<\/div>\n\t\t\t\t<\/div>\n\t\t\t\t<div class=\"elementor-element elementor-element-43c4624 elementor-widget elementor-widget-jet-listing-dynamic-field\" data-id=\"43c4624\" data-element_type=\"widget\" data-widget_type=\"jet-listing-dynamic-field.default\">\n\t\t\t\t<div class=\"elementor-widget-container\">\n\t\t\t\t\t<div class=\"jet-listing jet-listing-dynamic-field display-inline\"><div class=\"jet-listing-dynamic-field__inline-wrap\"><div class=\"jet-listing-dynamic-field__content\">TP-16%<\/div><\/div><\/div>\t\t\t\t<\/div>\n\t\t\t\t<\/div>\n\t\t\t\t<\/div>\n\t\t\t\t<div class=\"elementor-element elementor-element-6402ba14 elementor-widget-divider--view-line elementor-widget elementor-widget-divider\" data-id=\"6402ba14\" data-element_type=\"widget\" data-widget_type=\"divider.default\">\n\t\t\t\t<div class=\"elementor-widget-container\">\n\t\t\t\t\t\t\t<div class=\"elementor-divider\">\n\t\t\t<span class=\"elementor-divider-separator\">\n\t\t\t\t\t\t<\/span>\n\t\t<\/div>\n\t\t\t\t\t\t<\/div>\n\t\t\t\t<\/div>\n\t\t<div class=\"elementor-element elementor-element-103cc3a1 e-con-full jedv-enabled--yes e-flex e-con e-child\" data-id=\"103cc3a1\" data-element_type=\"container\" data-settings=\"{&quot;jet_parallax_layout_list&quot;:[]}\">\n\t\t\t\t<div class=\"elementor-element elementor-element-1555107c elementor-widget elementor-widget-heading\" data-id=\"1555107c\" data-element_type=\"widget\" data-widget_type=\"heading.default\">\n\t\t\t\t<div class=\"elementor-widget-container\">\n\t\t\t\t\t<h2 class=\"elementor-heading-title elementor-size-default\">Formulacija:<\/h2>\t\t\t\t<\/div>\n\t\t\t\t<\/div>\n\t\t\t\t<div class=\"elementor-element elementor-element-97b430c elementor-widget elementor-widget-jet-listing-dynamic-field\" data-id=\"97b430c\" data-element_type=\"widget\" data-widget_type=\"jet-listing-dynamic-field.default\">\n\t\t\t\t<div class=\"elementor-widget-container\">\n\t\t\t\t\t<div class=\"jet-listing jet-listing-dynamic-field display-inline\"><div class=\"jet-listing-dynamic-field__inline-wrap\"><div class=\"jet-listing-dynamic-field__content\">Rasuto<\/div><\/div><\/div>\t\t\t\t<\/div>\n\t\t\t\t<\/div>\n\t\t\t\t<\/div>\n\t\t<div class=\"elementor-element elementor-element-5ba2748b e-con-full jedv-enabled--yes e-flex e-con e-child\" data-id=\"5ba2748b\" data-element_type=\"container\" data-settings=\"{&quot;jet_parallax_layout_list&quot;:[]}\">\n\t\t\t\t<div class=\"elementor-element elementor-element-47ac8e60 elementor-widget elementor-widget-heading\" data-id=\"47ac8e60\" data-element_type=\"widget\" data-widget_type=\"heading.default\">\n\t\t\t\t<div class=\"elementor-widget-container\">\n\t\t\t\t\t<h2 class=\"elementor-heading-title elementor-size-default\">Tip:<\/h2>\t\t\t\t<\/div>\n\t\t\t\t<\/div>\n\t\t\t\t<div class=\"elementor-element elementor-element-1640e5b elementor-widget elementor-widget-jet-listing-dynamic-field\" data-id=\"1640e5b\" data-element_type=\"widget\" data-widget_type=\"jet-listing-dynamic-field.default\">\n\t\t\t\t<div class=\"elementor-widget-container\">\n\t\t\t\t\t<div class=\"jet-listing jet-listing-dynamic-field display-inline\"><div class=\"jet-listing-dynamic-field__inline-wrap\"><div class=\"jet-listing-dynamic-field__content\">Potpuna sme\u0161a<\/div><\/div><\/div>\t\t\t\t<\/div>\n\t\t\t\t<\/div>\n\t\t\t\t<\/div>\n\t\t\t\t<div class=\"elementor-element elementor-element-3ec37d85 jedv-enabled--yes elementor-widget-divider--view-line elementor-widget elementor-widget-divider\" data-id=\"3ec37d85\" data-element_type=\"widget\" data-widget_type=\"divider.default\">\n\t\t\t\t<div class=\"elementor-widget-container\">\n\t\t\t\t\t\t\t<div class=\"elementor-divider\">\n\t\t\t<span class=\"elementor-divider-separator\">\n\t\t\t\t\t\t<\/span>\n\t\t<\/div>\n\t\t\t\t\t\t<\/div>\n\t\t\t\t<\/div>\n\t\t\t\t<div class=\"elementor-element elementor-element-a14566f elementor-widget elementor-widget-jet-listing-dynamic-field\" data-id=\"a14566f\" data-element_type=\"widget\" data-widget_type=\"jet-listing-dynamic-field.default\">\n\t\t\t\t<div class=\"elementor-widget-container\">\n\t\t\t\t\t<div class=\"jet-listing jet-listing-dynamic-field display-inline\"><div class=\"jet-listing-dynamic-field__inline-wrap\"><div class=\"jet-listing-dynamic-field__content\"><p>TP-16% pru\u017ea uravnote\u017eenu ishranu sa 16% sadr\u017eaja proteina, idealnu za odr\u017eavanje stabilnog i zdravog razvoja teladi.<\/p>\n<\/div><\/div><\/div>\t\t\t\t<\/div>\n\t\t\t\t<\/div>\n\t\t\t\t<\/div>\n\t\t\t\t<\/div>\n\t\t<a href=\"https:\/\/bio-vita.co.rs\/sr\/food\/tp-16\/\" class=\"jet-engine-listing-overlay-link\"><\/a><\/div><\/div><\/div><\/div>\t\t\t\t<\/div>\n\t\t\t\t<\/div>\n\t\t\t\t\t<\/div>\n\t\t\t\t<\/div>\n\t\t\t\t<\/div>","protected":false},"excerpt":{"rendered":"<p>Poultry Pigs Ruminants Sheep Goats Fish Ruminants Calves Bio-Vita offers a comprehensive range of products to meet the diverse nutritional needs of your livestock, whether you are feeding calves, yearlings, or mature cows. Each product is thoughtfully designed to deliver optimal nutrition, ensuring that every bag provides feed that is not only healthy but also [&hellip;]<\/p>","protected":false},"author":1,"featured_media":0,"parent":0,"menu_order":0,"comment_status":"closed","ping_status":"closed","template":"","meta":{"footnotes":""},"class_list":["post-1910","page","type-page","status-publish","hentry"],"_links":{"self":[{"href":"https:\/\/bio-vita.co.rs\/sr\/wp-json\/wp\/v2\/pages\/1910","targetHints":{"allow":["GET"]}}],"collection":[{"href":"https:\/\/bio-vita.co.rs\/sr\/wp-json\/wp\/v2\/pages"}],"about":[{"href":"https:\/\/bio-vita.co.rs\/sr\/wp-json\/wp\/v2\/types\/page"}],"author":[{"embeddable":true,"href":"https:\/\/bio-vita.co.rs\/sr\/wp-json\/wp\/v2\/users\/1"}],"replies":[{"embeddable":true,"href":"https:\/\/bio-vita.co.rs\/sr\/wp-json\/wp\/v2\/comments?post=1910"}],"version-history":[{"count":19,"href":"https:\/\/bio-vita.co.rs\/sr\/wp-json\/wp\/v2\/pages\/1910\/revisions"}],"predecessor-version":[{"id":3973,"href":"https:\/\/bio-vita.co.rs\/sr\/wp-json\/wp\/v2\/pages\/1910\/revisions\/3973"}],"wp:attachment":[{"href":"https:\/\/bio-vita.co.rs\/sr\/wp-json\/wp\/v2\/media?parent=1910"}],"curies":[{"name":"wp","href":"https:\/\/api.w.org\/{rel}","templated":true}]}}