{"id":1860,"date":"2024-12-09T19:06:15","date_gmt":"2024-12-09T19:06:15","guid":{"rendered":"https:\/\/bio-vita.co.rs\/?page_id=1860"},"modified":"2025-03-05T22:40:07","modified_gmt":"2025-03-05T22:40:07","slug":"sheep-products","status":"publish","type":"page","link":"https:\/\/bio-vita.co.rs\/sr\/sheep-products\/","title":{"rendered":"Ovce"},"content":{"rendered":"<div data-elementor-type=\"wp-page\" data-elementor-id=\"1860\" class=\"elementor elementor-1860\">\n\t\t\t\t<div class=\"elementor-element elementor-element-292d9c87 e-flex e-con-boxed e-con e-parent\" data-id=\"292d9c87\" data-element_type=\"container\" data-settings=\"{&quot;jet_parallax_layout_list&quot;:[]}\">\n\t\t\t\t\t<div class=\"e-con-inner\">\n\t\t\t\t<div class=\"elementor-element elementor-element-41253096 elementor-widget elementor-widget-html\" data-id=\"41253096\" data-element_type=\"widget\" data-widget_type=\"html.default\">\n\t\t\t\t<div class=\"elementor-widget-container\">\n\t\t\t\t\t<div class=\"scrollable-boxes\">\r\n    <a href=\"https:\/\/bio-vita.co.rs\/sr\/poultry\/\" class=\"box\">\r\n        <div class=\"icon\">\r\n            <img decoding=\"async\" src=\"https:\/\/bio-vita.co.rs\/wp-content\/uploads\/2024\/12\/Group-42.png\" alt=\"Icon 1\">\r\n        <\/div>\r\n        <h4 class=\"box-header\">\u017divina<\/h4>\r\n    <\/a>\r\n    <a href=\"https:\/\/bio-vita.co.rs\/sr\/pig\/\" class=\"box\">\r\n        <div class=\"icon\">\r\n            <img decoding=\"async\" src=\"https:\/\/bio-vita.co.rs\/wp-content\/uploads\/2024\/12\/Group-43.png\" alt=\"Icon 2\">\r\n        <\/div>\r\n        <h4 class=\"box-header\">Svinje<\/h4>\r\n    <\/a>\r\n    <a href=\"https:\/\/bio-vita.co.rs\/sr\/ruminants\/\" class=\"box\">\r\n        <div class=\"icon\">\r\n            <img decoding=\"async\" src=\"https:\/\/bio-vita.co.rs\/wp-content\/uploads\/2024\/12\/Group-44.png\" alt=\"Icon 3\">\r\n        <\/div>\r\n        <h4 class=\"box-header\">Pre\u017eivari<\/h4>\r\n    <\/a>\r\n    <a href=\"https:\/\/bio-vita.co.rs\/sr\/sheep\/\" class=\"box\">\r\n        <div class=\"icon\">\r\n            <img decoding=\"async\" src=\"https:\/\/bio-vita.co.rs\/wp-content\/uploads\/2024\/12\/Group-45.png\" alt=\"Icon 4\">\r\n        <\/div>\r\n        <h4 class=\"box-header\">Ovce<\/h4>\r\n    <\/a>\r\n    <a href=\"https:\/\/bio-vita.co.rs\/sr\/goat\/\" class=\"box\">\r\n        <div class=\"icon\">\r\n            <img decoding=\"async\" src=\"https:\/\/bio-vita.co.rs\/wp-content\/uploads\/2024\/12\/Group-46.png\" alt=\"Icon 5\">\r\n        <\/div>\r\n        <h4 class=\"box-header\">Koze<\/h4>\r\n    <\/a>\r\n    <a href=\"https:\/\/bio-vita.co.rs\/sr\/fish\/\" class=\"box\">\r\n        <div class=\"icon\">\r\n            <img decoding=\"async\" src=\"https:\/\/bio-vita.co.rs\/wp-content\/uploads\/2024\/12\/Group-47.png\" alt=\"Icon 6\">\r\n        <\/div>\r\n        <h4 class=\"box-header\">Ribe<\/h4>\r\n    <\/a>\r\n<\/div>\r\n\r\n\t\t\t\t<\/div>\n\t\t\t\t<\/div>\n\t\t\t\t\t<\/div>\n\t\t\t\t<\/div>\n\t\t<div class=\"elementor-element elementor-element-4080c803 e-flex e-con-boxed e-con e-parent\" data-id=\"4080c803\" data-element_type=\"container\" data-settings=\"{&quot;jet_parallax_layout_list&quot;:[]}\">\n\t\t\t\t\t<div class=\"e-con-inner\">\n\t\t<div class=\"elementor-element elementor-element-30d5a9e6 e-con-full e-flex e-con e-child\" data-id=\"30d5a9e6\" data-element_type=\"container\" data-settings=\"{&quot;jet_parallax_layout_list&quot;:[]}\">\n\t\t<div class=\"elementor-element elementor-element-7246e31b e-con-full elementor-hidden-mobile e-flex e-con e-child\" data-id=\"7246e31b\" data-element_type=\"container\" data-settings=\"{&quot;background_background&quot;:&quot;classic&quot;,&quot;jet_parallax_layout_list&quot;:[]}\">\n\t\t\t\t<div class=\"elementor-element elementor-element-5e977699 elementor-widget elementor-widget-html\" data-id=\"5e977699\" data-element_type=\"widget\" data-widget_type=\"html.default\">\n\t\t\t\t<div class=\"elementor-widget-container\">\n\t\t\t\t\t<a href=\"https:\/\/bio-vita.co.rs\/sr\/sheep\/\" class=\"category-button\">\n    <img decoding=\"async\" class=\"back-arrow\" src=\"https:\/\/bio-vita.co.rs\/wp-content\/uploads\/2024\/12\/arrow-left.svg\" alt=\"Arrow\" >\n   \n    Ovce\n<\/a>\n<style>\n    .category-button {\n        display: flex;\n        align-content: center;\n        flex-direction: row;\n        justify-content: center;\n    font-family: Outfit;\n    background-color: #E3FFC8; \n    color: #204F3D; \n    font-size: 14px; \n    padding: 4px 16px 4px 12px;\n    border-radius: 50px; \n    font-weight: 400; \n    text-align: center; \n   \n}\n    img.back-arrow {\n        width: 18px !important;\n        margin-right: 6px;\n    }\n\n<\/style>\t\t\t\t<\/div>\n\t\t\t\t<\/div>\n\t\t\t\t<\/div>\n\t\t<div class=\"elementor-element elementor-element-36bb2fb7 e-con-full e-flex e-con e-child\" data-id=\"36bb2fb7\" data-element_type=\"container\" data-settings=\"{&quot;jet_parallax_layout_list&quot;:[],&quot;background_background&quot;:&quot;classic&quot;}\">\n\t\t\t\t<div class=\"elementor-element elementor-element-78fb72f4 elementor-widget__width-initial elementor-widget elementor-widget-heading\" data-id=\"78fb72f4\" data-element_type=\"widget\" data-widget_type=\"heading.default\">\n\t\t\t\t<div class=\"elementor-widget-container\">\n\t\t\t\t\t<h2 class=\"elementor-heading-title elementor-size-default\">Ovce<\/h2>\t\t\t\t<\/div>\n\t\t\t\t<\/div>\n\t\t\t\t<div class=\"elementor-element elementor-element-62bcd699 elementor-widget__width-initial elementor-widget elementor-widget-text-editor\" data-id=\"62bcd699\" data-element_type=\"widget\" data-widget_type=\"text-editor.default\">\n\t\t\t\t<div class=\"elementor-widget-container\">\n\t\t\t\t\t\t\t\t\t<p><span style=\"font-weight: 400;\">Nudimo specijalizovana hraniva prilago\u0111ena nutritivnim potrebama priplodnih i laktiraju\u0107ih ovaca. Na\u0161e pa\u017eljivo formulisane sme\u0161e obezbe\u0111uju idealan balans energije, proteina i esencijalnih minerala, podr\u017eavaju\u0107i plodnost, laktaciju i op\u0161tu vitalnost u klju\u010dnim fazama \u017eivotnog ciklusa.<\/span><\/p><p><span style=\"font-weight: 400;\">Koriste\u0107i vrhunske sastojke i napredne proizvodne tehnologije, garantujemo dosledan kvalitet i optimalne rezultate. Na\u0161a hrana pobolj\u0161ava varenje, pove\u0107ava mle\u010dnost i ja\u010da otpornost ovaca, pru\u017eaju\u0107i im sveobuhvatnu podr\u0161ku tokom cele godine. Uz Bio-Vitu, va\u0161e stado ima pouzdanu ishranu koja mu omogu\u0107ava zdrav rast i razvoj.<\/span><\/p>\t\t\t\t\t\t\t\t<\/div>\n\t\t\t\t<\/div>\n\t\t\t\t<\/div>\n\t\t<div class=\"elementor-element elementor-element-3d026b0f e-con-full e-flex e-con e-child\" data-id=\"3d026b0f\" data-element_type=\"container\" data-settings=\"{&quot;background_background&quot;:&quot;classic&quot;,&quot;jet_parallax_layout_list&quot;:[]}\">\n\t\t\t\t<\/div>\n\t\t\t\t<\/div>\n\t\t<div class=\"elementor-element elementor-element-43614a65 e-con-full e-flex e-con e-child\" data-id=\"43614a65\" data-element_type=\"container\" data-settings=\"{&quot;jet_parallax_layout_list&quot;:[]}\">\n\t\t\t\t<div class=\"elementor-element elementor-element-740f60e elementor-widget__width-initial elementor-widget-divider--view-line elementor-widget elementor-widget-divider\" data-id=\"740f60e\" data-element_type=\"widget\" data-widget_type=\"divider.default\">\n\t\t\t\t<div class=\"elementor-widget-container\">\n\t\t\t\t\t\t\t<div class=\"elementor-divider\">\n\t\t\t<span class=\"elementor-divider-separator\">\n\t\t\t\t\t\t<\/span>\n\t\t<\/div>\n\t\t\t\t\t\t<\/div>\n\t\t\t\t<\/div>\n\t\t\t\t<div class=\"elementor-element elementor-element-6620d679 elementor-widget elementor-widget-heading\" data-id=\"6620d679\" data-element_type=\"widget\" data-widget_type=\"heading.default\">\n\t\t\t\t<div class=\"elementor-widget-container\">\n\t\t\t\t\t<h2 class=\"elementor-heading-title elementor-size-default\">Proizvodi<\/h2>\t\t\t\t<\/div>\n\t\t\t\t<\/div>\n\t\t\t\t<div class=\"elementor-element elementor-element-46cebd4f elementor-widget-divider--view-line elementor-widget elementor-widget-divider\" data-id=\"46cebd4f\" data-element_type=\"widget\" data-widget_type=\"divider.default\">\n\t\t\t\t<div class=\"elementor-widget-container\">\n\t\t\t\t\t\t\t<div class=\"elementor-divider\">\n\t\t\t<span class=\"elementor-divider-separator\">\n\t\t\t\t\t\t<\/span>\n\t\t<\/div>\n\t\t\t\t\t\t<\/div>\n\t\t\t\t<\/div>\n\t\t\t\t<\/div>\n\t\t\t\t\t<\/div>\n\t\t\t\t<\/div>\n\t\t<div class=\"elementor-element elementor-element-378bfaad e-flex e-con-boxed e-con e-parent\" data-id=\"378bfaad\" data-element_type=\"container\" data-settings=\"{&quot;jet_parallax_layout_list&quot;:[]}\">\n\t\t\t\t\t<div class=\"e-con-inner\">\n\t\t\t\t<div class=\"elementor-element elementor-element-1473eec3 elementor-widget elementor-widget-jet-listing-grid\" data-id=\"1473eec3\" data-element_type=\"widget\" data-settings=\"{&quot;columns&quot;:&quot;4&quot;,&quot;columns_laptop&quot;:&quot;3&quot;,&quot;columns_tablet&quot;:&quot;2&quot;,&quot;columns_mobile&quot;:&quot;1&quot;}\" data-widget_type=\"jet-listing-grid.default\">\n\t\t\t\t<div class=\"elementor-widget-container\">\n\t\t\t\t\t<div class=\"jet-listing-grid jet-listing\"><div class=\"jet-listing-grid__items grid-col-desk-4 grid-col-tablet-2 grid-col-mobile-1 jet-listing-grid--3942 jet-equal-columns__wrapper grid-collapse-gap\" data-queried-id=\"1860|WP_Post\" data-nav=\"{&quot;enabled&quot;:false,&quot;type&quot;:null,&quot;more_el&quot;:null,&quot;query&quot;:[],&quot;widget_settings&quot;:{&quot;lisitng_id&quot;:3942,&quot;posts_num&quot;:6,&quot;columns&quot;:4,&quot;columns_tablet&quot;:2,&quot;columns_mobile&quot;:1,&quot;is_archive_template&quot;:&quot;&quot;,&quot;post_status&quot;:[&quot;publish&quot;],&quot;use_random_posts_num&quot;:&quot;&quot;,&quot;max_posts_num&quot;:9,&quot;not_found_message&quot;:&quot;No data was found&quot;,&quot;is_masonry&quot;:false,&quot;equal_columns_height&quot;:&quot;yes&quot;,&quot;use_load_more&quot;:&quot;&quot;,&quot;load_more_id&quot;:&quot;&quot;,&quot;load_more_type&quot;:&quot;click&quot;,&quot;load_more_offset&quot;:{&quot;unit&quot;:&quot;px&quot;,&quot;size&quot;:0,&quot;sizes&quot;:[]},&quot;use_custom_post_types&quot;:&quot;&quot;,&quot;custom_post_types&quot;:[],&quot;hide_widget_if&quot;:&quot;&quot;,&quot;carousel_enabled&quot;:&quot;&quot;,&quot;slides_to_scroll&quot;:&quot;1&quot;,&quot;arrows&quot;:&quot;true&quot;,&quot;arrow_icon&quot;:&quot;fa fa-angle-left&quot;,&quot;dots&quot;:&quot;&quot;,&quot;autoplay&quot;:&quot;true&quot;,&quot;pause_on_hover&quot;:&quot;true&quot;,&quot;autoplay_speed&quot;:5000,&quot;infinite&quot;:&quot;true&quot;,&quot;center_mode&quot;:&quot;&quot;,&quot;effect&quot;:&quot;slide&quot;,&quot;speed&quot;:500,&quot;inject_alternative_items&quot;:&quot;&quot;,&quot;injection_items&quot;:[],&quot;scroll_slider_enabled&quot;:&quot;&quot;,&quot;scroll_slider_on&quot;:[&quot;desktop&quot;,&quot;tablet&quot;,&quot;mobile&quot;],&quot;custom_query&quot;:false,&quot;custom_query_id&quot;:&quot;&quot;,&quot;_element_id&quot;:&quot;&quot;}}\" data-page=\"1\" data-pages=\"1\" data-listing-source=\"posts\" data-listing-id=\"3942\" data-query-id=\"\"><div class=\"jet-listing-grid__item jet-listing-dynamic-post-3787 jet-equal-columns\" data-post-id=\"3787\" ><div class=\"jet-engine-listing-overlay-wrap\" data-url=\"https:\/\/bio-vita.co.rs\/sr\/food\/ol-16\/\">\t\t<div data-elementor-type=\"jet-listing-items\" data-elementor-id=\"3942\" class=\"elementor elementor-3942\">\n\t\t\t\t<div class=\"elementor-element elementor-element-75973b8c e-con-full e-flex e-con e-child\" data-id=\"75973b8c\" data-element_type=\"container\" data-settings=\"{&quot;background_background&quot;:&quot;classic&quot;,&quot;jet_parallax_layout_list&quot;:[]}\">\n\t\t<div class=\"elementor-element elementor-element-6f711fa3 e-con-full e-flex e-con e-child\" data-id=\"6f711fa3\" data-element_type=\"container\" data-settings=\"{&quot;jet_parallax_layout_list&quot;:[]}\">\n\t\t\t\t<div class=\"elementor-element elementor-element-7cb3dd0d elementor-widget elementor-widget-image\" data-id=\"7cb3dd0d\" data-element_type=\"widget\" data-widget_type=\"image.default\">\n\t\t\t\t<div class=\"elementor-widget-container\">\n\t\t\t\t\t\t\t\t\t\t\t\t\t\t\t<img decoding=\"async\" width=\"111\" height=\"127\" src=\"https:\/\/bio-vita.co.rs\/wp-content\/uploads\/2024\/12\/\u0431\u0430\u0433.svg\" class=\"attachment-large size-large wp-image-1498\" alt=\"\" \/>\t\t\t\t\t\t\t\t\t\t\t\t\t\t\t<\/div>\n\t\t\t\t<\/div>\n\t\t\t\t<div class=\"elementor-element elementor-element-43c4624 elementor-widget elementor-widget-jet-listing-dynamic-field\" data-id=\"43c4624\" data-element_type=\"widget\" data-widget_type=\"jet-listing-dynamic-field.default\">\n\t\t\t\t<div class=\"elementor-widget-container\">\n\t\t\t\t\t<div class=\"jet-listing jet-listing-dynamic-field display-inline\"><div class=\"jet-listing-dynamic-field__inline-wrap\"><div class=\"jet-listing-dynamic-field__content\">OL-16%<\/div><\/div><\/div>\t\t\t\t<\/div>\n\t\t\t\t<\/div>\n\t\t\t\t<\/div>\n\t\t\t\t<div class=\"elementor-element elementor-element-6402ba14 elementor-widget-divider--view-line elementor-widget elementor-widget-divider\" data-id=\"6402ba14\" data-element_type=\"widget\" data-widget_type=\"divider.default\">\n\t\t\t\t<div class=\"elementor-widget-container\">\n\t\t\t\t\t\t\t<div class=\"elementor-divider\">\n\t\t\t<span class=\"elementor-divider-separator\">\n\t\t\t\t\t\t<\/span>\n\t\t<\/div>\n\t\t\t\t\t\t<\/div>\n\t\t\t\t<\/div>\n\t\t<div class=\"elementor-element elementor-element-103cc3a1 e-con-full jedv-enabled--yes e-flex e-con e-child\" data-id=\"103cc3a1\" data-element_type=\"container\" data-settings=\"{&quot;jet_parallax_layout_list&quot;:[]}\">\n\t\t\t\t<div class=\"elementor-element elementor-element-1555107c elementor-widget elementor-widget-heading\" data-id=\"1555107c\" data-element_type=\"widget\" data-widget_type=\"heading.default\">\n\t\t\t\t<div class=\"elementor-widget-container\">\n\t\t\t\t\t<h2 class=\"elementor-heading-title elementor-size-default\">Formulacija:<\/h2>\t\t\t\t<\/div>\n\t\t\t\t<\/div>\n\t\t\t\t<div class=\"elementor-element elementor-element-97b430c elementor-widget elementor-widget-jet-listing-dynamic-field\" data-id=\"97b430c\" data-element_type=\"widget\" data-widget_type=\"jet-listing-dynamic-field.default\">\n\t\t\t\t<div class=\"elementor-widget-container\">\n\t\t\t\t\t<div class=\"jet-listing jet-listing-dynamic-field display-inline\"><div class=\"jet-listing-dynamic-field__inline-wrap\"><div class=\"jet-listing-dynamic-field__content\">Peletirano, Rasuto<\/div><\/div><\/div>\t\t\t\t<\/div>\n\t\t\t\t<\/div>\n\t\t\t\t<\/div>\n\t\t<div class=\"elementor-element elementor-element-5ba2748b e-con-full jedv-enabled--yes e-flex e-con e-child\" data-id=\"5ba2748b\" data-element_type=\"container\" data-settings=\"{&quot;jet_parallax_layout_list&quot;:[]}\">\n\t\t\t\t<div class=\"elementor-element elementor-element-47ac8e60 elementor-widget elementor-widget-heading\" data-id=\"47ac8e60\" data-element_type=\"widget\" data-widget_type=\"heading.default\">\n\t\t\t\t<div class=\"elementor-widget-container\">\n\t\t\t\t\t<h2 class=\"elementor-heading-title elementor-size-default\">Tip:<\/h2>\t\t\t\t<\/div>\n\t\t\t\t<\/div>\n\t\t\t\t<div class=\"elementor-element elementor-element-1640e5b elementor-widget elementor-widget-jet-listing-dynamic-field\" data-id=\"1640e5b\" data-element_type=\"widget\" data-widget_type=\"jet-listing-dynamic-field.default\">\n\t\t\t\t<div class=\"elementor-widget-container\">\n\t\t\t\t\t<div class=\"jet-listing jet-listing-dynamic-field display-inline\"><div class=\"jet-listing-dynamic-field__inline-wrap\"><div class=\"jet-listing-dynamic-field__content\">Potpuna sme\u0161a<\/div><\/div><\/div>\t\t\t\t<\/div>\n\t\t\t\t<\/div>\n\t\t\t\t<\/div>\n\t\t\t\t<div class=\"elementor-element elementor-element-3ec37d85 jedv-enabled--yes elementor-widget-divider--view-line elementor-widget elementor-widget-divider\" data-id=\"3ec37d85\" data-element_type=\"widget\" data-widget_type=\"divider.default\">\n\t\t\t\t<div class=\"elementor-widget-container\">\n\t\t\t\t\t\t\t<div class=\"elementor-divider\">\n\t\t\t<span class=\"elementor-divider-separator\">\n\t\t\t\t\t\t<\/span>\n\t\t<\/div>\n\t\t\t\t\t\t<\/div>\n\t\t\t\t<\/div>\n\t\t\t\t<div class=\"elementor-element elementor-element-a14566f elementor-widget elementor-widget-jet-listing-dynamic-field\" data-id=\"a14566f\" data-element_type=\"widget\" data-widget_type=\"jet-listing-dynamic-field.default\">\n\t\t\t\t<div class=\"elementor-widget-container\">\n\t\t\t\t\t<div class=\"jet-listing jet-listing-dynamic-field display-inline\"><div class=\"jet-listing-dynamic-field__inline-wrap\"><div class=\"jet-listing-dynamic-field__content\"><p><span style=\"font-weight: 400\">OL-16% je posebno formulisana hrana namenjena za priplodne i mle\u010dne ovce, obezbe\u0111uju\u0107i esencijalne hranljive materije tokom ovih klju\u010dnih perioda. Sa sadr\u017eajem proteina od 16%, ovaj proizvod osigurava uravnote\u017een unos energije, proteina i minerala, podr\u017eavaju\u0107i reproduktivno zdravlje, optimizuju\u0107i proizvodnju mleka i odr\u017eavaju\u0107i op\u0161tu dobrobit \u017eivotinja.<\/span><\/p>\n<\/div><\/div><\/div>\t\t\t\t<\/div>\n\t\t\t\t<\/div>\n\t\t\t\t<\/div>\n\t\t\t\t<\/div>\n\t\t<a href=\"https:\/\/bio-vita.co.rs\/sr\/food\/ol-16\/\" class=\"jet-engine-listing-overlay-link\"><\/a><\/div><\/div><\/div><\/div>\t\t\t\t<\/div>\n\t\t\t\t<\/div>\n\t\t\t\t\t<\/div>\n\t\t\t\t<\/div>\n\t\t\t\t<\/div>","protected":false},"excerpt":{"rendered":"<p>Poultry Pigs Ruminants Sheep Goats Fish Sheep Sheep Bio-Vita offers specialized feed solutions designed to meet the unique nutritional needs of breeding and lactating ewes. Our premium formulas provide a precise balance of energy, protein, and essential minerals to support reproductive health, milk production, and overall vitality during these critical stages. Crafted with top-quality ingredients [&hellip;]<\/p>","protected":false},"author":1,"featured_media":0,"parent":0,"menu_order":0,"comment_status":"closed","ping_status":"closed","template":"","meta":{"footnotes":""},"class_list":["post-1860","page","type-page","status-publish","hentry"],"_links":{"self":[{"href":"https:\/\/bio-vita.co.rs\/sr\/wp-json\/wp\/v2\/pages\/1860","targetHints":{"allow":["GET"]}}],"collection":[{"href":"https:\/\/bio-vita.co.rs\/sr\/wp-json\/wp\/v2\/pages"}],"about":[{"href":"https:\/\/bio-vita.co.rs\/sr\/wp-json\/wp\/v2\/types\/page"}],"author":[{"embeddable":true,"href":"https:\/\/bio-vita.co.rs\/sr\/wp-json\/wp\/v2\/users\/1"}],"replies":[{"embeddable":true,"href":"https:\/\/bio-vita.co.rs\/sr\/wp-json\/wp\/v2\/comments?post=1860"}],"version-history":[{"count":26,"href":"https:\/\/bio-vita.co.rs\/sr\/wp-json\/wp\/v2\/pages\/1860\/revisions"}],"predecessor-version":[{"id":4013,"href":"https:\/\/bio-vita.co.rs\/sr\/wp-json\/wp\/v2\/pages\/1860\/revisions\/4013"}],"wp:attachment":[{"href":"https:\/\/bio-vita.co.rs\/sr\/wp-json\/wp\/v2\/media?parent=1860"}],"curies":[{"name":"wp","href":"https:\/\/api.w.org\/{rel}","templated":true}]}}