{"id":1855,"date":"2024-12-09T19:01:17","date_gmt":"2024-12-09T19:01:17","guid":{"rendered":"https:\/\/bio-vita.co.rs\/?page_id=1855"},"modified":"2025-03-05T22:34:25","modified_gmt":"2025-03-05T22:34:25","slug":"lambs","status":"publish","type":"page","link":"https:\/\/bio-vita.co.rs\/sr\/lambs\/","title":{"rendered":"Jagnjad"},"content":{"rendered":"<div data-elementor-type=\"wp-page\" data-elementor-id=\"1855\" class=\"elementor elementor-1855\">\n\t\t\t\t<div class=\"elementor-element elementor-element-2cfb1557 e-flex e-con-boxed e-con e-parent\" data-id=\"2cfb1557\" data-element_type=\"container\" data-settings=\"{&quot;jet_parallax_layout_list&quot;:[]}\">\n\t\t\t\t\t<div class=\"e-con-inner\">\n\t\t\t\t<div class=\"elementor-element elementor-element-19ec476f elementor-widget elementor-widget-html\" data-id=\"19ec476f\" data-element_type=\"widget\" data-widget_type=\"html.default\">\n\t\t\t\t<div class=\"elementor-widget-container\">\n\t\t\t\t\t<div class=\"scrollable-boxes\">\r\n    <a href=\"https:\/\/bio-vita.co.rs\/sr\/poultry\/\" class=\"box\">\r\n        <div class=\"icon\">\r\n            <img decoding=\"async\" src=\"https:\/\/bio-vita.co.rs\/wp-content\/uploads\/2024\/12\/Group-42.png\" alt=\"Icon 1\">\r\n        <\/div>\r\n        <h4 class=\"box-header\">\u017divina<\/h4>\r\n    <\/a>\r\n    <a href=\"https:\/\/bio-vita.co.rs\/sr\/pig\/\" class=\"box\">\r\n        <div class=\"icon\">\r\n            <img decoding=\"async\" src=\"https:\/\/bio-vita.co.rs\/wp-content\/uploads\/2024\/12\/Group-43.png\" alt=\"Icon 2\">\r\n        <\/div>\r\n        <h4 class=\"box-header\">Svinje<\/h4>\r\n    <\/a>\r\n    <a href=\"https:\/\/bio-vita.co.rs\/sr\/ruminants\/\" class=\"box\">\r\n        <div class=\"icon\">\r\n            <img decoding=\"async\" src=\"https:\/\/bio-vita.co.rs\/wp-content\/uploads\/2024\/12\/Group-44.png\" alt=\"Icon 3\">\r\n        <\/div>\r\n        <h4 class=\"box-header\">Pre\u017eivari<\/h4>\r\n    <\/a>\r\n    <a href=\"https:\/\/bio-vita.co.rs\/sr\/sheep\/\" class=\"box\">\r\n        <div class=\"icon\">\r\n            <img decoding=\"async\" src=\"https:\/\/bio-vita.co.rs\/wp-content\/uploads\/2024\/12\/Group-45.png\" alt=\"Icon 4\">\r\n        <\/div>\r\n        <h4 class=\"box-header\">Ovce<\/h4>\r\n    <\/a>\r\n    <a href=\"https:\/\/bio-vita.co.rs\/sr\/goat\/\" class=\"box\">\r\n        <div class=\"icon\">\r\n            <img decoding=\"async\" src=\"https:\/\/bio-vita.co.rs\/wp-content\/uploads\/2024\/12\/Group-46.png\" alt=\"Icon 5\">\r\n        <\/div>\r\n        <h4 class=\"box-header\">Koze<\/h4>\r\n    <\/a>\r\n    <a href=\"https:\/\/bio-vita.co.rs\/sr\/fish\/\" class=\"box\">\r\n        <div class=\"icon\">\r\n            <img decoding=\"async\" src=\"https:\/\/bio-vita.co.rs\/wp-content\/uploads\/2024\/12\/Group-47.png\" alt=\"Icon 6\">\r\n        <\/div>\r\n        <h4 class=\"box-header\">Ribe<\/h4>\r\n    <\/a>\r\n<\/div>\r\n\r\n\t\t\t\t<\/div>\n\t\t\t\t<\/div>\n\t\t\t\t\t<\/div>\n\t\t\t\t<\/div>\n\t\t<div class=\"elementor-element elementor-element-593b1890 e-flex e-con-boxed e-con e-parent\" data-id=\"593b1890\" data-element_type=\"container\" data-settings=\"{&quot;jet_parallax_layout_list&quot;:[]}\">\n\t\t\t\t\t<div class=\"e-con-inner\">\n\t\t<div class=\"elementor-element elementor-element-1f543546 e-con-full e-flex e-con e-child\" data-id=\"1f543546\" data-element_type=\"container\" data-settings=\"{&quot;jet_parallax_layout_list&quot;:[]}\">\n\t\t<div class=\"elementor-element elementor-element-4fe986be e-con-full elementor-hidden-mobile e-flex e-con e-child\" data-id=\"4fe986be\" data-element_type=\"container\" data-settings=\"{&quot;background_background&quot;:&quot;classic&quot;,&quot;jet_parallax_layout_list&quot;:[]}\">\n\t\t\t\t<div class=\"elementor-element elementor-element-3744253 elementor-widget elementor-widget-html\" data-id=\"3744253\" data-element_type=\"widget\" data-widget_type=\"html.default\">\n\t\t\t\t<div class=\"elementor-widget-container\">\n\t\t\t\t\t<a href=\"https:\/\/bio-vita.co.rs\/sr\/sheep\/\" class=\"category-button\">\n    <img decoding=\"async\" class=\"back-arrow\" src=\"https:\/\/bio-vita.co.rs\/wp-content\/uploads\/2024\/12\/arrow-left.svg\" alt=\"Arrow\" >\n   \n    Ovce\n<\/a>\n<style>\n    .category-button {\n        display: flex;\n        align-content: center;\n        flex-direction: row;\n        justify-content: center;\n    font-family: Outfit;\n    background-color: #E3FFC8; \n    color: #204F3D; \n    font-size: 14px; \n    padding: 4px 16px 4px 12px;\n    border-radius: 50px; \n    font-weight: 400; \n    text-align: center; \n   \n}\n    img.back-arrow {\n        width: 18px !important;\n        margin-right: 6px;\n    }\n\n<\/style>\t\t\t\t<\/div>\n\t\t\t\t<\/div>\n\t\t\t\t<\/div>\n\t\t<div class=\"elementor-element elementor-element-2bc0983f e-con-full e-flex e-con e-child\" data-id=\"2bc0983f\" data-element_type=\"container\" data-settings=\"{&quot;jet_parallax_layout_list&quot;:[],&quot;background_background&quot;:&quot;classic&quot;}\">\n\t\t\t\t<div class=\"elementor-element elementor-element-2d8c9532 elementor-widget__width-initial elementor-widget elementor-widget-heading\" data-id=\"2d8c9532\" data-element_type=\"widget\" data-widget_type=\"heading.default\">\n\t\t\t\t<div class=\"elementor-widget-container\">\n\t\t\t\t\t<h2 class=\"elementor-heading-title elementor-size-default\">Jagnjad<\/h2>\t\t\t\t<\/div>\n\t\t\t\t<\/div>\n\t\t\t\t<div class=\"elementor-element elementor-element-498fa77a elementor-widget__width-initial elementor-widget elementor-widget-text-editor\" data-id=\"498fa77a\" data-element_type=\"widget\" data-widget_type=\"text-editor.default\">\n\t\t\t\t<div class=\"elementor-widget-container\">\n\t\t\t\t\t\t\t\t\t<p>Posve\u0107eni smo podr\u0161ci uzgajiva\u010dima kroz isporuku\nvrhunske hrane prilago\u0111ene potrebama jagnjadi. Na\u0161e pa\u017eljivo formulisane sme\u0161e\nzadovoljavaju specifi\u010dne nutritivne zahteve ovih \u017eivotinja, obezbe\u0111uju\u0107i im\nesencijalne nutrijente za optimalno zdravlje, rast i op\u0161tu dobrobit. Svaki proizvod je\nprecizno balansiran pravim odnosom energije i proteina kako bi podstakao sna\u017ean\nrazvoj i postizanje izuzetnih stopa rasta.\u00a0Otkrijte razliku uz na\u0161a stru\u010dno razvijena\nre\u0161enja.<\/p>\t\t\t\t\t\t\t\t<\/div>\n\t\t\t\t<\/div>\n\t\t\t\t<\/div>\n\t\t<div class=\"elementor-element elementor-element-65be5271 e-con-full e-flex e-con e-child\" data-id=\"65be5271\" data-element_type=\"container\" data-settings=\"{&quot;background_background&quot;:&quot;classic&quot;,&quot;jet_parallax_layout_list&quot;:[]}\">\n\t\t\t\t<\/div>\n\t\t\t\t<\/div>\n\t\t<div class=\"elementor-element elementor-element-68825742 e-con-full e-flex e-con e-child\" data-id=\"68825742\" data-element_type=\"container\" data-settings=\"{&quot;jet_parallax_layout_list&quot;:[]}\">\n\t\t\t\t<div class=\"elementor-element elementor-element-c365f1e elementor-widget__width-initial elementor-widget-divider--view-line elementor-widget elementor-widget-divider\" data-id=\"c365f1e\" data-element_type=\"widget\" data-widget_type=\"divider.default\">\n\t\t\t\t<div class=\"elementor-widget-container\">\n\t\t\t\t\t\t\t<div class=\"elementor-divider\">\n\t\t\t<span class=\"elementor-divider-separator\">\n\t\t\t\t\t\t<\/span>\n\t\t<\/div>\n\t\t\t\t\t\t<\/div>\n\t\t\t\t<\/div>\n\t\t\t\t<div class=\"elementor-element elementor-element-109ee6ba elementor-widget elementor-widget-heading\" data-id=\"109ee6ba\" data-element_type=\"widget\" data-widget_type=\"heading.default\">\n\t\t\t\t<div class=\"elementor-widget-container\">\n\t\t\t\t\t<h2 class=\"elementor-heading-title elementor-size-default\">Proizvodi<\/h2>\t\t\t\t<\/div>\n\t\t\t\t<\/div>\n\t\t\t\t<div class=\"elementor-element elementor-element-49b762d7 elementor-widget-divider--view-line elementor-widget elementor-widget-divider\" data-id=\"49b762d7\" data-element_type=\"widget\" data-widget_type=\"divider.default\">\n\t\t\t\t<div class=\"elementor-widget-container\">\n\t\t\t\t\t\t\t<div class=\"elementor-divider\">\n\t\t\t<span class=\"elementor-divider-separator\">\n\t\t\t\t\t\t<\/span>\n\t\t<\/div>\n\t\t\t\t\t\t<\/div>\n\t\t\t\t<\/div>\n\t\t\t\t<\/div>\n\t\t\t\t\t<\/div>\n\t\t\t\t<\/div>\n\t\t<div class=\"elementor-element elementor-element-4cb3309 e-flex e-con-boxed e-con e-parent\" data-id=\"4cb3309\" data-element_type=\"container\" data-settings=\"{&quot;jet_parallax_layout_list&quot;:[]}\">\n\t\t\t\t\t<div class=\"e-con-inner\">\n\t\t\t\t<div class=\"elementor-element elementor-element-2937ff0d elementor-widget elementor-widget-jet-listing-grid\" data-id=\"2937ff0d\" data-element_type=\"widget\" data-settings=\"{&quot;columns&quot;:&quot;4&quot;,&quot;columns_laptop&quot;:&quot;3&quot;,&quot;columns_tablet&quot;:&quot;2&quot;,&quot;columns_mobile&quot;:&quot;1&quot;}\" data-widget_type=\"jet-listing-grid.default\">\n\t\t\t\t<div class=\"elementor-widget-container\">\n\t\t\t\t\t<div class=\"jet-listing-grid jet-listing\"><div class=\"jet-listing-grid__items grid-col-desk-4 grid-col-tablet-2 grid-col-mobile-1 jet-listing-grid--3942 jet-equal-columns__wrapper grid-collapse-gap\" data-queried-id=\"1855|WP_Post\" data-nav=\"{&quot;enabled&quot;:false,&quot;type&quot;:null,&quot;more_el&quot;:null,&quot;query&quot;:[],&quot;widget_settings&quot;:{&quot;lisitng_id&quot;:3942,&quot;posts_num&quot;:6,&quot;columns&quot;:4,&quot;columns_tablet&quot;:2,&quot;columns_mobile&quot;:1,&quot;is_archive_template&quot;:&quot;&quot;,&quot;post_status&quot;:[&quot;publish&quot;],&quot;use_random_posts_num&quot;:&quot;&quot;,&quot;max_posts_num&quot;:9,&quot;not_found_message&quot;:&quot;No data was found&quot;,&quot;is_masonry&quot;:false,&quot;equal_columns_height&quot;:&quot;yes&quot;,&quot;use_load_more&quot;:&quot;&quot;,&quot;load_more_id&quot;:&quot;&quot;,&quot;load_more_type&quot;:&quot;click&quot;,&quot;load_more_offset&quot;:{&quot;unit&quot;:&quot;px&quot;,&quot;size&quot;:0,&quot;sizes&quot;:[]},&quot;use_custom_post_types&quot;:&quot;&quot;,&quot;custom_post_types&quot;:[],&quot;hide_widget_if&quot;:&quot;&quot;,&quot;carousel_enabled&quot;:&quot;&quot;,&quot;slides_to_scroll&quot;:&quot;1&quot;,&quot;arrows&quot;:&quot;true&quot;,&quot;arrow_icon&quot;:&quot;fa fa-angle-left&quot;,&quot;dots&quot;:&quot;&quot;,&quot;autoplay&quot;:&quot;true&quot;,&quot;pause_on_hover&quot;:&quot;true&quot;,&quot;autoplay_speed&quot;:5000,&quot;infinite&quot;:&quot;true&quot;,&quot;center_mode&quot;:&quot;&quot;,&quot;effect&quot;:&quot;slide&quot;,&quot;speed&quot;:500,&quot;inject_alternative_items&quot;:&quot;&quot;,&quot;injection_items&quot;:[],&quot;scroll_slider_enabled&quot;:&quot;&quot;,&quot;scroll_slider_on&quot;:[&quot;desktop&quot;,&quot;tablet&quot;,&quot;mobile&quot;],&quot;custom_query&quot;:false,&quot;custom_query_id&quot;:&quot;&quot;,&quot;_element_id&quot;:&quot;&quot;}}\" data-page=\"1\" data-pages=\"1\" data-listing-source=\"posts\" data-listing-id=\"3942\" data-query-id=\"\"><div class=\"jet-listing-grid__item jet-listing-dynamic-post-3779 jet-equal-columns\" data-post-id=\"3779\" ><div class=\"jet-engine-listing-overlay-wrap\" data-url=\"https:\/\/bio-vita.co.rs\/sr\/food\/jg-1\/\">\t\t<div data-elementor-type=\"jet-listing-items\" data-elementor-id=\"3942\" class=\"elementor elementor-3942\">\n\t\t\t\t<div class=\"elementor-element elementor-element-75973b8c e-con-full e-flex e-con e-child\" data-id=\"75973b8c\" data-element_type=\"container\" data-settings=\"{&quot;background_background&quot;:&quot;classic&quot;,&quot;jet_parallax_layout_list&quot;:[]}\">\n\t\t<div class=\"elementor-element elementor-element-6f711fa3 e-con-full e-flex e-con e-child\" data-id=\"6f711fa3\" data-element_type=\"container\" data-settings=\"{&quot;jet_parallax_layout_list&quot;:[]}\">\n\t\t\t\t<div class=\"elementor-element elementor-element-7cb3dd0d elementor-widget elementor-widget-image\" data-id=\"7cb3dd0d\" data-element_type=\"widget\" data-widget_type=\"image.default\">\n\t\t\t\t<div class=\"elementor-widget-container\">\n\t\t\t\t\t\t\t\t\t\t\t\t\t\t\t<img decoding=\"async\" width=\"111\" height=\"127\" src=\"https:\/\/bio-vita.co.rs\/wp-content\/uploads\/2024\/12\/\u0431\u0430\u0433.svg\" class=\"attachment-large size-large wp-image-1498\" alt=\"\" \/>\t\t\t\t\t\t\t\t\t\t\t\t\t\t\t<\/div>\n\t\t\t\t<\/div>\n\t\t\t\t<div class=\"elementor-element elementor-element-43c4624 elementor-widget elementor-widget-jet-listing-dynamic-field\" data-id=\"43c4624\" data-element_type=\"widget\" data-widget_type=\"jet-listing-dynamic-field.default\">\n\t\t\t\t<div class=\"elementor-widget-container\">\n\t\t\t\t\t<div class=\"jet-listing jet-listing-dynamic-field display-inline\"><div class=\"jet-listing-dynamic-field__inline-wrap\"><div class=\"jet-listing-dynamic-field__content\">JG-1<\/div><\/div><\/div>\t\t\t\t<\/div>\n\t\t\t\t<\/div>\n\t\t\t\t<\/div>\n\t\t\t\t<div class=\"elementor-element elementor-element-6402ba14 elementor-widget-divider--view-line elementor-widget elementor-widget-divider\" data-id=\"6402ba14\" data-element_type=\"widget\" data-widget_type=\"divider.default\">\n\t\t\t\t<div class=\"elementor-widget-container\">\n\t\t\t\t\t\t\t<div class=\"elementor-divider\">\n\t\t\t<span class=\"elementor-divider-separator\">\n\t\t\t\t\t\t<\/span>\n\t\t<\/div>\n\t\t\t\t\t\t<\/div>\n\t\t\t\t<\/div>\n\t\t<div class=\"elementor-element elementor-element-103cc3a1 e-con-full jedv-enabled--yes e-flex e-con e-child\" data-id=\"103cc3a1\" data-element_type=\"container\" data-settings=\"{&quot;jet_parallax_layout_list&quot;:[]}\">\n\t\t\t\t<div class=\"elementor-element elementor-element-1555107c elementor-widget elementor-widget-heading\" data-id=\"1555107c\" data-element_type=\"widget\" data-widget_type=\"heading.default\">\n\t\t\t\t<div class=\"elementor-widget-container\">\n\t\t\t\t\t<h2 class=\"elementor-heading-title elementor-size-default\">Formulacija:<\/h2>\t\t\t\t<\/div>\n\t\t\t\t<\/div>\n\t\t\t\t<div class=\"elementor-element elementor-element-97b430c elementor-widget elementor-widget-jet-listing-dynamic-field\" data-id=\"97b430c\" data-element_type=\"widget\" data-widget_type=\"jet-listing-dynamic-field.default\">\n\t\t\t\t<div class=\"elementor-widget-container\">\n\t\t\t\t\t<div class=\"jet-listing jet-listing-dynamic-field display-inline\"><div class=\"jet-listing-dynamic-field__inline-wrap\"><div class=\"jet-listing-dynamic-field__content\">Peletirano, Rasuto<\/div><\/div><\/div>\t\t\t\t<\/div>\n\t\t\t\t<\/div>\n\t\t\t\t<\/div>\n\t\t<div class=\"elementor-element elementor-element-5ba2748b e-con-full jedv-enabled--yes e-flex e-con e-child\" data-id=\"5ba2748b\" data-element_type=\"container\" data-settings=\"{&quot;jet_parallax_layout_list&quot;:[]}\">\n\t\t\t\t<div class=\"elementor-element elementor-element-47ac8e60 elementor-widget elementor-widget-heading\" data-id=\"47ac8e60\" data-element_type=\"widget\" data-widget_type=\"heading.default\">\n\t\t\t\t<div class=\"elementor-widget-container\">\n\t\t\t\t\t<h2 class=\"elementor-heading-title elementor-size-default\">Tip:<\/h2>\t\t\t\t<\/div>\n\t\t\t\t<\/div>\n\t\t\t\t<div class=\"elementor-element elementor-element-1640e5b elementor-widget elementor-widget-jet-listing-dynamic-field\" data-id=\"1640e5b\" data-element_type=\"widget\" data-widget_type=\"jet-listing-dynamic-field.default\">\n\t\t\t\t<div class=\"elementor-widget-container\">\n\t\t\t\t\t<div class=\"jet-listing jet-listing-dynamic-field display-inline\"><div class=\"jet-listing-dynamic-field__inline-wrap\"><div class=\"jet-listing-dynamic-field__content\">Potpuna sme\u0161a<\/div><\/div><\/div>\t\t\t\t<\/div>\n\t\t\t\t<\/div>\n\t\t\t\t<\/div>\n\t\t\t\t<div class=\"elementor-element elementor-element-3ec37d85 jedv-enabled--yes elementor-widget-divider--view-line elementor-widget elementor-widget-divider\" data-id=\"3ec37d85\" data-element_type=\"widget\" data-widget_type=\"divider.default\">\n\t\t\t\t<div class=\"elementor-widget-container\">\n\t\t\t\t\t\t\t<div class=\"elementor-divider\">\n\t\t\t<span class=\"elementor-divider-separator\">\n\t\t\t\t\t\t<\/span>\n\t\t<\/div>\n\t\t\t\t\t\t<\/div>\n\t\t\t\t<\/div>\n\t\t\t\t<div class=\"elementor-element elementor-element-a14566f elementor-widget elementor-widget-jet-listing-dynamic-field\" data-id=\"a14566f\" data-element_type=\"widget\" data-widget_type=\"jet-listing-dynamic-field.default\">\n\t\t\t\t<div class=\"elementor-widget-container\">\n\t\t\t\t\t<div class=\"jet-listing jet-listing-dynamic-field display-inline\"><div class=\"jet-listing-dynamic-field__inline-wrap\"><div class=\"jet-listing-dynamic-field__content\"><p><span style=\"font-weight: 400\">JG-1 je posebno formulisana za jagnjad u ranoj fazi rasta, obezbe\u0111uju\u0107i esencijalne nutrijente za brz razvoj i sna\u017eno zdravlje.<\/span><\/p>\n<\/div><\/div><\/div>\t\t\t\t<\/div>\n\t\t\t\t<\/div>\n\t\t\t\t<\/div>\n\t\t\t\t<\/div>\n\t\t<a href=\"https:\/\/bio-vita.co.rs\/sr\/food\/jg-1\/\" class=\"jet-engine-listing-overlay-link\"><\/a><\/div><\/div><div class=\"jet-listing-grid__item jet-listing-dynamic-post-3783 jet-equal-columns\" data-post-id=\"3783\" ><div class=\"jet-engine-listing-overlay-wrap\" data-url=\"https:\/\/bio-vita.co.rs\/sr\/food\/jg-2\/\">\t\t<div data-elementor-type=\"jet-listing-items\" data-elementor-id=\"3942\" class=\"elementor elementor-3942\">\n\t\t\t\t<div class=\"elementor-element elementor-element-75973b8c e-con-full e-flex e-con e-child\" data-id=\"75973b8c\" data-element_type=\"container\" data-settings=\"{&quot;background_background&quot;:&quot;classic&quot;,&quot;jet_parallax_layout_list&quot;:[]}\">\n\t\t<div class=\"elementor-element elementor-element-6f711fa3 e-con-full e-flex e-con e-child\" data-id=\"6f711fa3\" data-element_type=\"container\" data-settings=\"{&quot;jet_parallax_layout_list&quot;:[]}\">\n\t\t\t\t<div class=\"elementor-element elementor-element-7cb3dd0d elementor-widget elementor-widget-image\" data-id=\"7cb3dd0d\" data-element_type=\"widget\" data-widget_type=\"image.default\">\n\t\t\t\t<div class=\"elementor-widget-container\">\n\t\t\t\t\t\t\t\t\t\t\t\t\t\t\t<img decoding=\"async\" width=\"111\" height=\"127\" src=\"https:\/\/bio-vita.co.rs\/wp-content\/uploads\/2024\/12\/\u0431\u0430\u0433.svg\" class=\"attachment-large size-large wp-image-1498\" alt=\"\" \/>\t\t\t\t\t\t\t\t\t\t\t\t\t\t\t<\/div>\n\t\t\t\t<\/div>\n\t\t\t\t<div class=\"elementor-element elementor-element-43c4624 elementor-widget elementor-widget-jet-listing-dynamic-field\" data-id=\"43c4624\" data-element_type=\"widget\" data-widget_type=\"jet-listing-dynamic-field.default\">\n\t\t\t\t<div class=\"elementor-widget-container\">\n\t\t\t\t\t<div class=\"jet-listing jet-listing-dynamic-field display-inline\"><div class=\"jet-listing-dynamic-field__inline-wrap\"><div class=\"jet-listing-dynamic-field__content\">JG-2<\/div><\/div><\/div>\t\t\t\t<\/div>\n\t\t\t\t<\/div>\n\t\t\t\t<\/div>\n\t\t\t\t<div class=\"elementor-element elementor-element-6402ba14 elementor-widget-divider--view-line elementor-widget elementor-widget-divider\" data-id=\"6402ba14\" data-element_type=\"widget\" data-widget_type=\"divider.default\">\n\t\t\t\t<div class=\"elementor-widget-container\">\n\t\t\t\t\t\t\t<div class=\"elementor-divider\">\n\t\t\t<span class=\"elementor-divider-separator\">\n\t\t\t\t\t\t<\/span>\n\t\t<\/div>\n\t\t\t\t\t\t<\/div>\n\t\t\t\t<\/div>\n\t\t<div class=\"elementor-element elementor-element-103cc3a1 e-con-full jedv-enabled--yes e-flex e-con e-child\" data-id=\"103cc3a1\" data-element_type=\"container\" data-settings=\"{&quot;jet_parallax_layout_list&quot;:[]}\">\n\t\t\t\t<div class=\"elementor-element elementor-element-1555107c elementor-widget elementor-widget-heading\" data-id=\"1555107c\" data-element_type=\"widget\" data-widget_type=\"heading.default\">\n\t\t\t\t<div class=\"elementor-widget-container\">\n\t\t\t\t\t<h2 class=\"elementor-heading-title elementor-size-default\">Formulacija:<\/h2>\t\t\t\t<\/div>\n\t\t\t\t<\/div>\n\t\t\t\t<div class=\"elementor-element elementor-element-97b430c elementor-widget elementor-widget-jet-listing-dynamic-field\" data-id=\"97b430c\" data-element_type=\"widget\" data-widget_type=\"jet-listing-dynamic-field.default\">\n\t\t\t\t<div class=\"elementor-widget-container\">\n\t\t\t\t\t<div class=\"jet-listing jet-listing-dynamic-field display-inline\"><div class=\"jet-listing-dynamic-field__inline-wrap\"><div class=\"jet-listing-dynamic-field__content\">Peletirano, Rasuto<\/div><\/div><\/div>\t\t\t\t<\/div>\n\t\t\t\t<\/div>\n\t\t\t\t<\/div>\n\t\t<div class=\"elementor-element elementor-element-5ba2748b e-con-full jedv-enabled--yes e-flex e-con e-child\" data-id=\"5ba2748b\" data-element_type=\"container\" data-settings=\"{&quot;jet_parallax_layout_list&quot;:[]}\">\n\t\t\t\t<div class=\"elementor-element elementor-element-47ac8e60 elementor-widget elementor-widget-heading\" data-id=\"47ac8e60\" data-element_type=\"widget\" data-widget_type=\"heading.default\">\n\t\t\t\t<div class=\"elementor-widget-container\">\n\t\t\t\t\t<h2 class=\"elementor-heading-title elementor-size-default\">Tip:<\/h2>\t\t\t\t<\/div>\n\t\t\t\t<\/div>\n\t\t\t\t<div class=\"elementor-element elementor-element-1640e5b elementor-widget elementor-widget-jet-listing-dynamic-field\" data-id=\"1640e5b\" data-element_type=\"widget\" data-widget_type=\"jet-listing-dynamic-field.default\">\n\t\t\t\t<div class=\"elementor-widget-container\">\n\t\t\t\t\t<div class=\"jet-listing jet-listing-dynamic-field display-inline\"><div class=\"jet-listing-dynamic-field__inline-wrap\"><div class=\"jet-listing-dynamic-field__content\">Potpuna sme\u0161a<\/div><\/div><\/div>\t\t\t\t<\/div>\n\t\t\t\t<\/div>\n\t\t\t\t<\/div>\n\t\t\t\t<div class=\"elementor-element elementor-element-3ec37d85 jedv-enabled--yes elementor-widget-divider--view-line elementor-widget elementor-widget-divider\" data-id=\"3ec37d85\" data-element_type=\"widget\" data-widget_type=\"divider.default\">\n\t\t\t\t<div class=\"elementor-widget-container\">\n\t\t\t\t\t\t\t<div class=\"elementor-divider\">\n\t\t\t<span class=\"elementor-divider-separator\">\n\t\t\t\t\t\t<\/span>\n\t\t<\/div>\n\t\t\t\t\t\t<\/div>\n\t\t\t\t<\/div>\n\t\t\t\t<div class=\"elementor-element elementor-element-a14566f elementor-widget elementor-widget-jet-listing-dynamic-field\" data-id=\"a14566f\" data-element_type=\"widget\" data-widget_type=\"jet-listing-dynamic-field.default\">\n\t\t\t\t<div class=\"elementor-widget-container\">\n\t\t\t\t\t<div class=\"jet-listing jet-listing-dynamic-field display-inline\"><div class=\"jet-listing-dynamic-field__inline-wrap\"><div class=\"jet-listing-dynamic-field__content\"><p><span style=\"font-weight: 400\">JG-2 je posebno formulisana za jagad te\u017eine od 15 do 25 kg, pru\u017eaju\u0107i optimalnu podr\u0161ku za njihov rast i vitalnost. <\/span><\/p>\n<\/div><\/div><\/div>\t\t\t\t<\/div>\n\t\t\t\t<\/div>\n\t\t\t\t<\/div>\n\t\t\t\t<\/div>\n\t\t<a href=\"https:\/\/bio-vita.co.rs\/sr\/food\/jg-2\/\" class=\"jet-engine-listing-overlay-link\"><\/a><\/div><\/div><\/div><\/div>\t\t\t\t<\/div>\n\t\t\t\t<\/div>\n\t\t\t\t\t<\/div>\n\t\t\t\t<\/div>\n\t\t\t\t<\/div>","protected":false},"excerpt":{"rendered":"<p>Poultry Pigs Ruminants Sheep Goats Fish Sheep Lambs At Bio-Vita, we are committed to supporting animal owners by delivering premium-quality feed tailored for sheep and lambs. Our carefully crafted formulas are designed to meet the specific nutritional needs of these animals, ensuring they receive the essential nutrients required for optimal health, growth, and overall well-being. [&hellip;]<\/p>","protected":false},"author":1,"featured_media":0,"parent":0,"menu_order":0,"comment_status":"closed","ping_status":"closed","template":"","meta":{"footnotes":""},"class_list":["post-1855","page","type-page","status-publish","hentry"],"_links":{"self":[{"href":"https:\/\/bio-vita.co.rs\/sr\/wp-json\/wp\/v2\/pages\/1855","targetHints":{"allow":["GET"]}}],"collection":[{"href":"https:\/\/bio-vita.co.rs\/sr\/wp-json\/wp\/v2\/pages"}],"about":[{"href":"https:\/\/bio-vita.co.rs\/sr\/wp-json\/wp\/v2\/types\/page"}],"author":[{"embeddable":true,"href":"https:\/\/bio-vita.co.rs\/sr\/wp-json\/wp\/v2\/users\/1"}],"replies":[{"embeddable":true,"href":"https:\/\/bio-vita.co.rs\/sr\/wp-json\/wp\/v2\/comments?post=1855"}],"version-history":[{"count":19,"href":"https:\/\/bio-vita.co.rs\/sr\/wp-json\/wp\/v2\/pages\/1855\/revisions"}],"predecessor-version":[{"id":4000,"href":"https:\/\/bio-vita.co.rs\/sr\/wp-json\/wp\/v2\/pages\/1855\/revisions\/4000"}],"wp:attachment":[{"href":"https:\/\/bio-vita.co.rs\/sr\/wp-json\/wp\/v2\/media?parent=1855"}],"curies":[{"name":"wp","href":"https:\/\/api.w.org\/{rel}","templated":true}]}}