{"id":1828,"date":"2024-12-09T14:27:40","date_gmt":"2024-12-09T14:27:40","guid":{"rendered":"https:\/\/bio-vita.co.rs\/?page_id=1828"},"modified":"2025-03-12T06:30:08","modified_gmt":"2025-03-12T06:30:08","slug":"mercantile-products","status":"publish","type":"page","link":"https:\/\/bio-vita.co.rs\/sr\/mercantile-products\/","title":{"rendered":"Merkantilni prizvodi"},"content":{"rendered":"<div data-elementor-type=\"wp-page\" data-elementor-id=\"1828\" class=\"elementor elementor-1828\">\n\t\t\t\t<div class=\"elementor-element elementor-element-79088f9 e-flex e-con-boxed e-con e-parent\" data-id=\"79088f9\" data-element_type=\"container\" data-settings=\"{&quot;jet_parallax_layout_list&quot;:[]}\">\n\t\t\t\t\t<div class=\"e-con-inner\">\n\t\t\t\t<div class=\"elementor-element elementor-element-595b15bd elementor-widget elementor-widget-image\" data-id=\"595b15bd\" data-element_type=\"widget\" data-widget_type=\"image.default\">\n\t\t\t\t<div class=\"elementor-widget-container\">\n\t\t\t\t\t\t\t\t\t\t\t\t\t\t\t<img decoding=\"async\" width=\"169\" height=\"244\" src=\"https:\/\/bio-vita.co.rs\/wp-content\/uploads\/2024\/12\/icon-menu-7h.svg\" class=\"attachment-full size-full wp-image-1830\" alt=\"\" \/>\t\t\t\t\t\t\t\t\t\t\t\t\t\t\t<\/div>\n\t\t\t\t<\/div>\n\t\t\t\t<div class=\"elementor-element elementor-element-78fea0ea elementor-widget__width-initial elementor-widget-mobile__width-inherit elementor-widget elementor-widget-heading\" data-id=\"78fea0ea\" data-element_type=\"widget\" data-widget_type=\"heading.default\">\n\t\t\t\t<div class=\"elementor-widget-container\">\n\t\t\t\t\t<h2 class=\"elementor-heading-title elementor-size-default\">\u017ditarice i uljarice<\/h2>\t\t\t\t<\/div>\n\t\t\t\t<\/div>\n\t\t\t\t<div class=\"elementor-element elementor-element-5729e2b2 elementor-widget__width-initial elementor-widget-mobile__width-inherit text-onload elementor-widget elementor-widget-text-editor\" data-id=\"5729e2b2\" data-element_type=\"widget\" id=\"text-onload\" data-widget_type=\"text-editor.default\">\n\t\t\t\t<div class=\"elementor-widget-container\">\n\t\t\t\t\t\t\t\t\t<p>Tokom cele godine, Bio-Vita obezbe\u0111uje vrhunsku merkantilnu p\u0161enicu, soju i kukuruz. Kori\u0161\u0107enjem naprednih tehnologija za pre\u010di\u0161\u0107avanje, skladi\u0161tenje i transport, osiguravamo da na\u0161i sirovinski proizvodi ispunjavaju najvi\u0161e standarde, sa minimalnim ne\u010disto\u0107ama i bezbednim sastavom. Na\u0161 tim iskusnih profesionalaca posve\u0107en je efikasnoj i pouzdanoj usluzi, pru\u017eaju\u0107i vam sigurnost uz otvorenu i transparentnu komunikaciju na svakom koraku.<\/p>\t\t\t\t\t\t\t\t<\/div>\n\t\t\t\t<\/div>\n\t\t<div class=\"elementor-element elementor-element-68fda7d1 e-con-full e-flex e-con e-child\" data-id=\"68fda7d1\" data-element_type=\"container\" data-settings=\"{&quot;jet_parallax_layout_list&quot;:[]}\">\n\t\t<div class=\"elementor-element elementor-element-37d80d13 e-con-full bw-hover e-flex e-con e-child\" data-id=\"37d80d13\" data-element_type=\"container\" id=\"bw-hover\" data-settings=\"{&quot;background_background&quot;:&quot;classic&quot;,&quot;jet_parallax_layout_list&quot;:[]}\">\n\t\t\t\t<div class=\"elementor-element elementor-element-4c763b13 elementor-widget elementor-widget-html\" data-id=\"4c763b13\" data-element_type=\"widget\" data-widget_type=\"html.default\">\n\t\t\t\t<div class=\"elementor-widget-container\">\n\t\t\t\t\t<a href=\"https:\/\/bio-vita.co.rs\/sr\/corn\/\">\n    \n<button class=\"slider-button-animal\">\n    <span class=\"slider-icon-animal\">\n        Kukuruz\n    <img decoding=\"async\" src=\"https:\/\/bio-vita.co.rs\/wp-content\/uploads\/2024\/10\/icon-click.svg\" alt=\"Icon 2\">\n    <\/span>\n<\/button>\n\n<\/a>\n\n<style>\n    .slider-button-animal {\n    font-family: Outfit;\n    position: relative;\n    font-weight: 500;\n    background-color: white;\n    border: none;\n    border-radius: 30px;\n    padding-top: 4px;\n    padding-bottom: 4px;\n    padding-right: 4px;\n    padding-left: 12px;\n    display: flex;\n    align-items: center;\n    font-size: 14px;\n    color: #204F3D;\n    transition: background-color 0.3s ease-in-out;\n}\n.slider-button-animal:hover {\n     background-color: #8FD34B;\n     color: #204F3D;\n}\n\n.slider-icon-animal {\n    display: flex;\n    align-items: center;\n}\n\n.slider-icon-animal img {\n    width: 20px;\n    height: 20px;\n    margin-left: 8px;\n}\n\n<\/style>\t\t\t\t<\/div>\n\t\t\t\t<\/div>\n\t\t\t\t<\/div>\n\t\t<div class=\"elementor-element elementor-element-3dc31524 e-con-full bw-hover e-flex e-con e-child\" data-id=\"3dc31524\" data-element_type=\"container\" id=\"bw-hover\" data-settings=\"{&quot;background_background&quot;:&quot;classic&quot;,&quot;jet_parallax_layout_list&quot;:[]}\">\n\t\t\t\t<div class=\"elementor-element elementor-element-3b2a18c1 elementor-widget elementor-widget-html\" data-id=\"3b2a18c1\" data-element_type=\"widget\" data-widget_type=\"html.default\">\n\t\t\t\t<div class=\"elementor-widget-container\">\n\t\t\t\t\t<a href=\"https:\/\/bio-vita.co.rs\/sr\/wheat\/\">\n    \n<button class=\"slider-button-animal\">\n    <span class=\"slider-icon-animal\">\n        P\u0161enica\n    <img decoding=\"async\" src=\"https:\/\/bio-vita.co.rs\/wp-content\/uploads\/2024\/10\/icon-click.svg\" alt=\"Icon 2\">\n    <\/span>\n<\/button>\n\n<\/a>\n\n<style>\n    .slider-button-animal {\n    font-family: Outfit;\n    position: relative;\n    font-weight: 500;\n    background-color: white;\n    border: none;\n    border-radius: 30px;\n    padding-top: 4px;\n    padding-bottom: 4px;\n    padding-right: 4px;\n    padding-left: 12px;\n    display: flex;\n    align-items: center;\n    font-size: 14px;\n    color: #204F3D;\n    transition: background-color 0.3s ease-in-out;\n}\n.slider-button-animal:hover {\n     background-color: #8FD34B;\n     color: #204F3D;\n}\n\n.slider-icon-animal {\n    display: flex;\n    align-items: center;\n}\n\n.slider-icon-animal img {\n    width: 20px;\n    height: 20px;\n    margin-left: 8px;\n}\n\n<\/style>\t\t\t\t<\/div>\n\t\t\t\t<\/div>\n\t\t\t\t<\/div>\n\t\t<div class=\"elementor-element elementor-element-5fb37cba e-con-full bw-hover e-flex e-con e-child\" data-id=\"5fb37cba\" data-element_type=\"container\" id=\"bw-hover\" data-settings=\"{&quot;background_background&quot;:&quot;classic&quot;,&quot;jet_parallax_layout_list&quot;:[]}\">\n\t\t\t\t<div class=\"elementor-element elementor-element-27015d5b elementor-widget elementor-widget-html\" data-id=\"27015d5b\" data-element_type=\"widget\" data-widget_type=\"html.default\">\n\t\t\t\t<div class=\"elementor-widget-container\">\n\t\t\t\t\t<a href=\"https:\/\/bio-vita.co.rs\/sr\/soybean\/\">\n    \n<button class=\"slider-button-animal\">\n    <span class=\"slider-icon-animal\">\n        Soja\n    <img decoding=\"async\" src=\"https:\/\/bio-vita.co.rs\/wp-content\/uploads\/2024\/10\/icon-click.svg\" alt=\"Icon 2\">\n    <\/span>\n<\/button>\n\n<\/a>\n\n<style>\n    .slider-button-animal {\n    font-family: Outfit;\n    position: relative;\n    font-weight: 500;\n    background-color: white;\n    border: none;\n    border-radius: 30px;\n    padding-top: 4px;\n    padding-bottom: 4px;\n    padding-right: 4px;\n    padding-left: 12px;\n    display: flex;\n    align-items: center;\n    font-size: 14px;\n    color: #204F3D;\n    transition: background-color 0.3s ease-in-out;\n}\n.slider-button-animal:hover {\n     background-color: #8FD34B;\n     color: #204F3D;\n}\n\n.slider-icon-animal {\n    display: flex;\n    align-items: center;\n}\n\n.slider-icon-animal img {\n    width: 20px;\n    height: 20px;\n    margin-left: 8px;\n}\n\n<\/style>\t\t\t\t<\/div>\n\t\t\t\t<\/div>\n\t\t\t\t<\/div>\n\t\t\t\t<\/div>\n\t\t<div class=\"elementor-element elementor-element-66d1baa1 e-con-full fade-on-scroll e-flex e-con e-child\" data-id=\"66d1baa1\" data-element_type=\"container\" id=\"fade-on-scroll\" data-settings=\"{&quot;jet_parallax_layout_list&quot;:[]}\">\n\t\t\t\t<div class=\"elementor-element elementor-element-285a98da elementor-widget__width-initial elementor-widget-mobile__width-inherit elementor-widget elementor-widget-text-editor\" data-id=\"285a98da\" data-element_type=\"widget\" data-widget_type=\"text-editor.default\">\n\t\t\t\t<div class=\"elementor-widget-container\">\n\t\t\t\t\t\t\t\t\t<p>U sredi\u0161tu na\u0161eg rada je nepokolebljiva posve\u0107enost stvaranju pozitivnog uticaja na \u017eivotinje i ljude koji brinu o njima.<\/p>\t\t\t\t\t\t\t\t<\/div>\n\t\t\t\t<\/div>\n\t\t\t\t<div class=\"elementor-element elementor-element-6584d98e elementor-widget elementor-widget-html\" data-id=\"6584d98e\" data-element_type=\"widget\" data-widget_type=\"html.default\">\n\t\t\t\t<div class=\"elementor-widget-container\">\n\t\t\t\t\t<a href=\"https:\/\/bio-vita.co.rs\/sr\/contact-us\/\" class=\"contact-button\">\n    Kontaktirajte nas! <img decoding=\"async\" src=\"https:\/\/bio-vita.co.rs\/wp-content\/uploads\/2024\/10\/arrow-icon.svg\" alt=\"Icon\" class=\"button-icon\">\n<\/a>\n<style>\n    .contact-button {\n        font-family: Outfit;\n        background-color: #8FD34B;\n        color: #204F3D;\n        align-items: center;\n        padding-top: 4px;\n        padding-right: 4px;\n        padding-bottom: 4px;\n        padding-left: 12px;\n        display: flex;\n        border-radius: 32px;\n        font-weight: 500;\n        font-size: 14px;\n        transition: background-color 0.5s ease;\n        text-decoration: none !important;\n        \n    }\n    \n    .contact-button img.button-icon {\n        height: 24px;\n        width: auto;\n        margin-left: 8px;\n        \n    }\n    .contact-button:hover {\n        background-color: #C9EBA8;\n        color: #204F3D;\n    }\n    \n   \n<\/style>\t\t\t\t<\/div>\n\t\t\t\t<\/div>\n\t\t\t\t<\/div>\n\t\t\t\t\t<\/div>\n\t\t\t\t<\/div>\n\t\t\t\t<\/div>","protected":false},"excerpt":{"rendered":"<p>Agricultural commodities Throughout the year, Bio-Vita provides top-quality market-grade wheat, soy, and corn. Using advanced technologies for purification, storage, and transportation, we ensure that our raw materials meet the highest standards, with minimal impurities or contaminants. With a team of skilled professionals dedicated to delivering efficient and dependable service, you can rely on us to [&hellip;]<\/p>","protected":false},"author":1,"featured_media":0,"parent":0,"menu_order":0,"comment_status":"closed","ping_status":"closed","template":"","meta":{"footnotes":""},"class_list":["post-1828","page","type-page","status-publish","hentry"],"_links":{"self":[{"href":"https:\/\/bio-vita.co.rs\/sr\/wp-json\/wp\/v2\/pages\/1828","targetHints":{"allow":["GET"]}}],"collection":[{"href":"https:\/\/bio-vita.co.rs\/sr\/wp-json\/wp\/v2\/pages"}],"about":[{"href":"https:\/\/bio-vita.co.rs\/sr\/wp-json\/wp\/v2\/types\/page"}],"author":[{"embeddable":true,"href":"https:\/\/bio-vita.co.rs\/sr\/wp-json\/wp\/v2\/users\/1"}],"replies":[{"embeddable":true,"href":"https:\/\/bio-vita.co.rs\/sr\/wp-json\/wp\/v2\/comments?post=1828"}],"version-history":[{"count":49,"href":"https:\/\/bio-vita.co.rs\/sr\/wp-json\/wp\/v2\/pages\/1828\/revisions"}],"predecessor-version":[{"id":4145,"href":"https:\/\/bio-vita.co.rs\/sr\/wp-json\/wp\/v2\/pages\/1828\/revisions\/4145"}],"wp:attachment":[{"href":"https:\/\/bio-vita.co.rs\/sr\/wp-json\/wp\/v2\/media?parent=1828"}],"curies":[{"name":"wp","href":"https:\/\/api.w.org\/{rel}","templated":true}]}}