{"id":1822,"date":"2024-12-09T14:18:34","date_gmt":"2024-12-09T14:18:34","guid":{"rendered":"https:\/\/bio-vita.co.rs\/?page_id=1822"},"modified":"2025-01-21T19:38:53","modified_gmt":"2025-01-21T19:38:53","slug":"fish","status":"publish","type":"page","link":"https:\/\/bio-vita.co.rs\/sr\/fish\/","title":{"rendered":"Ribe"},"content":{"rendered":"<div data-elementor-type=\"wp-page\" data-elementor-id=\"1822\" class=\"elementor elementor-1822\">\n\t\t\t\t<div class=\"elementor-element elementor-element-1b9d0cbb e-flex e-con-boxed e-con e-parent\" data-id=\"1b9d0cbb\" data-element_type=\"container\" data-settings=\"{&quot;jet_parallax_layout_list&quot;:[]}\">\n\t\t\t\t\t<div class=\"e-con-inner\">\n\t\t\t\t<div class=\"elementor-element elementor-element-7cf073d0 elementor-widget elementor-widget-image\" data-id=\"7cf073d0\" data-element_type=\"widget\" data-widget_type=\"image.default\">\n\t\t\t\t<div class=\"elementor-widget-container\">\n\t\t\t\t\t\t\t\t\t\t\t\t\t\t\t<img decoding=\"async\" width=\"169\" height=\"244\" src=\"https:\/\/bio-vita.co.rs\/wp-content\/uploads\/2024\/12\/icon-menu-6ha.png\" class=\"attachment-full size-full wp-image-971\" alt=\"\" \/>\t\t\t\t\t\t\t\t\t\t\t\t\t\t\t<\/div>\n\t\t\t\t<\/div>\n\t\t\t\t<div class=\"elementor-element elementor-element-7418d07a elementor-widget__width-initial elementor-widget elementor-widget-heading\" data-id=\"7418d07a\" data-element_type=\"widget\" data-widget_type=\"heading.default\">\n\t\t\t\t<div class=\"elementor-widget-container\">\n\t\t\t\t\t<h2 class=\"elementor-heading-title elementor-size-default\">Ribe<\/h2>\t\t\t\t<\/div>\n\t\t\t\t<\/div>\n\t\t\t\t<div class=\"elementor-element elementor-element-4c559d8a elementor-widget__width-initial text-onload elementor-widget elementor-widget-text-editor\" data-id=\"4c559d8a\" data-element_type=\"widget\" id=\"text-onload\" data-widget_type=\"text-editor.default\">\n\t\t\t\t<div class=\"elementor-widget-container\">\n\t\t\t\t\t\t\t\t\t<p class=\"translation-block\">Pa\u017eljivo razvijena uz primenu savremenih tehnologija i prirodnih sastojaka vrhunskog kvaliteta, na\u0161a hrana za ribu obezbe\u0111uje optimalnu ishranu prilago\u0111enu svim fazama rasta. Bogata esencijalnim nutrijentima, vitaminima i proteinima, podr\u017eava zdrav razvoj, ja\u010da imunitet i doprinosi vitalnosti riba. Na\u0161 specijalizovani asortiman hrane za \u0161arana osmi\u0161ljen je da odr\u017ei njihovo zdravlje i dobrobit tokom celog \u017eivotnog ciklusa.<\/p>\t\t\t\t\t\t\t\t<\/div>\n\t\t\t\t<\/div>\n\t\t<div class=\"elementor-element elementor-element-73fc4cb0 e-con-full e-flex e-con e-child\" data-id=\"73fc4cb0\" data-element_type=\"container\" data-settings=\"{&quot;jet_parallax_layout_list&quot;:[]}\">\n\t\t<div class=\"elementor-element elementor-element-61faa9b e-con-full bw-hover e-flex e-con e-child\" data-id=\"61faa9b\" data-element_type=\"container\" id=\"bw-hover\" data-settings=\"{&quot;background_background&quot;:&quot;classic&quot;,&quot;jet_parallax_layout_list&quot;:[]}\">\n\t\t\t\t<div class=\"elementor-element elementor-element-639cdcb8 elementor-widget elementor-widget-html\" data-id=\"639cdcb8\" data-element_type=\"widget\" data-widget_type=\"html.default\">\n\t\t\t\t<div class=\"elementor-widget-container\">\n\t\t\t\t\t<a href=\"https:\/\/bio-vita.co.rs\/sr\/carp\/\">\n    \n<button class=\"slider-button-animal\">\n    <span class=\"slider-icon-animal\">\n        \u0160aran\n    <img decoding=\"async\" src=\"https:\/\/bio-vita.co.rs\/wp-content\/uploads\/2024\/10\/icon-click.svg\" alt=\"Icon 2\">\n    <\/span>\n<\/button>\n\n<\/a>\n\n<style>\n    .slider-button-animal {\n    font-family: Outfit;\n    position: relative;\n    font-weight: 500;\n    background-color: white;\n    border: none;\n    border-radius: 30px;\n    padding-top: 4px;\n    padding-bottom: 4px;\n    padding-right: 4px;\n    padding-left: 12px;\n    display: flex;\n    align-items: center;\n    font-size: 14px;\n    color: #204F3D;\n    transition: background-color 0.3s ease-in-out;\n}\n.slider-button-animal:hover {\n     background-color: #8FD34B;\n     color: #204F3D;\n}\n\n.slider-icon-animal {\n    display: flex;\n    align-items: center;\n}\n\n.slider-icon-animal img {\n    width: 20px;\n    height: 20px;\n    margin-left: 8px;\n}\n\n<\/style>\t\t\t\t<\/div>\n\t\t\t\t<\/div>\n\t\t\t\t<\/div>\n\t\t\t\t<\/div>\n\t\t<div class=\"elementor-element elementor-element-6d42222b e-con-full fade-on-scroll e-flex e-con e-child\" data-id=\"6d42222b\" data-element_type=\"container\" id=\"fade-on-scroll\" data-settings=\"{&quot;jet_parallax_layout_list&quot;:[]}\">\n\t\t\t\t<div class=\"elementor-element elementor-element-44313a6b elementor-widget__width-initial elementor-widget-mobile__width-inherit elementor-widget elementor-widget-text-editor\" data-id=\"44313a6b\" data-element_type=\"widget\" data-widget_type=\"text-editor.default\">\n\t\t\t\t<div class=\"elementor-widget-container\">\n\t\t\t\t\t\t\t\t\t<p>U sredi\u0161tu na\u0161eg rada je nepokolebljiva posve\u0107enost stvaranju pozitivnog uticaja na \u017eivotinje i ljude koji brinu o njima.<\/p>\t\t\t\t\t\t\t\t<\/div>\n\t\t\t\t<\/div>\n\t\t\t\t<div class=\"elementor-element elementor-element-1d75e51e elementor-widget elementor-widget-html\" data-id=\"1d75e51e\" data-element_type=\"widget\" data-widget_type=\"html.default\">\n\t\t\t\t<div class=\"elementor-widget-container\">\n\t\t\t\t\t<a href=\"https:\/\/bio-vita.co.rs\/sr\/contact-us\/\" class=\"contact-button\">\n    Kontaktirajte nas! <img decoding=\"async\" src=\"https:\/\/bio-vita.co.rs\/wp-content\/uploads\/2024\/10\/arrow-icon.svg\" alt=\"Icon\" class=\"button-icon\">\n<\/a>\n<style>\n    .contact-button {\n        font-family: Outfit;\n        background-color: #8FD34B;\n        color: #204F3D;\n        align-items: center;\n        padding-top: 4px;\n        padding-right: 4px;\n        padding-bottom: 4px;\n        padding-left: 12px;\n        display: flex;\n        border-radius: 32px;\n        font-weight: 500;\n        font-size: 14px;\n        transition: background-color 0.5s ease;\n        text-decoration: none !important;\n        \n    }\n    \n    .contact-button img.button-icon {\n        height: 24px;\n        width: auto;\n        margin-left: 8px;\n        \n    }\n    .contact-button:hover {\n        background-color: #C9EBA8;\n        color: #204F3D;\n    }\n    \n   \n<\/style>\t\t\t\t<\/div>\n\t\t\t\t<\/div>\n\t\t\t\t<\/div>\n\t\t\t\t\t<\/div>\n\t\t\t\t<\/div>\n\t\t\t\t<\/div>","protected":false},"excerpt":{"rendered":"<p>Fish Developed with precision and care, our fish feed is formulated using cutting-edge technology and high-quality natural ingredients. Rich in essential nutrients, vitamins, and proteins, it supports healthy growth, enhances immunity, and promotes optimal development in fish. Our portfolio of carp feed is designed to support the health and vitality of your aquaticstock at every [&hellip;]<\/p>","protected":false},"author":1,"featured_media":0,"parent":0,"menu_order":0,"comment_status":"closed","ping_status":"closed","template":"","meta":{"footnotes":""},"class_list":["post-1822","page","type-page","status-publish","hentry"],"_links":{"self":[{"href":"https:\/\/bio-vita.co.rs\/sr\/wp-json\/wp\/v2\/pages\/1822","targetHints":{"allow":["GET"]}}],"collection":[{"href":"https:\/\/bio-vita.co.rs\/sr\/wp-json\/wp\/v2\/pages"}],"about":[{"href":"https:\/\/bio-vita.co.rs\/sr\/wp-json\/wp\/v2\/types\/page"}],"author":[{"embeddable":true,"href":"https:\/\/bio-vita.co.rs\/sr\/wp-json\/wp\/v2\/users\/1"}],"replies":[{"embeddable":true,"href":"https:\/\/bio-vita.co.rs\/sr\/wp-json\/wp\/v2\/comments?post=1822"}],"version-history":[{"count":16,"href":"https:\/\/bio-vita.co.rs\/sr\/wp-json\/wp\/v2\/pages\/1822\/revisions"}],"predecessor-version":[{"id":3869,"href":"https:\/\/bio-vita.co.rs\/sr\/wp-json\/wp\/v2\/pages\/1822\/revisions\/3869"}],"wp:attachment":[{"href":"https:\/\/bio-vita.co.rs\/sr\/wp-json\/wp\/v2\/media?parent=1822"}],"curies":[{"name":"wp","href":"https:\/\/api.w.org\/{rel}","templated":true}]}}