{"id":1810,"date":"2024-12-09T13:47:52","date_gmt":"2024-12-09T13:47:52","guid":{"rendered":"https:\/\/bio-vita.co.rs\/?page_id=1810"},"modified":"2024-12-29T22:06:49","modified_gmt":"2024-12-29T22:06:49","slug":"goat","status":"publish","type":"page","link":"https:\/\/bio-vita.co.rs\/sr\/goat\/","title":{"rendered":"Koze"},"content":{"rendered":"<div data-elementor-type=\"wp-page\" data-elementor-id=\"1810\" class=\"elementor elementor-1810\">\n\t\t\t\t<div class=\"elementor-element elementor-element-13e0fa6b e-flex e-con-boxed e-con e-parent\" data-id=\"13e0fa6b\" data-element_type=\"container\" data-settings=\"{&quot;jet_parallax_layout_list&quot;:[]}\">\n\t\t\t\t\t<div class=\"e-con-inner\">\n\t\t\t\t<div class=\"elementor-element elementor-element-4ca31099 elementor-widget elementor-widget-image\" data-id=\"4ca31099\" data-element_type=\"widget\" data-widget_type=\"image.default\">\n\t\t\t\t<div class=\"elementor-widget-container\">\n\t\t\t\t\t\t\t\t\t\t\t\t\t\t\t<img decoding=\"async\" width=\"200\" height=\"244\" src=\"https:\/\/bio-vita.co.rs\/wp-content\/uploads\/2024\/12\/icon-menu-5ha.png\" class=\"attachment-full size-full wp-image-970\" alt=\"\" \/>\t\t\t\t\t\t\t\t\t\t\t\t\t\t\t<\/div>\n\t\t\t\t<\/div>\n\t\t\t\t<div class=\"elementor-element elementor-element-4bf35dd9 elementor-widget__width-initial elementor-widget elementor-widget-heading\" data-id=\"4bf35dd9\" data-element_type=\"widget\" data-widget_type=\"heading.default\">\n\t\t\t\t<div class=\"elementor-widget-container\">\n\t\t\t\t\t<h2 class=\"elementor-heading-title elementor-size-default\">Koze<\/h2>\t\t\t\t<\/div>\n\t\t\t\t<\/div>\n\t\t\t\t<div class=\"elementor-element elementor-element-e07d8c7 elementor-widget__width-initial elementor-widget-mobile__width-inherit text-onload elementor-widget elementor-widget-text-editor\" data-id=\"e07d8c7\" data-element_type=\"widget\" id=\"text-onload\" data-widget_type=\"text-editor.default\">\n\t\t\t\t<div class=\"elementor-widget-container\">\n\t\t\t\t\t\t\t\t\t<p>Kao deo Bio-Vita programa, ova hrana za mle\u010dne koze razvijena je uz primenu napredne proizvodne tehnologije i prirodnih sastojaka. Formulisana je tako da obezbedi klju\u010dne nutrijente neophodne za brz rast i odr\u017eavanje odli\u010dnog zdravlja va\u0161ih \u017eivotinja.<\/p>\t\t\t\t\t\t\t\t<\/div>\n\t\t\t\t<\/div>\n\t\t<div class=\"elementor-element elementor-element-43848198 e-con-full e-flex e-con e-child\" data-id=\"43848198\" data-element_type=\"container\" data-settings=\"{&quot;jet_parallax_layout_list&quot;:[]}\">\n\t\t<div class=\"elementor-element elementor-element-762525f2 e-con-full bw-hover e-flex e-con e-child\" data-id=\"762525f2\" data-element_type=\"container\" id=\"bw-hover\" data-settings=\"{&quot;background_background&quot;:&quot;classic&quot;,&quot;jet_parallax_layout_list&quot;:[]}\">\n\t\t\t\t<div class=\"elementor-element elementor-element-28cca8c6 elementor-widget elementor-widget-html\" data-id=\"28cca8c6\" data-element_type=\"widget\" data-widget_type=\"html.default\">\n\t\t\t\t<div class=\"elementor-widget-container\">\n\t\t\t\t\t<a href=\"https:\/\/bio-vita.co.rs\/sr\/goat-product\/\">\n    \n<button class=\"slider-button-animal\">\n    <span class=\"slider-icon-animal\">\n        Koze\n    <img decoding=\"async\" src=\"https:\/\/bio-vita.co.rs\/wp-content\/uploads\/2024\/10\/icon-click.svg\" alt=\"Icon 2\">\n    <\/span>\n<\/button>\n\n<\/a>\n\n<style>\n    .slider-button-animal {\n    font-family: Outfit;\n    position: relative;\n    font-weight: 500;\n    background-color: white;\n    border: none;\n    border-radius: 30px;\n    padding-top: 4px;\n    padding-bottom: 4px;\n    padding-right: 4px;\n    padding-left: 12px;\n    display: flex;\n    align-items: center;\n    font-size: 14px;\n    color: #204F3D;\n    transition: background-color 0.3s ease-in-out;\n}\n.slider-button-animal:hover {\n     background-color: #8FD34B;\n     color: #204F3D;\n}\n\n.slider-icon-animal {\n    display: flex;\n    align-items: center;\n}\n\n.slider-icon-animal img {\n    width: 20px;\n    height: 20px;\n    margin-left: 8px;\n}\n\n<\/style>\t\t\t\t<\/div>\n\t\t\t\t<\/div>\n\t\t\t\t<\/div>\n\t\t\t\t<\/div>\n\t\t<div class=\"elementor-element elementor-element-29e62113 e-con-full fade-on-scroll e-flex e-con e-child\" data-id=\"29e62113\" data-element_type=\"container\" id=\"fade-on-scroll\" data-settings=\"{&quot;jet_parallax_layout_list&quot;:[]}\">\n\t\t\t\t<div class=\"elementor-element elementor-element-230decc8 elementor-widget__width-initial elementor-widget-mobile__width-inherit elementor-widget elementor-widget-text-editor\" data-id=\"230decc8\" data-element_type=\"widget\" data-widget_type=\"text-editor.default\">\n\t\t\t\t<div class=\"elementor-widget-container\">\n\t\t\t\t\t\t\t\t\t<p>U sredi\u0161tu na\u0161eg rada je nepokolebljiva posve\u0107enost stvaranju pozitivnog uticaja na \u017eivotinje i ljude koji brinu o njima.<\/p>\t\t\t\t\t\t\t\t<\/div>\n\t\t\t\t<\/div>\n\t\t\t\t<div class=\"elementor-element elementor-element-18c37973 elementor-widget elementor-widget-html\" data-id=\"18c37973\" data-element_type=\"widget\" data-widget_type=\"html.default\">\n\t\t\t\t<div class=\"elementor-widget-container\">\n\t\t\t\t\t<a href=\"https:\/\/bio-vita.co.rs\/sr\/contact-us\/\" class=\"contact-button\">\n    Kontaktirajte nas! <img decoding=\"async\" src=\"https:\/\/bio-vita.co.rs\/wp-content\/uploads\/2024\/10\/arrow-icon.svg\" alt=\"Icon\" class=\"button-icon\">\n<\/a>\n<style>\n    .contact-button {\n        font-family: Outfit;\n        background-color: #8FD34B;\n        color: #204F3D;\n        align-items: center;\n        padding-top: 4px;\n        padding-right: 4px;\n        padding-bottom: 4px;\n        padding-left: 12px;\n        display: flex;\n        border-radius: 32px;\n        font-weight: 500;\n        font-size: 14px;\n        transition: background-color 0.5s ease;\n        text-decoration: none !important;\n        \n    }\n    \n    .contact-button img.button-icon {\n        height: 24px;\n        width: auto;\n        margin-left: 8px;\n        \n    }\n    .contact-button:hover {\n        background-color: #C9EBA8;\n        color: #204F3D;\n    }\n    \n   \n<\/style>\t\t\t\t<\/div>\n\t\t\t\t<\/div>\n\t\t\t\t<\/div>\n\t\t\t\t\t<\/div>\n\t\t\t\t<\/div>\n\t\t\t\t<\/div>","protected":false},"excerpt":{"rendered":"<p>Goats Part of the Bio-Vita program, this feed for dairy goats is developed using advanced production technology and natural ingredients. It is designed to provide the essential nutrients required for rapid growth and to maintain excellent overall health in your animals. Goat At the heart of everything we do is our unwavering dedication to creating [&hellip;]<\/p>","protected":false},"author":1,"featured_media":0,"parent":0,"menu_order":0,"comment_status":"closed","ping_status":"closed","template":"","meta":{"footnotes":""},"class_list":["post-1810","page","type-page","status-publish","hentry"],"_links":{"self":[{"href":"https:\/\/bio-vita.co.rs\/sr\/wp-json\/wp\/v2\/pages\/1810","targetHints":{"allow":["GET"]}}],"collection":[{"href":"https:\/\/bio-vita.co.rs\/sr\/wp-json\/wp\/v2\/pages"}],"about":[{"href":"https:\/\/bio-vita.co.rs\/sr\/wp-json\/wp\/v2\/types\/page"}],"author":[{"embeddable":true,"href":"https:\/\/bio-vita.co.rs\/sr\/wp-json\/wp\/v2\/users\/1"}],"replies":[{"embeddable":true,"href":"https:\/\/bio-vita.co.rs\/sr\/wp-json\/wp\/v2\/comments?post=1810"}],"version-history":[{"count":26,"href":"https:\/\/bio-vita.co.rs\/sr\/wp-json\/wp\/v2\/pages\/1810\/revisions"}],"predecessor-version":[{"id":3807,"href":"https:\/\/bio-vita.co.rs\/sr\/wp-json\/wp\/v2\/pages\/1810\/revisions\/3807"}],"wp:attachment":[{"href":"https:\/\/bio-vita.co.rs\/sr\/wp-json\/wp\/v2\/media?parent=1810"}],"curies":[{"name":"wp","href":"https:\/\/api.w.org\/{rel}","templated":true}]}}