{"id":1792,"date":"2024-12-09T12:25:53","date_gmt":"2024-12-09T12:25:53","guid":{"rendered":"https:\/\/bio-vita.co.rs\/?page_id=1792"},"modified":"2024-12-29T21:38:29","modified_gmt":"2024-12-29T21:38:29","slug":"ruminants","status":"publish","type":"page","link":"https:\/\/bio-vita.co.rs\/sr\/ruminants\/","title":{"rendered":"Pre\u017eivari"},"content":{"rendered":"<div data-elementor-type=\"wp-page\" data-elementor-id=\"1792\" class=\"elementor elementor-1792\">\n\t\t\t\t<div class=\"elementor-element elementor-element-50725439 e-flex e-con-boxed e-con e-parent\" data-id=\"50725439\" data-element_type=\"container\" data-settings=\"{&quot;jet_parallax_layout_list&quot;:[]}\">\n\t\t\t\t\t<div class=\"e-con-inner\">\n\t\t\t\t<div class=\"elementor-element elementor-element-837d9c2 elementor-widget elementor-widget-image\" data-id=\"837d9c2\" data-element_type=\"widget\" data-widget_type=\"image.default\">\n\t\t\t\t<div class=\"elementor-widget-container\">\n\t\t\t\t\t\t\t\t\t\t\t\t\t\t\t<img fetchpriority=\"high\" decoding=\"async\" width=\"245\" height=\"244\" src=\"https:\/\/bio-vita.co.rs\/wp-content\/uploads\/2024\/12\/icon-menu-3ha.png\" class=\"attachment-full size-full wp-image-968\" alt=\"\" srcset=\"https:\/\/bio-vita.co.rs\/wp-content\/uploads\/2024\/12\/icon-menu-3ha.png 245w, https:\/\/bio-vita.co.rs\/wp-content\/uploads\/2024\/12\/icon-menu-3ha-150x150.png 150w\" sizes=\"(max-width: 245px) 100vw, 245px\" \/>\t\t\t\t\t\t\t\t\t\t\t\t\t\t\t<\/div>\n\t\t\t\t<\/div>\n\t\t\t\t<div class=\"elementor-element elementor-element-272e313f elementor-widget__width-initial elementor-widget elementor-widget-heading\" data-id=\"272e313f\" data-element_type=\"widget\" data-widget_type=\"heading.default\">\n\t\t\t\t<div class=\"elementor-widget-container\">\n\t\t\t\t\t<h2 class=\"elementor-heading-title elementor-size-default\">Pre\u017eivari<\/h2>\t\t\t\t<\/div>\n\t\t\t\t<\/div>\n\t\t\t\t<div class=\"elementor-element elementor-element-57eccab6 elementor-widget__width-initial text-onload elementor-widget elementor-widget-text-editor\" data-id=\"57eccab6\" data-element_type=\"widget\" id=\"text-onload\" data-widget_type=\"text-editor.default\">\n\t\t\t\t<div class=\"elementor-widget-container\">\n\t\t\t\t\t\t\t\t\t<p>Podr\u017eite zdravlje i produktivnost svojih pre\u017eivara uz na\u0161e pa\u017eljivo formulisane sme\u0161e. Prilago\u0111ene specifi\u010dnim nutritivnim potrebama pre\u017eivara u svakoj fazi \u017eivota, na\u0161e sme\u0161e obezbe\u0111uju uravnote\u017een spoj esencijalnih nutrijenata, minerala i proteina za optimalan rast, dobrobit i visok u\u010dinak.<\/p>\t\t\t\t\t\t\t\t<\/div>\n\t\t\t\t<\/div>\n\t\t<div class=\"elementor-element elementor-element-68ca5dc1 e-con-full e-flex e-con e-child\" data-id=\"68ca5dc1\" data-element_type=\"container\" data-settings=\"{&quot;jet_parallax_layout_list&quot;:[]}\">\n\t\t<div class=\"elementor-element elementor-element-283df70a e-con-full bw-hover e-flex e-con e-child\" data-id=\"283df70a\" data-element_type=\"container\" id=\"bw-hover\" data-settings=\"{&quot;background_background&quot;:&quot;classic&quot;,&quot;jet_parallax_layout_list&quot;:[]}\">\n\t\t\t\t<div class=\"elementor-element elementor-element-6671276c elementor-widget elementor-widget-html\" data-id=\"6671276c\" data-element_type=\"widget\" data-widget_type=\"html.default\">\n\t\t\t\t<div class=\"elementor-widget-container\">\n\t\t\t\t\t<a href=\"https:\/\/bio-vita.co.rs\/sr\/calves\/\">\n    \n<button class=\"slider-button-animal\">\n    <span class=\"slider-icon-animal\">\n        Telad\n    <img decoding=\"async\" src=\"https:\/\/bio-vita.co.rs\/wp-content\/uploads\/2024\/10\/icon-click.svg\" alt=\"Icon 2\">\n    <\/span>\n<\/button>\n\n<\/a>\n\n<style>\n    .slider-button-animal {\n    font-family: Outfit;\n    position: relative;\n    font-weight: 500;\n    background-color: white;\n    border: none;\n    border-radius: 30px;\n    padding-top: 4px;\n    padding-bottom: 4px;\n    padding-right: 4px;\n    padding-left: 12px;\n    display: flex;\n    align-items: center;\n    font-size: 14px;\n    color: #204F3D;\n    transition: background-color 0.3s ease-in-out;\n}\n.slider-button-animal:hover {\n     background-color: #8FD34B;\n     color: #204F3D;\n}\n\n.slider-icon-animal {\n    display: flex;\n    align-items: center;\n}\n\n.slider-icon-animal img {\n    width: 20px;\n    height: 20px;\n    margin-left: 8px;\n}\n\n<\/style>\t\t\t\t<\/div>\n\t\t\t\t<\/div>\n\t\t\t\t<\/div>\n\t\t<div class=\"elementor-element elementor-element-10908c8f e-con-full bw-hover e-flex e-con e-child\" data-id=\"10908c8f\" data-element_type=\"container\" id=\"bw-hover\" data-settings=\"{&quot;background_background&quot;:&quot;classic&quot;,&quot;jet_parallax_layout_list&quot;:[]}\">\n\t\t\t\t<div class=\"elementor-element elementor-element-28b1599 elementor-widget elementor-widget-html\" data-id=\"28b1599\" data-element_type=\"widget\" data-widget_type=\"html.default\">\n\t\t\t\t<div class=\"elementor-widget-container\">\n\t\t\t\t\t<a href=\"https:\/\/bio-vita.co.rs\/sr\/mavericks\/\">\n    \n<button class=\"slider-button-animal\">\n    <span class=\"slider-icon-animal\">\n        Junad\n    <img decoding=\"async\" src=\"https:\/\/bio-vita.co.rs\/wp-content\/uploads\/2024\/10\/icon-click.svg\" alt=\"Icon 2\">\n    <\/span>\n<\/button>\n\n<\/a>\n\n<style>\n    .slider-button-animal {\n    font-family: Outfit;\n    position: relative;\n    font-weight: 500;\n    background-color: white;\n    border: none;\n    border-radius: 30px;\n    padding-top: 4px;\n    padding-bottom: 4px;\n    padding-right: 4px;\n    padding-left: 12px;\n    display: flex;\n    align-items: center;\n    font-size: 14px;\n    color: #204F3D;\n    transition: background-color 0.3s ease-in-out;\n}\n.slider-button-animal:hover {\n     background-color: #8FD34B;\n     color: #204F3D;\n}\n\n.slider-icon-animal {\n    display: flex;\n    align-items: center;\n}\n\n.slider-icon-animal img {\n    width: 20px;\n    height: 20px;\n    margin-left: 8px;\n}\n\n<\/style>\t\t\t\t<\/div>\n\t\t\t\t<\/div>\n\t\t\t\t<\/div>\n\t\t<div class=\"elementor-element elementor-element-c7a277a e-con-full bw-hover e-flex e-con e-child\" data-id=\"c7a277a\" data-element_type=\"container\" id=\"bw-hover\" data-settings=\"{&quot;background_background&quot;:&quot;classic&quot;,&quot;jet_parallax_layout_list&quot;:[]}\">\n\t\t\t\t<div class=\"elementor-element elementor-element-3df9e672 elementor-widget elementor-widget-html\" data-id=\"3df9e672\" data-element_type=\"widget\" data-widget_type=\"html.default\">\n\t\t\t\t<div class=\"elementor-widget-container\">\n\t\t\t\t\t<a href=\"https:\/\/bio-vita.co.rs\/sr\/cows\/\">\n    \n<button class=\"slider-button-animal\">\n    <span class=\"slider-icon-animal\">\n        Krave\n    <img decoding=\"async\" src=\"https:\/\/bio-vita.co.rs\/wp-content\/uploads\/2024\/10\/icon-click.svg\" alt=\"Icon 2\">\n    <\/span>\n<\/button>\n\n<\/a>\n\n<style>\n    .slider-button-animal {\n    font-family: Outfit;\n    position: relative;\n    font-weight: 500;\n    background-color: white;\n    border: none;\n    border-radius: 30px;\n    padding-top: 4px;\n    padding-bottom: 4px;\n    padding-right: 4px;\n    padding-left: 12px;\n    display: flex;\n    align-items: center;\n    font-size: 14px;\n    color: #204F3D;\n    transition: background-color 0.3s ease-in-out;\n}\n.slider-button-animal:hover {\n     background-color: #8FD34B;\n     color: #204F3D;\n}\n\n.slider-icon-animal {\n    display: flex;\n    align-items: center;\n}\n\n.slider-icon-animal img {\n    width: 20px;\n    height: 20px;\n    margin-left: 8px;\n}\n\n<\/style>\t\t\t\t<\/div>\n\t\t\t\t<\/div>\n\t\t\t\t<\/div>\n\t\t\t\t<\/div>\n\t\t<div class=\"elementor-element elementor-element-50151d83 e-con-full fade-on-scroll e-flex e-con e-child\" data-id=\"50151d83\" data-element_type=\"container\" id=\"fade-on-scroll\" data-settings=\"{&quot;jet_parallax_layout_list&quot;:[]}\">\n\t\t\t\t<div class=\"elementor-element elementor-element-1dc43a74 elementor-widget__width-initial elementor-widget-mobile__width-inherit elementor-widget elementor-widget-text-editor\" data-id=\"1dc43a74\" data-element_type=\"widget\" data-widget_type=\"text-editor.default\">\n\t\t\t\t<div class=\"elementor-widget-container\">\n\t\t\t\t\t\t\t\t\t<p>U srcu svega \u0161to radimo nalazi se na\u0161a nepokolebljiva posve\u0107enost stvaranju<br \/>pozitivnog uticaja na \u017eivotinje i ljude koji brinu o njima.<\/p>\t\t\t\t\t\t\t\t<\/div>\n\t\t\t\t<\/div>\n\t\t\t\t<div class=\"elementor-element elementor-element-efbb6df elementor-widget elementor-widget-html\" data-id=\"efbb6df\" data-element_type=\"widget\" data-widget_type=\"html.default\">\n\t\t\t\t<div class=\"elementor-widget-container\">\n\t\t\t\t\t<a href=\"https:\/\/bio-vita.co.rs\/sr\/contact-us\/\" class=\"contact-button\">\n    Kontaktirajte nas! <img decoding=\"async\" src=\"https:\/\/bio-vita.co.rs\/wp-content\/uploads\/2024\/10\/arrow-icon.svg\" alt=\"Icon\" class=\"button-icon\">\n<\/a>\n<style>\n    .contact-button {\n        font-family: Outfit;\n        background-color: #8FD34B;\n        color: #204F3D;\n        align-items: center;\n        padding-top: 4px;\n        padding-right: 4px;\n        padding-bottom: 4px;\n        padding-left: 12px;\n        display: flex;\n        border-radius: 32px;\n        font-weight: 500;\n        font-size: 14px;\n        transition: background-color 0.5s ease;\n        text-decoration: none !important;\n        \n    }\n    \n    .contact-button img.button-icon {\n        height: 24px;\n        width: auto;\n        margin-left: 8px;\n        \n    }\n    .contact-button:hover {\n        background-color: #C9EBA8;\n        color: #204F3D;\n    }\n    \n   \n<\/style>\t\t\t\t<\/div>\n\t\t\t\t<\/div>\n\t\t\t\t<\/div>\n\t\t\t\t\t<\/div>\n\t\t\t\t<\/div>\n\t\t\t\t<\/div>","protected":false},"excerpt":{"rendered":"<p>Ruminants Support the health and productivity of your ruminants with our carefully formulated feed solutions. Designed to address the specific nutritional demands of ruminants at every stage of life, our feeds provide a balanced combination of essential nutrients, minerals, and proteins to ensure optimal growth, well-being, and performance. Calves Mavericks Cows At the core of [&hellip;]<\/p>","protected":false},"author":1,"featured_media":0,"parent":0,"menu_order":0,"comment_status":"closed","ping_status":"closed","template":"","meta":{"footnotes":""},"class_list":["post-1792","page","type-page","status-publish","hentry"],"_links":{"self":[{"href":"https:\/\/bio-vita.co.rs\/sr\/wp-json\/wp\/v2\/pages\/1792","targetHints":{"allow":["GET"]}}],"collection":[{"href":"https:\/\/bio-vita.co.rs\/sr\/wp-json\/wp\/v2\/pages"}],"about":[{"href":"https:\/\/bio-vita.co.rs\/sr\/wp-json\/wp\/v2\/types\/page"}],"author":[{"embeddable":true,"href":"https:\/\/bio-vita.co.rs\/sr\/wp-json\/wp\/v2\/users\/1"}],"replies":[{"embeddable":true,"href":"https:\/\/bio-vita.co.rs\/sr\/wp-json\/wp\/v2\/comments?post=1792"}],"version-history":[{"count":19,"href":"https:\/\/bio-vita.co.rs\/sr\/wp-json\/wp\/v2\/pages\/1792\/revisions"}],"predecessor-version":[{"id":3756,"href":"https:\/\/bio-vita.co.rs\/sr\/wp-json\/wp\/v2\/pages\/1792\/revisions\/3756"}],"wp:attachment":[{"href":"https:\/\/bio-vita.co.rs\/sr\/wp-json\/wp\/v2\/media?parent=1792"}],"curies":[{"name":"wp","href":"https:\/\/api.w.org\/{rel}","templated":true}]}}