{"id":1745,"date":"2024-12-09T08:06:40","date_gmt":"2024-12-09T08:06:40","guid":{"rendered":"https:\/\/bio-vita.co.rs\/?page_id=1745"},"modified":"2025-03-12T06:31:29","modified_gmt":"2025-03-12T06:31:29","slug":"explore-products","status":"publish","type":"page","link":"https:\/\/bio-vita.co.rs\/sr\/explore-products\/","title":{"rendered":"Istra\u017eite"},"content":{"rendered":"<div data-elementor-type=\"wp-page\" data-elementor-id=\"1745\" class=\"elementor elementor-1745\">\n\t\t\t\t<div class=\"elementor-element elementor-element-042615c e-flex e-con-boxed e-con e-parent\" data-id=\"042615c\" data-element_type=\"container\" data-settings=\"{&quot;jet_parallax_layout_list&quot;:[]}\">\n\t\t\t\t\t<div class=\"e-con-inner\">\n\t\t\t\t<div class=\"elementor-element elementor-element-1a0c25c elementor-widget__width-initial elementor-widget elementor-widget-heading\" data-id=\"1a0c25c\" data-element_type=\"widget\" data-widget_type=\"heading.default\">\n\t\t\t\t<div class=\"elementor-widget-container\">\n\t\t\t\t\t<h2 class=\"elementor-heading-title elementor-size-default\">Odaberite savr\u0161enu sto\u010dnu hranu ili merkantilnu robu prema va\u0161im potrebama.<\/h2>\t\t\t\t<\/div>\n\t\t\t\t<\/div>\n\t\t\t\t<div class=\"elementor-element elementor-element-a1947eb elementor-widget__width-initial elementor-widget elementor-widget-text-editor\" data-id=\"a1947eb\" data-element_type=\"widget\" data-widget_type=\"text-editor.default\">\n\t\t\t\t<div class=\"elementor-widget-container\">\n\t\t\t\t\t\t\t\t\t<p>Istra\u017eite na\u0161 asortiman vrhunske sto\u010dne hrane i visokokvalitetnih \u017eitarica i uljarica, uklju\u010duju\u0107i p\u0161enicu, kukuruz i soju.<\/p>\t\t\t\t\t\t\t\t<\/div>\n\t\t\t\t<\/div>\n\t\t<div class=\"elementor-element elementor-element-636d25e e-con-full e-flex e-con e-child\" data-id=\"636d25e\" data-element_type=\"container\" data-settings=\"{&quot;jet_parallax_layout_list&quot;:[]}\">\n\t\t<div class=\"elementor-element elementor-element-847a0ff e-con-full bw-hover e-flex e-con e-child\" data-id=\"847a0ff\" data-element_type=\"container\" id=\"bw-hover\" data-settings=\"{&quot;background_background&quot;:&quot;classic&quot;,&quot;jet_parallax_layout_list&quot;:[]}\">\n\t\t\t\t<div class=\"elementor-element elementor-element-12f8d66 elementor-widget elementor-widget-html\" data-id=\"12f8d66\" data-element_type=\"widget\" data-widget_type=\"html.default\">\n\t\t\t\t<div class=\"elementor-widget-container\">\n\t\t\t\t\t<a href=\"https:\/\/bio-vita.co.rs\/sr\/all-products\/\" class=\"product-box-link\">\r\n    <div class=\"product-box\">\r\n        <h3>Proizvodi za sto\u010dnu ishranu<\/h3>\r\n        <div class=\"image-container\">\r\n            <img decoding=\"async\" src=\"https:\/\/bio-vita.co.rs\/wp-content\/uploads\/2024\/12\/cow_123.png\" class=\"afp\" alt=\"Animal Feed\">\r\n            <img decoding=\"async\" src=\"https:\/\/bio-vita.co.rs\/wp-content\/uploads\/2024\/12\/cowgreen.png\" class=\"afp-hover\" alt=\"Animal Feed Hover\">\r\n        <\/div>\r\n    <\/div>\r\n<\/a>\r\n\r\n\r\n<style>\r\n   .product-box {\r\n    display: flex;\r\n    flex-direction: column;\r\n    align-items: center;\r\n    justify-content: flex-start;\r\n    font-family: 'Outfit', sans-serif;\r\n    padding: 24px;\r\n    border-radius: 16px;\r\n    overflow: hidden;\r\n    text-align: center;\r\n    transition: transform 0.5s ease, box-shadow 0.5s ease, border 0.5s ease, background-color 0.5s ease, color 0.5s ease;\r\n    font-size: 32px;\r\n    border: 1px solid #204F3D;\r\n    background-color: white;\r\n    height: 360px;\r\n}\r\n\r\n.product-box:hover {\r\n    background-color: #204F3D;\r\n    box-shadow: 0px 4px 16px rgba(32, 79, 61, 0.2);\r\n    border: 1px solid white;\r\n    color: white;\r\n    \r\n}\r\n\r\n.image-container {\r\n    position: relative;\r\n    width: 65%;\r\n    height: auto;\r\n}\r\n\r\n.image-container .afp {\r\n    position: absolute;\r\n    top: 0;\r\n    left: 0;\r\n    width: 100%;\r\n    height: auto;\r\n    opacity: 1;\r\n    transition: opacity 0.3s ease;\r\n}\r\n\r\n.image-container .afp-hover {\r\n    position: absolute;\r\n    top: 0;\r\n    left: 0;\r\n    width: 100%;\r\n    height: auto;\r\n    opacity: 0;\r\n    transition: opacity 0.3s ease;\r\n}\r\n\r\n.product-box:hover .afp {\r\n    opacity: 0;\r\n}\r\n\r\n.product-box:hover .afp-hover {\r\n    opacity: 1;\r\n}\r\n\r\n.product-box h3 {\r\n    margin-bottom: 32px;\r\n    padding: 10px;\r\n    transition: background-color 0.3s ease;\r\n}\r\n\r\n.product-box-link {\r\n    color: #204F3D;\r\n    text-decoration: none;\r\n}\r\n\r\n.product-box-link:hover,\r\n.product-box-link:focus {\r\n    color: #204F3D;\r\n}\r\n\r\n<\/style>\r\n\t\t\t\t<\/div>\n\t\t\t\t<\/div>\n\t\t\t\t<\/div>\n\t\t<div class=\"elementor-element elementor-element-e6d891f e-con-full bw-hover e-flex e-con e-child\" data-id=\"e6d891f\" data-element_type=\"container\" id=\"bw-hover\" data-settings=\"{&quot;background_background&quot;:&quot;classic&quot;,&quot;jet_parallax_layout_list&quot;:[]}\">\n\t\t\t\t<div class=\"elementor-element elementor-element-ea73ba5 elementor-widget elementor-widget-html\" data-id=\"ea73ba5\" data-element_type=\"widget\" data-widget_type=\"html.default\">\n\t\t\t\t<div class=\"elementor-widget-container\">\n\t\t\t\t\t<a href=\"https:\/\/bio-vita.co.rs\/sr\/mercantile-products\/\" class=\"product-box-link\">\r\n    <div class=\"product-box\">\r\n        <h3>\u017ditarice i uljarice<\/h3>\r\n        <div class=\"image-container\">\r\n            <img decoding=\"async\" src=\"https:\/\/bio-vita.co.rs\/wp-content\/uploads\/2024\/12\/wheat_2323.png\" class=\"merep\" alt=\"Mercantile Products\">\r\n            <img decoding=\"async\" src=\"https:\/\/bio-vita.co.rs\/wp-content\/uploads\/2024\/12\/wheatgreen.png\" class=\"merep-hover\" alt=\"Mercantile Products Hover\">\r\n        <\/div>\r\n    <\/div>\r\n<\/a>\r\n<style>\r\n  \r\n.image-container {\r\n    position: relative;\r\n    width: 65%;\r\n    height: auto;\r\n}\r\n\r\n.image-container .merep {\r\n    position: absolute;\r\n    top: 0;\r\n    left: 0;\r\n    width: 100%;\r\n    height: auto;\r\n    opacity: 1;\r\n    transition: opacity 0.3s ease;\r\n}\r\n\r\n.image-container .merep-hover {\r\n    position: absolute;\r\n    top: 0;\r\n    left: 0;\r\n    width: 100%;\r\n    height: auto;\r\n    opacity: 0;\r\n    transition: opacity 0.3s ease;\r\n}\r\n\r\n.product-box:hover .merep {\r\n    opacity: 0;\r\n}\r\n\r\n.product-box:hover .merep-hover {\r\n    opacity: 1;\r\n}\r\n\r\n.product-box h3 {\r\n    margin-bottom: 32px;\r\n    padding: 10px;\r\n    transition: background-color 0.3s ease;\r\n}\r\n\r\n.product-box-link {\r\n    color: #204F3D;\r\n    text-decoration: none;\r\n}\r\n\r\n.product-box-link:hover,\r\n.product-box-link:focus {\r\n    color: #204F3D;\r\n}\r\n\r\n\r\n\r\n\r\n@media (max-width: 768px) {\r\n    .product-box {\r\n        height: 200px;\r\n    }\r\n\r\n    .product-box h3 {\r\n        width: 80%;\r\n        text-align: center;\r\n        margin-top: 16px;\r\n        margin-bottom: 16px;\r\n        padding: 8px;\r\n        font-size: 18px;\r\n    }\r\n\r\n    .image-container {\r\n        \r\n        width: 40%;\r\n    }\r\n\r\n    .image-container .merep,\r\n    .image-container .merep-hover {\r\n        width: 100%;\r\n       \r\n    }\r\n    .product-box {\r\n        padding: 2px;\r\n        \r\n    }\r\n\r\n   \r\n}\r\n\r\n<\/style>\r\n\t\t\t\t<\/div>\n\t\t\t\t<\/div>\n\t\t\t\t<\/div>\n\t\t\t\t<\/div>\n\t\t\t\t\t<\/div>\n\t\t\t\t<\/div>\n\t\t\t\t<\/div>","protected":false},"excerpt":{"rendered":"<p>Choose the Perfect animal-ready feed or Crop for Your Needs Explore our range of premium animal-ready feed and high-quality agricultural commodities, including wheat, corn, and soybeans. Animal Feed Products Agricultural commodities<\/p>","protected":false},"author":1,"featured_media":0,"parent":0,"menu_order":0,"comment_status":"closed","ping_status":"closed","template":"","meta":{"footnotes":""},"class_list":["post-1745","page","type-page","status-publish","hentry"],"_links":{"self":[{"href":"https:\/\/bio-vita.co.rs\/sr\/wp-json\/wp\/v2\/pages\/1745","targetHints":{"allow":["GET"]}}],"collection":[{"href":"https:\/\/bio-vita.co.rs\/sr\/wp-json\/wp\/v2\/pages"}],"about":[{"href":"https:\/\/bio-vita.co.rs\/sr\/wp-json\/wp\/v2\/types\/page"}],"author":[{"embeddable":true,"href":"https:\/\/bio-vita.co.rs\/sr\/wp-json\/wp\/v2\/users\/1"}],"replies":[{"embeddable":true,"href":"https:\/\/bio-vita.co.rs\/sr\/wp-json\/wp\/v2\/comments?post=1745"}],"version-history":[{"count":148,"href":"https:\/\/bio-vita.co.rs\/sr\/wp-json\/wp\/v2\/pages\/1745\/revisions"}],"predecessor-version":[{"id":4148,"href":"https:\/\/bio-vita.co.rs\/sr\/wp-json\/wp\/v2\/pages\/1745\/revisions\/4148"}],"wp:attachment":[{"href":"https:\/\/bio-vita.co.rs\/sr\/wp-json\/wp\/v2\/media?parent=1745"}],"curies":[{"name":"wp","href":"https:\/\/api.w.org\/{rel}","templated":true}]}}