{"id":1465,"date":"2024-12-08T15:15:15","date_gmt":"2024-12-08T15:15:15","guid":{"rendered":"https:\/\/bio-vita.co.rs\/?page_id=1465"},"modified":"2025-03-05T22:29:26","modified_gmt":"2025-03-05T22:29:26","slug":"ducks-and-geese","status":"publish","type":"page","link":"https:\/\/bio-vita.co.rs\/sr\/ducks-and-geese\/","title":{"rendered":"Patke i guske"},"content":{"rendered":"<div data-elementor-type=\"wp-page\" data-elementor-id=\"1465\" class=\"elementor elementor-1465\">\n\t\t\t\t<div class=\"elementor-element elementor-element-30fd43f7 e-flex e-con-boxed e-con e-parent\" data-id=\"30fd43f7\" data-element_type=\"container\" data-settings=\"{&quot;jet_parallax_layout_list&quot;:[]}\">\n\t\t\t\t\t<div class=\"e-con-inner\">\n\t\t\t\t<div class=\"elementor-element elementor-element-1df62bfb elementor-widget elementor-widget-html\" data-id=\"1df62bfb\" data-element_type=\"widget\" data-widget_type=\"html.default\">\n\t\t\t\t<div class=\"elementor-widget-container\">\n\t\t\t\t\t<div class=\"scrollable-boxes\">\r\n    <a href=\"https:\/\/bio-vita.co.rs\/sr\/poultry\/\" class=\"box\">\r\n        <div class=\"icon\">\r\n            <img decoding=\"async\" src=\"https:\/\/bio-vita.co.rs\/wp-content\/uploads\/2024\/12\/Group-42.png\" alt=\"Icon 1\">\r\n        <\/div>\r\n        <h4 class=\"box-header\">\u017divina<\/h4>\r\n    <\/a>\r\n    <a href=\"https:\/\/bio-vita.co.rs\/sr\/pig\/\" class=\"box\">\r\n        <div class=\"icon\">\r\n            <img decoding=\"async\" src=\"https:\/\/bio-vita.co.rs\/wp-content\/uploads\/2024\/12\/Group-43.png\" alt=\"Icon 2\">\r\n        <\/div>\r\n        <h4 class=\"box-header\">Svinje<\/h4>\r\n    <\/a>\r\n    <a href=\"https:\/\/bio-vita.co.rs\/sr\/ruminants\/\" class=\"box\">\r\n        <div class=\"icon\">\r\n            <img decoding=\"async\" src=\"https:\/\/bio-vita.co.rs\/wp-content\/uploads\/2024\/12\/Group-44.png\" alt=\"Icon 3\">\r\n        <\/div>\r\n        <h4 class=\"box-header\">Pre\u017eivari<\/h4>\r\n    <\/a>\r\n    <a href=\"https:\/\/bio-vita.co.rs\/sr\/sheep\/\" class=\"box\">\r\n        <div class=\"icon\">\r\n            <img decoding=\"async\" src=\"https:\/\/bio-vita.co.rs\/wp-content\/uploads\/2024\/12\/Group-45.png\" alt=\"Icon 4\">\r\n        <\/div>\r\n        <h4 class=\"box-header\">Ovce<\/h4>\r\n    <\/a>\r\n    <a href=\"https:\/\/bio-vita.co.rs\/sr\/goat\/\" class=\"box\">\r\n        <div class=\"icon\">\r\n            <img decoding=\"async\" src=\"https:\/\/bio-vita.co.rs\/wp-content\/uploads\/2024\/12\/Group-46.png\" alt=\"Icon 5\">\r\n        <\/div>\r\n        <h4 class=\"box-header\">Koze<\/h4>\r\n    <\/a>\r\n    <a href=\"https:\/\/bio-vita.co.rs\/sr\/fish\/\" class=\"box\">\r\n        <div class=\"icon\">\r\n            <img decoding=\"async\" src=\"https:\/\/bio-vita.co.rs\/wp-content\/uploads\/2024\/12\/Group-47.png\" alt=\"Icon 6\">\r\n        <\/div>\r\n        <h4 class=\"box-header\">Ribe<\/h4>\r\n    <\/a>\r\n<\/div>\r\n\r\n\t\t\t\t<\/div>\n\t\t\t\t<\/div>\n\t\t\t\t\t<\/div>\n\t\t\t\t<\/div>\n\t\t<div class=\"elementor-element elementor-element-5f1ef188 e-flex e-con-boxed e-con e-parent\" data-id=\"5f1ef188\" data-element_type=\"container\" data-settings=\"{&quot;jet_parallax_layout_list&quot;:[]}\">\n\t\t\t\t\t<div class=\"e-con-inner\">\n\t\t<div class=\"elementor-element elementor-element-7f60dfab e-con-full e-flex e-con e-child\" data-id=\"7f60dfab\" data-element_type=\"container\" data-settings=\"{&quot;jet_parallax_layout_list&quot;:[]}\">\n\t\t<div class=\"elementor-element elementor-element-fa01795 e-con-full elementor-hidden-mobile e-flex e-con e-child\" data-id=\"fa01795\" data-element_type=\"container\" data-settings=\"{&quot;background_background&quot;:&quot;classic&quot;,&quot;jet_parallax_layout_list&quot;:[]}\">\n\t\t\t\t<div class=\"elementor-element elementor-element-63f47c2f elementor-widget elementor-widget-html\" data-id=\"63f47c2f\" data-element_type=\"widget\" data-widget_type=\"html.default\">\n\t\t\t\t<div class=\"elementor-widget-container\">\n\t\t\t\t\t<a href=\"https:\/\/bio-vita.co.rs\/sr\/poultry\/\" class=\"category-button\">\n    <img decoding=\"async\" class=\"back-arrow\" src=\"https:\/\/bio-vita.co.rs\/wp-content\/uploads\/2024\/12\/arrow-left.svg\" alt=\"Arrow\" >\n   \n    \u017divina\n<\/a>\n<style>\n    .category-button {\n        display: flex;\n        align-content: center;\n        flex-direction: row;\n        justify-content: center;\n    font-family: Outfit;\n    background-color: #E3FFC8; \n    color: #204F3D; \n    font-size: 14px; \n    padding: 4px 16px 4px 12px;\n    border-radius: 50px; \n    font-weight: 400; \n    text-align: center; \n   \n}\n    img.back-arrow {\n        width: 18px !important;\n        margin-right: 6px;\n    }\n\n<\/style>\t\t\t\t<\/div>\n\t\t\t\t<\/div>\n\t\t\t\t<\/div>\n\t\t<div class=\"elementor-element elementor-element-47d9be71 e-con-full e-flex e-con e-child\" data-id=\"47d9be71\" data-element_type=\"container\" data-settings=\"{&quot;jet_parallax_layout_list&quot;:[],&quot;background_background&quot;:&quot;classic&quot;}\">\n\t\t\t\t<div class=\"elementor-element elementor-element-57dc1f16 elementor-widget__width-initial elementor-widget elementor-widget-heading\" data-id=\"57dc1f16\" data-element_type=\"widget\" data-widget_type=\"heading.default\">\n\t\t\t\t<div class=\"elementor-widget-container\">\n\t\t\t\t\t<h2 class=\"elementor-heading-title elementor-size-default\">Patke i Guske<\/h2>\t\t\t\t<\/div>\n\t\t\t\t<\/div>\n\t\t\t\t<div class=\"elementor-element elementor-element-2eff08ec elementor-widget__width-initial elementor-widget elementor-widget-text-editor\" data-id=\"2eff08ec\" data-element_type=\"widget\" data-widget_type=\"text-editor.default\">\n\t\t\t\t<div class=\"elementor-widget-container\">\n\t\t\t\t\t\t\t\t\t<p>Pru\u017eanje optimalne ishrane patkama i guskama zahteva hranu koja podr\u017eava njihove jedinstvene potrebe i podsti\u010de zdrav rast, snagu i vitalnost. Na\u0161a specijalno formulisana hrana prilago\u0111ena je i patkama i guskama, obezbe\u0111uju\u0107i esencijalne nutrijente koji su im potrebni za napredovanje u svakom okru\u017eenju. Bilo da ih uzgajate zbog mesa, jaja ili kao deo rekreativnog ili poljoprivrednog hobija, na\u0161a hrana osigurava da dostignu svoj puni potencijal.<\/p><p>Bogata visokokvalitetnim proteinima, vitaminima i mineralima, na\u0161a formula podr\u017eava sna\u017ean rast, jak imunitet i sjajno perje. Sa uravnote\u017eenim nivoima energije i optimalnom svarljivo\u0161\u0107u, na\u0161a hrana poma\u017ee patkama i guskama da odr\u017ee svoje zdravlje, dok maksimizuju produktivnost. Od po\u010detnih faza rasta do potpune zrelosti, na\u0161a hrana je formulisana da zadovolji njihove nutritivne zahteve i obezbedi ukupnu dobrobit.<\/p>\t\t\t\t\t\t\t\t<\/div>\n\t\t\t\t<\/div>\n\t\t\t\t<\/div>\n\t\t<div class=\"elementor-element elementor-element-10d66f8a e-con-full e-flex e-con e-child\" data-id=\"10d66f8a\" data-element_type=\"container\" data-settings=\"{&quot;background_background&quot;:&quot;classic&quot;,&quot;jet_parallax_layout_list&quot;:[]}\">\n\t\t\t\t<\/div>\n\t\t\t\t<\/div>\n\t\t<div class=\"elementor-element elementor-element-195a19b2 e-con-full e-flex e-con e-child\" data-id=\"195a19b2\" data-element_type=\"container\" data-settings=\"{&quot;jet_parallax_layout_list&quot;:[]}\">\n\t\t\t\t<div class=\"elementor-element elementor-element-1663880e elementor-widget__width-initial elementor-widget-divider--view-line elementor-widget elementor-widget-divider\" data-id=\"1663880e\" data-element_type=\"widget\" data-widget_type=\"divider.default\">\n\t\t\t\t<div class=\"elementor-widget-container\">\n\t\t\t\t\t\t\t<div class=\"elementor-divider\">\n\t\t\t<span class=\"elementor-divider-separator\">\n\t\t\t\t\t\t<\/span>\n\t\t<\/div>\n\t\t\t\t\t\t<\/div>\n\t\t\t\t<\/div>\n\t\t\t\t<div class=\"elementor-element elementor-element-310cb29e elementor-widget elementor-widget-heading\" data-id=\"310cb29e\" data-element_type=\"widget\" data-widget_type=\"heading.default\">\n\t\t\t\t<div class=\"elementor-widget-container\">\n\t\t\t\t\t<h2 class=\"elementor-heading-title elementor-size-default\">Proizvodi<\/h2>\t\t\t\t<\/div>\n\t\t\t\t<\/div>\n\t\t\t\t<div class=\"elementor-element elementor-element-2313a6c4 elementor-widget-divider--view-line elementor-widget elementor-widget-divider\" data-id=\"2313a6c4\" data-element_type=\"widget\" data-widget_type=\"divider.default\">\n\t\t\t\t<div class=\"elementor-widget-container\">\n\t\t\t\t\t\t\t<div class=\"elementor-divider\">\n\t\t\t<span class=\"elementor-divider-separator\">\n\t\t\t\t\t\t<\/span>\n\t\t<\/div>\n\t\t\t\t\t\t<\/div>\n\t\t\t\t<\/div>\n\t\t\t\t<\/div>\n\t\t\t\t\t<\/div>\n\t\t\t\t<\/div>\n\t\t<div class=\"elementor-element elementor-element-482480f8 e-flex e-con-boxed e-con e-parent\" data-id=\"482480f8\" data-element_type=\"container\" data-settings=\"{&quot;jet_parallax_layout_list&quot;:[]}\">\n\t\t\t\t\t<div class=\"e-con-inner\">\n\t\t\t\t<div class=\"elementor-element elementor-element-3bfc9fb9 elementor-widget elementor-widget-jet-listing-grid\" data-id=\"3bfc9fb9\" data-element_type=\"widget\" data-settings=\"{&quot;columns&quot;:&quot;4&quot;,&quot;columns_laptop&quot;:&quot;3&quot;,&quot;columns_tablet&quot;:&quot;2&quot;,&quot;columns_mobile&quot;:&quot;1&quot;}\" data-widget_type=\"jet-listing-grid.default\">\n\t\t\t\t<div class=\"elementor-widget-container\">\n\t\t\t\t\t<div class=\"jet-listing-grid jet-listing\"><div class=\"jet-listing-grid__items grid-col-desk-4 grid-col-tablet-2 grid-col-mobile-1 jet-listing-grid--3942 jet-equal-columns__wrapper grid-collapse-gap\" data-queried-id=\"1465|WP_Post\" data-nav=\"{&quot;enabled&quot;:false,&quot;type&quot;:null,&quot;more_el&quot;:null,&quot;query&quot;:[],&quot;widget_settings&quot;:{&quot;lisitng_id&quot;:3942,&quot;posts_num&quot;:6,&quot;columns&quot;:4,&quot;columns_tablet&quot;:2,&quot;columns_mobile&quot;:1,&quot;is_archive_template&quot;:&quot;&quot;,&quot;post_status&quot;:[&quot;publish&quot;],&quot;use_random_posts_num&quot;:&quot;&quot;,&quot;max_posts_num&quot;:9,&quot;not_found_message&quot;:&quot;No data was found&quot;,&quot;is_masonry&quot;:false,&quot;equal_columns_height&quot;:&quot;yes&quot;,&quot;use_load_more&quot;:&quot;&quot;,&quot;load_more_id&quot;:&quot;&quot;,&quot;load_more_type&quot;:&quot;click&quot;,&quot;load_more_offset&quot;:{&quot;unit&quot;:&quot;px&quot;,&quot;size&quot;:0,&quot;sizes&quot;:[]},&quot;use_custom_post_types&quot;:&quot;&quot;,&quot;custom_post_types&quot;:[],&quot;hide_widget_if&quot;:&quot;&quot;,&quot;carousel_enabled&quot;:&quot;&quot;,&quot;slides_to_scroll&quot;:&quot;1&quot;,&quot;arrows&quot;:&quot;true&quot;,&quot;arrow_icon&quot;:&quot;fa fa-angle-left&quot;,&quot;dots&quot;:&quot;&quot;,&quot;autoplay&quot;:&quot;true&quot;,&quot;pause_on_hover&quot;:&quot;true&quot;,&quot;autoplay_speed&quot;:5000,&quot;infinite&quot;:&quot;true&quot;,&quot;center_mode&quot;:&quot;&quot;,&quot;effect&quot;:&quot;slide&quot;,&quot;speed&quot;:500,&quot;inject_alternative_items&quot;:&quot;&quot;,&quot;injection_items&quot;:[],&quot;scroll_slider_enabled&quot;:&quot;&quot;,&quot;scroll_slider_on&quot;:[&quot;desktop&quot;,&quot;tablet&quot;,&quot;mobile&quot;],&quot;custom_query&quot;:false,&quot;custom_query_id&quot;:&quot;&quot;,&quot;_element_id&quot;:&quot;&quot;}}\" data-page=\"1\" data-pages=\"1\" data-listing-source=\"posts\" data-listing-id=\"3942\" data-query-id=\"\"><div class=\"jet-listing-grid__item jet-listing-dynamic-post-3713 jet-equal-columns\" data-post-id=\"3713\" ><div class=\"jet-engine-listing-overlay-wrap\" data-url=\"https:\/\/bio-vita.co.rs\/sr\/food\/pg-16-5\/\">\t\t<div data-elementor-type=\"jet-listing-items\" data-elementor-id=\"3942\" class=\"elementor elementor-3942\">\n\t\t\t\t<div class=\"elementor-element elementor-element-75973b8c e-con-full e-flex e-con e-child\" data-id=\"75973b8c\" data-element_type=\"container\" data-settings=\"{&quot;background_background&quot;:&quot;classic&quot;,&quot;jet_parallax_layout_list&quot;:[]}\">\n\t\t<div class=\"elementor-element elementor-element-6f711fa3 e-con-full e-flex e-con e-child\" data-id=\"6f711fa3\" data-element_type=\"container\" data-settings=\"{&quot;jet_parallax_layout_list&quot;:[]}\">\n\t\t\t\t<div class=\"elementor-element elementor-element-7cb3dd0d elementor-widget elementor-widget-image\" data-id=\"7cb3dd0d\" data-element_type=\"widget\" data-widget_type=\"image.default\">\n\t\t\t\t<div class=\"elementor-widget-container\">\n\t\t\t\t\t\t\t\t\t\t\t\t\t\t\t<img decoding=\"async\" width=\"111\" height=\"127\" src=\"https:\/\/bio-vita.co.rs\/wp-content\/uploads\/2024\/12\/\u0431\u0430\u0433.svg\" class=\"attachment-large size-large wp-image-1498\" alt=\"\" \/>\t\t\t\t\t\t\t\t\t\t\t\t\t\t\t<\/div>\n\t\t\t\t<\/div>\n\t\t\t\t<div class=\"elementor-element elementor-element-43c4624 elementor-widget elementor-widget-jet-listing-dynamic-field\" data-id=\"43c4624\" data-element_type=\"widget\" data-widget_type=\"jet-listing-dynamic-field.default\">\n\t\t\t\t<div class=\"elementor-widget-container\">\n\t\t\t\t\t<div class=\"jet-listing jet-listing-dynamic-field display-inline\"><div class=\"jet-listing-dynamic-field__inline-wrap\"><div class=\"jet-listing-dynamic-field__content\">PG-16,5<\/div><\/div><\/div>\t\t\t\t<\/div>\n\t\t\t\t<\/div>\n\t\t\t\t<\/div>\n\t\t\t\t<div class=\"elementor-element elementor-element-6402ba14 elementor-widget-divider--view-line elementor-widget elementor-widget-divider\" data-id=\"6402ba14\" data-element_type=\"widget\" data-widget_type=\"divider.default\">\n\t\t\t\t<div class=\"elementor-widget-container\">\n\t\t\t\t\t\t\t<div class=\"elementor-divider\">\n\t\t\t<span class=\"elementor-divider-separator\">\n\t\t\t\t\t\t<\/span>\n\t\t<\/div>\n\t\t\t\t\t\t<\/div>\n\t\t\t\t<\/div>\n\t\t<div class=\"elementor-element elementor-element-103cc3a1 e-con-full jedv-enabled--yes e-flex e-con e-child\" data-id=\"103cc3a1\" data-element_type=\"container\" data-settings=\"{&quot;jet_parallax_layout_list&quot;:[]}\">\n\t\t\t\t<div class=\"elementor-element elementor-element-1555107c elementor-widget elementor-widget-heading\" data-id=\"1555107c\" data-element_type=\"widget\" data-widget_type=\"heading.default\">\n\t\t\t\t<div class=\"elementor-widget-container\">\n\t\t\t\t\t<h2 class=\"elementor-heading-title elementor-size-default\">Formulacija:<\/h2>\t\t\t\t<\/div>\n\t\t\t\t<\/div>\n\t\t\t\t<div class=\"elementor-element elementor-element-97b430c elementor-widget elementor-widget-jet-listing-dynamic-field\" data-id=\"97b430c\" data-element_type=\"widget\" data-widget_type=\"jet-listing-dynamic-field.default\">\n\t\t\t\t<div class=\"elementor-widget-container\">\n\t\t\t\t\t<div class=\"jet-listing jet-listing-dynamic-field display-inline\"><div class=\"jet-listing-dynamic-field__inline-wrap\"><div class=\"jet-listing-dynamic-field__content\">Peletirano<\/div><\/div><\/div>\t\t\t\t<\/div>\n\t\t\t\t<\/div>\n\t\t\t\t<\/div>\n\t\t<div class=\"elementor-element elementor-element-5ba2748b e-con-full jedv-enabled--yes e-flex e-con e-child\" data-id=\"5ba2748b\" data-element_type=\"container\" data-settings=\"{&quot;jet_parallax_layout_list&quot;:[]}\">\n\t\t\t\t<div class=\"elementor-element elementor-element-47ac8e60 elementor-widget elementor-widget-heading\" data-id=\"47ac8e60\" data-element_type=\"widget\" data-widget_type=\"heading.default\">\n\t\t\t\t<div class=\"elementor-widget-container\">\n\t\t\t\t\t<h2 class=\"elementor-heading-title elementor-size-default\">Tip:<\/h2>\t\t\t\t<\/div>\n\t\t\t\t<\/div>\n\t\t\t\t<div class=\"elementor-element elementor-element-1640e5b elementor-widget elementor-widget-jet-listing-dynamic-field\" data-id=\"1640e5b\" data-element_type=\"widget\" data-widget_type=\"jet-listing-dynamic-field.default\">\n\t\t\t\t<div class=\"elementor-widget-container\">\n\t\t\t\t\t<div class=\"jet-listing jet-listing-dynamic-field display-inline\"><div class=\"jet-listing-dynamic-field__inline-wrap\"><div class=\"jet-listing-dynamic-field__content\">Potpuna sme\u0161a<\/div><\/div><\/div>\t\t\t\t<\/div>\n\t\t\t\t<\/div>\n\t\t\t\t<\/div>\n\t\t\t\t<div class=\"elementor-element elementor-element-3ec37d85 jedv-enabled--yes elementor-widget-divider--view-line elementor-widget elementor-widget-divider\" data-id=\"3ec37d85\" data-element_type=\"widget\" data-widget_type=\"divider.default\">\n\t\t\t\t<div class=\"elementor-widget-container\">\n\t\t\t\t\t\t\t<div class=\"elementor-divider\">\n\t\t\t<span class=\"elementor-divider-separator\">\n\t\t\t\t\t\t<\/span>\n\t\t<\/div>\n\t\t\t\t\t\t<\/div>\n\t\t\t\t<\/div>\n\t\t\t\t<div class=\"elementor-element elementor-element-a14566f elementor-widget elementor-widget-jet-listing-dynamic-field\" data-id=\"a14566f\" data-element_type=\"widget\" data-widget_type=\"jet-listing-dynamic-field.default\">\n\t\t\t\t<div class=\"elementor-widget-container\">\n\t\t\t\t\t<div class=\"jet-listing jet-listing-dynamic-field display-inline\"><div class=\"jet-listing-dynamic-field__inline-wrap\"><div class=\"jet-listing-dynamic-field__content\"><p><span style=\"font-weight: 400\">PG-16,5 je visokokvalitetna biljna hrana pa\u017eljivo formulisana za pobolj\u0161anje nosivosti kod patki i gusaka. Zahvaljuju\u0107i bogatom sadr\u017eaju proteina, esencijalnih vitamina i minerala, obezbe\u0111uje optimalnu ishranu nosiljama, podr\u017eavaju\u0107i doslednu proizvodnju jaja i o\u010duvanje reproduktivnog zdravlja.\nNjena uravnote\u017eena formulacija ja\u010da imuni sistem, pobolj\u0161ava kvalitet perja i podsti\u010de sna\u017ean rast, dok istovremeno pove\u0107ava prinos i kvalitet jaja.<\/span><\/p>\n<\/div><\/div><\/div>\t\t\t\t<\/div>\n\t\t\t\t<\/div>\n\t\t\t\t<\/div>\n\t\t\t\t<\/div>\n\t\t<a href=\"https:\/\/bio-vita.co.rs\/sr\/food\/pg-16-5\/\" class=\"jet-engine-listing-overlay-link\"><\/a><\/div><\/div><\/div><\/div>\t\t\t\t<\/div>\n\t\t\t\t<\/div>\n\t\t\t\t\t<\/div>\n\t\t\t\t<\/div>\n\t\t\t\t<\/div>","protected":false},"excerpt":{"rendered":"<p>Poultry Pigs Ruminants Sheep Goats Fish Poultry Ducks &amp; Geese Providing optimal care for ducks and geese requires nutrition that supports their unique needs and promotes healthy growth, strength, and vitality. Our specially formulated feed is designed to cater to both ducks and geese, delivering the essential nutrients they need to thrive in any environment. [&hellip;]<\/p>","protected":false},"author":1,"featured_media":0,"parent":0,"menu_order":0,"comment_status":"closed","ping_status":"closed","template":"","meta":{"footnotes":""},"class_list":["post-1465","page","type-page","status-publish","hentry"],"_links":{"self":[{"href":"https:\/\/bio-vita.co.rs\/sr\/wp-json\/wp\/v2\/pages\/1465","targetHints":{"allow":["GET"]}}],"collection":[{"href":"https:\/\/bio-vita.co.rs\/sr\/wp-json\/wp\/v2\/pages"}],"about":[{"href":"https:\/\/bio-vita.co.rs\/sr\/wp-json\/wp\/v2\/types\/page"}],"author":[{"embeddable":true,"href":"https:\/\/bio-vita.co.rs\/sr\/wp-json\/wp\/v2\/users\/1"}],"replies":[{"embeddable":true,"href":"https:\/\/bio-vita.co.rs\/sr\/wp-json\/wp\/v2\/comments?post=1465"}],"version-history":[{"count":34,"href":"https:\/\/bio-vita.co.rs\/sr\/wp-json\/wp\/v2\/pages\/1465\/revisions"}],"predecessor-version":[{"id":3985,"href":"https:\/\/bio-vita.co.rs\/sr\/wp-json\/wp\/v2\/pages\/1465\/revisions\/3985"}],"wp:attachment":[{"href":"https:\/\/bio-vita.co.rs\/sr\/wp-json\/wp\/v2\/media?parent=1465"}],"curies":[{"name":"wp","href":"https:\/\/api.w.org\/{rel}","templated":true}]}}