{"id":1121,"date":"2024-12-08T05:44:07","date_gmt":"2024-12-08T05:44:07","guid":{"rendered":"https:\/\/bio-vita.co.rs\/?page_id=1121"},"modified":"2024-12-29T21:21:08","modified_gmt":"2024-12-29T21:21:08","slug":"poultry","status":"publish","type":"page","link":"https:\/\/bio-vita.co.rs\/sr\/poultry\/","title":{"rendered":"\u017divina"},"content":{"rendered":"<div data-elementor-type=\"wp-page\" data-elementor-id=\"1121\" class=\"elementor elementor-1121\">\n\t\t\t\t<div class=\"elementor-element elementor-element-653fdca e-flex e-con-boxed e-con e-parent\" data-id=\"653fdca\" data-element_type=\"container\" data-settings=\"{&quot;jet_parallax_layout_list&quot;:[]}\">\n\t\t\t\t\t<div class=\"e-con-inner\">\n\t\t\t\t<div class=\"elementor-element elementor-element-8d62af4 elementor-widget elementor-widget-image\" data-id=\"8d62af4\" data-element_type=\"widget\" data-widget_type=\"image.default\">\n\t\t\t\t<div class=\"elementor-widget-container\">\n\t\t\t\t\t\t\t\t\t\t\t\t\t\t\t<img decoding=\"async\" width=\"153\" height=\"244\" src=\"https:\/\/bio-vita.co.rs\/wp-content\/uploads\/2024\/12\/icon-menu-1ha.png\" class=\"attachment-full size-full wp-image-966\" alt=\"\" \/>\t\t\t\t\t\t\t\t\t\t\t\t\t\t\t<\/div>\n\t\t\t\t<\/div>\n\t\t\t\t<div class=\"elementor-element elementor-element-4ea5793 elementor-widget__width-initial elementor-widget elementor-widget-heading\" data-id=\"4ea5793\" data-element_type=\"widget\" data-widget_type=\"heading.default\">\n\t\t\t\t<div class=\"elementor-widget-container\">\n\t\t\t\t\t<h2 class=\"elementor-heading-title elementor-size-default\"><strong>\u017d<\/strong>ivina<\/h2>\t\t\t\t<\/div>\n\t\t\t\t<\/div>\n\t\t\t\t<div class=\"elementor-element elementor-element-34d82b2 elementor-widget__width-initial text-onload elementor-widget elementor-widget-text-editor\" data-id=\"34d82b2\" data-element_type=\"widget\" id=\"text-onload\" data-widget_type=\"text-editor.default\">\n\t\t\t\t<div class=\"elementor-widget-container\">\n\t\t\t\t\t\t\t\t\t<p>Obezbedite optimalan rast i zdravlje svoje \u017eivine uz na\u0161 specijalizovani asortiman proizvoda. Pa\u017eljivo formulisani, na\u0161i proizvodi sadr\u017ee lako svarljive nutrijente, esencijalne vitamine, minerale i aminokiseline, prilago\u0111ene specifi\u010dnim potrebama va\u0161eg jata. Bilo da uzgajate brojlere, nosilje ili priplodnu \u017eivinu, na\u0161e re\u0161enja pobolj\u0161avaju performanse, pove\u0107avaju prinos i optimizuju profitabilnost.<\/p>\t\t\t\t\t\t\t\t<\/div>\n\t\t\t\t<\/div>\n\t\t<div class=\"elementor-element elementor-element-b6e0b10 e-con-full e-flex e-con e-child\" data-id=\"b6e0b10\" data-element_type=\"container\" data-settings=\"{&quot;jet_parallax_layout_list&quot;:[]}\">\n\t\t<div class=\"elementor-element elementor-element-5410f25 e-con-full bw-hover e-flex e-con e-child\" data-id=\"5410f25\" data-element_type=\"container\" id=\"bw-hover\" data-settings=\"{&quot;background_background&quot;:&quot;classic&quot;,&quot;jet_parallax_layout_list&quot;:[]}\">\n\t\t\t\t<div class=\"elementor-element elementor-element-f5cad64 elementor-widget elementor-widget-html\" data-id=\"f5cad64\" data-element_type=\"widget\" data-widget_type=\"html.default\">\n\t\t\t\t<div class=\"elementor-widget-container\">\n\t\t\t\t\t<a href=\"https:\/\/bio-vita.co.rs\/sr\/broilers\/\">\n    \n<button class=\"slider-button-animal\">\n    <span class=\"slider-icon-animal\">\n        Brojleri\n    <img decoding=\"async\" src=\"https:\/\/bio-vita.co.rs\/wp-content\/uploads\/2024\/10\/icon-click.svg\" alt=\"Icon 2\">\n    <\/span>\n<\/button>\n\n<\/a>\n\n<style>\n    .slider-button-animal {\n    font-family: Outfit;\n    position: relative;\n    font-weight: 500;\n    background-color: white;\n    border: none;\n    border-radius: 30px;\n    padding-top: 4px;\n    padding-bottom: 4px;\n    padding-right: 4px;\n    padding-left: 12px;\n    display: flex;\n    align-items: center;\n    font-size: 14px;\n    color: #204F3D;\n    transition: background-color 0.3s ease-in-out;\n}\n.slider-button-animal:hover {\n     background-color: #8FD34B;\n     color: #204F3D;\n}\n\n.slider-icon-animal {\n    display: flex;\n    align-items: center;\n}\n\n.slider-icon-animal img {\n    width: 20px;\n    height: 20px;\n    margin-left: 8px;\n}\n\n<\/style>\t\t\t\t<\/div>\n\t\t\t\t<\/div>\n\t\t\t\t<\/div>\n\t\t<div class=\"elementor-element elementor-element-76cc357 e-con-full bw-hover e-flex e-con e-child\" data-id=\"76cc357\" data-element_type=\"container\" id=\"bw-hover\" data-settings=\"{&quot;background_background&quot;:&quot;classic&quot;,&quot;jet_parallax_layout_list&quot;:[]}\">\n\t\t\t\t<div class=\"elementor-element elementor-element-043aa07 elementor-widget elementor-widget-html\" data-id=\"043aa07\" data-element_type=\"widget\" data-widget_type=\"html.default\">\n\t\t\t\t<div class=\"elementor-widget-container\">\n\t\t\t\t\t<a href=\"https:\/\/bio-vita.co.rs\/sr\/domestic-chicken\/\">\n    \n<button class=\"slider-button-animal\">\n    <span class=\"slider-icon-animal\">\n        Doma\u0107a \u017eivina\n    <img decoding=\"async\" src=\"https:\/\/bio-vita.co.rs\/wp-content\/uploads\/2024\/10\/icon-click.svg\" alt=\"Icon 2\">\n    <\/span>\n<\/button>\n\n<\/a>\n\n<style>\n    .slider-button-animal {\n    font-family: Outfit;\n    position: relative;\n    font-weight: 500;\n    background-color: white;\n    border: none;\n    border-radius: 30px;\n    padding-top: 4px;\n    padding-bottom: 4px;\n    padding-right: 4px;\n    padding-left: 12px;\n    display: flex;\n    align-items: center;\n    font-size: 14px;\n    color: #204F3D;\n    transition: background-color 0.3s ease-in-out;\n}\n.slider-button-animal:hover {\n     background-color: #8FD34B;\n     color: #204F3D;\n}\n\n.slider-icon-animal {\n    display: flex;\n    align-items: center;\n}\n\n.slider-icon-animal img {\n    width: 20px;\n    height: 20px;\n    margin-left: 8px;\n}\n\n<\/style>\t\t\t\t<\/div>\n\t\t\t\t<\/div>\n\t\t\t\t<\/div>\n\t\t<div class=\"elementor-element elementor-element-458152c e-con-full bw-hover e-flex e-con e-child\" data-id=\"458152c\" data-element_type=\"container\" id=\"bw-hover\" data-settings=\"{&quot;background_background&quot;:&quot;classic&quot;,&quot;jet_parallax_layout_list&quot;:[]}\">\n\t\t\t\t<div class=\"elementor-element elementor-element-1025e91 elementor-widget elementor-widget-html\" data-id=\"1025e91\" data-element_type=\"widget\" data-widget_type=\"html.default\">\n\t\t\t\t<div class=\"elementor-widget-container\">\n\t\t\t\t\t<a href=\"https:\/\/bio-vita.co.rs\/sr\/laying-hens\/\">\n    \n<button class=\"slider-button-animal\">\n    <span class=\"slider-icon-animal\">\n        Koke nosilje\n    <img decoding=\"async\" src=\"https:\/\/bio-vita.co.rs\/wp-content\/uploads\/2024\/10\/icon-click.svg\" alt=\"Icon 2\">\n    <\/span>\n<\/button>\n\n<\/a>\n\n<style>\n    .slider-button-animal {\n    font-family: Outfit;\n    position: relative;\n    font-weight: 500;\n    background-color: white;\n    border: none;\n    border-radius: 30px;\n    padding-top: 4px;\n    padding-bottom: 4px;\n    padding-right: 4px;\n    padding-left: 12px;\n    display: flex;\n    align-items: center;\n    font-size: 14px;\n    color: #204F3D;\n    transition: background-color 0.3s ease-in-out;\n}\n.slider-button-animal:hover {\n     background-color: #8FD34B;\n     color: #204F3D;\n}\n\n.slider-icon-animal {\n    display: flex;\n    align-items: center;\n}\n\n.slider-icon-animal img {\n    width: 20px;\n    height: 20px;\n    margin-left: 8px;\n}\n\n<\/style>\t\t\t\t<\/div>\n\t\t\t\t<\/div>\n\t\t\t\t<\/div>\n\t\t<div class=\"elementor-element elementor-element-c752512 e-con-full bw-hover e-flex e-con e-child\" data-id=\"c752512\" data-element_type=\"container\" id=\"bw-hover\" data-settings=\"{&quot;background_background&quot;:&quot;classic&quot;,&quot;jet_parallax_layout_list&quot;:[]}\">\n\t\t\t\t<div class=\"elementor-element elementor-element-a57534d elementor-widget elementor-widget-html\" data-id=\"a57534d\" data-element_type=\"widget\" data-widget_type=\"html.default\">\n\t\t\t\t<div class=\"elementor-widget-container\">\n\t\t\t\t\t<a href=\"https:\/\/bio-vita.co.rs\/sr\/turkey\/\">\n    \n<button class=\"slider-button-animal\">\n    <span class=\"slider-icon-animal\">\n        \u0106urke\n    <img decoding=\"async\" src=\"https:\/\/bio-vita.co.rs\/wp-content\/uploads\/2024\/10\/icon-click.svg\" alt=\"Icon 2\">\n    <\/span>\n<\/button>\n\n<\/a>\n\n<style>\n    .slider-button-animal {\n    font-family: Outfit;\n    position: relative;\n    font-weight: 500;\n    background-color: white;\n    border: none;\n    border-radius: 30px;\n    padding-top: 4px;\n    padding-bottom: 4px;\n    padding-right: 4px;\n    padding-left: 12px;\n    display: flex;\n    align-items: center;\n    font-size: 14px;\n    color: #204F3D;\n    transition: background-color 0.3s ease-in-out;\n}\n.slider-button-animal:hover {\n     background-color: #8FD34B;\n     color: #204F3D;\n}\n\n.slider-icon-animal {\n    display: flex;\n    align-items: center;\n}\n\n.slider-icon-animal img {\n    width: 20px;\n    height: 20px;\n    margin-left: 8px;\n}\n\n<\/style>\t\t\t\t<\/div>\n\t\t\t\t<\/div>\n\t\t\t\t<\/div>\n\t\t<div class=\"elementor-element elementor-element-49cb027 e-con-full bw-hover e-flex e-con e-child\" data-id=\"49cb027\" data-element_type=\"container\" id=\"bw-hover\" data-settings=\"{&quot;background_background&quot;:&quot;classic&quot;,&quot;jet_parallax_layout_list&quot;:[]}\">\n\t\t\t\t<div class=\"elementor-element elementor-element-1ca6581 elementor-widget elementor-widget-html\" data-id=\"1ca6581\" data-element_type=\"widget\" data-widget_type=\"html.default\">\n\t\t\t\t<div class=\"elementor-widget-container\">\n\t\t\t\t\t<a href=\"https:\/\/bio-vita.co.rs\/sr\/pheasants\/\">\n    \n<button class=\"slider-button-animal\">\n    <span class=\"slider-icon-animal\">\n        Fazani\n    <img decoding=\"async\" src=\"https:\/\/bio-vita.co.rs\/wp-content\/uploads\/2024\/10\/icon-click.svg\" alt=\"Icon 2\">\n    <\/span>\n<\/button>\n\n<\/a>\n\n<style>\n    .slider-button-animal {\n    font-family: Outfit;\n    position: relative;\n    font-weight: 500;\n    background-color: white;\n    border: none;\n    border-radius: 30px;\n    padding-top: 4px;\n    padding-bottom: 4px;\n    padding-right: 4px;\n    padding-left: 12px;\n    display: flex;\n    align-items: center;\n    font-size: 14px;\n    color: #204F3D;\n    transition: background-color 0.3s ease-in-out;\n}\n.slider-button-animal:hover {\n     background-color: #8FD34B;\n     color: #204F3D;\n}\n\n.slider-icon-animal {\n    display: flex;\n    align-items: center;\n}\n\n.slider-icon-animal img {\n    width: 20px;\n    height: 20px;\n    margin-left: 8px;\n}\n\n<\/style>\t\t\t\t<\/div>\n\t\t\t\t<\/div>\n\t\t\t\t<\/div>\n\t\t<div class=\"elementor-element elementor-element-91f47e7 e-con-full bw-hover e-flex e-con e-child\" data-id=\"91f47e7\" data-element_type=\"container\" id=\"bw-hover\" data-settings=\"{&quot;background_background&quot;:&quot;classic&quot;,&quot;jet_parallax_layout_list&quot;:[]}\">\n\t\t\t\t<div class=\"elementor-element elementor-element-2ac78f6 elementor-widget elementor-widget-html\" data-id=\"2ac78f6\" data-element_type=\"widget\" data-widget_type=\"html.default\">\n\t\t\t\t<div class=\"elementor-widget-container\">\n\t\t\t\t\t<a href=\"https:\/\/bio-vita.co.rs\/sr\/ducks-and-geese\/\">\n    \n<button class=\"slider-button-animal\">\n    <span class=\"slider-icon-animal\">\n       Patke i Guske\n    <img decoding=\"async\" src=\"https:\/\/bio-vita.co.rs\/wp-content\/uploads\/2024\/10\/icon-click.svg\" alt=\"Icon 2\">\n    <\/span>\n<\/button>\n\n<\/a>\n\n<style>\n    .slider-button-animal {\n    font-family: Outfit;\n    position: relative;\n    font-weight: 500;\n    background-color: white;\n    border: none;\n    border-radius: 30px;\n    padding-top: 4px;\n    padding-bottom: 4px;\n    padding-right: 4px;\n    padding-left: 12px;\n    display: flex;\n    align-items: center;\n    font-size: 14px;\n    color: #204F3D;\n    transition: background-color 0.3s ease-in-out;\n}\n.slider-button-animal:hover {\n     background-color: #8FD34B;\n     color: #204F3D;\n}\n\n.slider-icon-animal {\n    display: flex;\n    align-items: center;\n}\n\n.slider-icon-animal img {\n    width: 20px;\n    height: 20px;\n    margin-left: 8px;\n}\n\n<\/style>\t\t\t\t<\/div>\n\t\t\t\t<\/div>\n\t\t\t\t<\/div>\n\t\t\t\t<\/div>\n\t\t<div class=\"elementor-element elementor-element-9443d57 e-con-full fade-on-scroll e-flex e-con e-child\" data-id=\"9443d57\" data-element_type=\"container\" id=\"fade-on-scroll\" data-settings=\"{&quot;jet_parallax_layout_list&quot;:[]}\">\n\t\t\t\t<div class=\"elementor-element elementor-element-425ac8f elementor-widget__width-initial elementor-widget-mobile__width-inherit elementor-widget elementor-widget-text-editor\" data-id=\"425ac8f\" data-element_type=\"widget\" data-widget_type=\"text-editor.default\">\n\t\t\t\t<div class=\"elementor-widget-container\">\n\t\t\t\t\t\t\t\t\t<p>U srcu svega \u0161to radimo nalazi se na\u0161a nepokolebljiva posve\u0107enost stvaranju<br \/>pozitivnog uticaja na \u017eivotinje i ljude koji brinu o njima.<\/p>\t\t\t\t\t\t\t\t<\/div>\n\t\t\t\t<\/div>\n\t\t\t\t<div class=\"elementor-element elementor-element-eea5853 elementor-widget elementor-widget-html\" data-id=\"eea5853\" data-element_type=\"widget\" data-widget_type=\"html.default\">\n\t\t\t\t<div class=\"elementor-widget-container\">\n\t\t\t\t\t<a href=\"https:\/\/bio-vita.co.rs\/sr\/contact-us\/\" class=\"contact-button\">\n    Kontaktirajte nas! <img decoding=\"async\" src=\"https:\/\/bio-vita.co.rs\/wp-content\/uploads\/2024\/10\/arrow-icon.svg\" alt=\"Icon\" class=\"button-icon\">\n<\/a>\n<style>\n    .contact-button {\n        font-family: Outfit;\n        background-color: #8FD34B;\n        color: #204F3D;\n        align-items: center;\n        padding-top: 4px;\n        padding-right: 4px;\n        padding-bottom: 4px;\n        padding-left: 12px;\n        display: flex;\n        border-radius: 32px;\n        font-weight: 500;\n        font-size: 14px;\n        transition: background-color 0.5s ease;\n        text-decoration: none !important;\n        \n    }\n    \n    .contact-button img.button-icon {\n        height: 24px;\n        width: auto;\n        margin-left: 8px;\n        \n    }\n    .contact-button:hover {\n        background-color: #C9EBA8;\n        color: #204F3D;\n    }\n    \n   \n<\/style>\t\t\t\t<\/div>\n\t\t\t\t<\/div>\n\t\t\t\t<\/div>\n\t\t\t\t\t<\/div>\n\t\t\t\t<\/div>\n\t\t\t\t<\/div>","protected":false},"excerpt":{"rendered":"<p>Poultry Ensure optimal growth and health for your poultry with our specialized range of products. Designed with precision, our formulations combine easily digestible nutrients, essential vitamins, minerals, and amino acids to meet the unique needs of your flock. Whether you&#8217;re managing broilers, layers, or breeders, our solutions promote better performance, higher yields, and improved profitability. [&hellip;]<\/p>","protected":false},"author":1,"featured_media":0,"parent":0,"menu_order":0,"comment_status":"closed","ping_status":"closed","template":"","meta":{"footnotes":""},"class_list":["post-1121","page","type-page","status-publish","hentry"],"_links":{"self":[{"href":"https:\/\/bio-vita.co.rs\/sr\/wp-json\/wp\/v2\/pages\/1121","targetHints":{"allow":["GET"]}}],"collection":[{"href":"https:\/\/bio-vita.co.rs\/sr\/wp-json\/wp\/v2\/pages"}],"about":[{"href":"https:\/\/bio-vita.co.rs\/sr\/wp-json\/wp\/v2\/types\/page"}],"author":[{"embeddable":true,"href":"https:\/\/bio-vita.co.rs\/sr\/wp-json\/wp\/v2\/users\/1"}],"replies":[{"embeddable":true,"href":"https:\/\/bio-vita.co.rs\/sr\/wp-json\/wp\/v2\/comments?post=1121"}],"version-history":[{"count":103,"href":"https:\/\/bio-vita.co.rs\/sr\/wp-json\/wp\/v2\/pages\/1121\/revisions"}],"predecessor-version":[{"id":3730,"href":"https:\/\/bio-vita.co.rs\/sr\/wp-json\/wp\/v2\/pages\/1121\/revisions\/3730"}],"wp:attachment":[{"href":"https:\/\/bio-vita.co.rs\/sr\/wp-json\/wp\/v2\/media?parent=1121"}],"curies":[{"name":"wp","href":"https:\/\/api.w.org\/{rel}","templated":true}]}}